{"id":6415,"date":"2021-09-01T12:51:50","date_gmt":"2021-09-01T12:51:50","guid":{"rendered":"https:\/\/woolskins.eu\/baby-slaapzak-lammy-beige"},"modified":"2026-05-06T12:33:35","modified_gmt":"2026-05-06T12:33:35","slug":"alwero-schlafsack-lammy-beige","status":"publish","type":"product","link":"https:\/\/woolskins.eu\/de\/alwero-slaapzak-lammy-beige\/","title":{"rendered":"Wollschlafsack f\u00fcr Babys \u2013 Thumbled | Beige"},"content":{"rendered":"<p>Der Halsumfang ist dank doppelter Druckkn\u00f6pfe verstellbar und er verf\u00fcgt \u00fcber einen langen Rei\u00dfverschluss, sodass sich der gesamte Schlafsack leicht \u00f6ffnen l\u00e4sst.<\/p>\n<p>\u2013 100%-Schurwolle mit Woolmark-G\u00fctesiegel.<br \/>\n\u2013 Glatte, weiche Teddypl\u00fcschstruktur.<br \/>\n\u2013 Gute thermische Eigenschaften.<br \/>\n\u2013 F\u00fcr zu Hause und unterwegs.<br \/>\n\u2013 Gr\u00f6\u00dfe: 0\/6 Monate 67 cm, 6\/12 Monate 82 cm.<br \/>\n\u2013 Europ\u00e4ische Produktion.<br \/>\n\u2013 waschbar im Wollwaschprogramm 30\u00b0C.<\/p>\n<p>Unsere \u00d6ko-Wollschlafs\u00e4cke sind dank der nat\u00fcrlichen Eigenschaften der Wollfasern sehr gut f\u00fcr die Kleinsten geeignet. Diese atmen und haben die Eigenschaft, als nat\u00fcrlicher Thermostat zu fungieren, der die K\u00f6rpertemperatur reguliert? Dies hilft Ihrem Baby, eine stabile Temperatur aufrechtzuerhalten und es trocken und komfortabel zu halten. Dies geschieht \u201edynamisch\u201c, das hei\u00dft, es geschieht dann, wenn es ben\u00f6tigt wird, und nicht, wenn es nicht ben\u00f6tigt wird.<\/p>\n<p>Dieses Produkt tr\u00e4gt das G\u00fctesiegel \u201eSicher f\u00fcr Kinder\u201c und das Woolmark-G\u00fctesiegel.<\/p>\n<h5>Etikett f\u00fcr Wollh\u00e4ute<\/h5>\n<p>Nach Jahren erfolgreicher Zusammenarbeit mit Alwero k\u00f6nnen wir stolz verk\u00fcnden, dass wir unsere Produkte nun unter unserem eigenen Woolskins-Label f\u00fchren.<\/p>\n<p>Auf diese Weise erhalten Sie immer noch die beste Qualit\u00e4t, kombiniert mit den sch\u00f6nsten und einzigartigsten Produkten und Designs.<\/p>\n<p>Die Qualit\u00e4t der Stoffe und Farben bleibt wie immer, aber es gibt jetzt eine gr\u00f6\u00dfere Auswahl, von der Woolskins glaubt, dass sie sich von anderen abheben kann.<\/p>\n<p>Unsere umfangreiche Kollektion ist so zusammengestellt, dass sie eine gute Erg\u00e4nzung f\u00fcr jedes Babyset darstellt. Sie besteht aus atmungsaktiver europ\u00e4ischer 100%-Wolle und ist f\u00fcr jede Jahreszeit geeignet.<\/p>\n<p>Mit Begeisterung b\u00fcndeln wir unsere Kr\u00e4fte, um ein nachhaltiges, nat\u00fcrliches und h\u00f6chst komfortables Produkt f\u00fcr Ihr Kind zu schaffen.<\/p>","protected":false},"excerpt":{"rendered":"<p>Wenn Sie einen bequemen und warmen Schlafsack f\u00fcr Ihr Baby suchen, ist Wolle eine ausgezeichnete Wahl. Wolle hat viele Vorteile, die Ihrem Baby zu jeder Jahreszeit zu einem guten Schlaf verhelfen.<\/p>\n<p>Unser leichter Babyschlafsack aus \u00d6kowolle ist atmungsaktiv und hat die F\u00e4higkeit, als nat\u00fcrlicher Thermostat zu wirken, der die K\u00f6rpertemperatur reguliert und Ihrem Baby hilft, sich auszuruhen und ruhig zu schlafen. Dieser Schlafsack ist dank der doppelten Druckkn\u00f6pfe, mit denen Sie die Hals\u00f6ffnung vergr\u00f6\u00dfern und verkleinern k\u00f6nnen, sehr gut f\u00fcr Kleinkinder geeignet. Der lange Rei\u00dfverschluss \u00f6ffnet den gesamten Schlafsack und erleichtert das Umziehen. Der Wollschlafsack hilft Ihrem Baby, eine stabile Temperatur zu halten und sorgt daf\u00fcr, dass Ihr Baby trocken und bequem liegt. Er tut dies \u2018dynamisch\u2019, das hei\u00dft, er tut es, wenn er gebraucht wird, und nicht, wenn er es nicht braucht. Diese Wollschlafs\u00e4cke sind daher im Winter warm und im Sommer k\u00fchl.<\/p>\n<p><strong>Marke: Woolskins<\/strong><br \/>\n<strong>Produktion: Polen<\/strong><\/p>","protected":false},"featured_media":17552,"comment_status":"closed","ping_status":"closed","template":"","meta":{"_acf_changed":false},"product_brand":[],"product_cat":[361,360,364,196,370,194],"product_tag":[414],"class_list":{"0":"post-6415","1":"product","2":"type-product","3":"status-publish","4":"has-post-thumbnail","6":"product_cat-babyshower","7":"product_cat-cadeautips","8":"product_cat-cadeaus-vanaf-e50","9":"product_cat-slaapkleding-baby","10":"product_cat-slaapzakken","11":"product_cat-wollen-babyproducten","12":"product_tag-alwero-slaapzak","13":"pa_maat-0-6-maanden","14":"pa_maat-6-12-maanden","16":"first","17":"instock","18":"taxable","19":"shipping-taxable","20":"purchasable","21":"product-type-variable"},"acf":[],"_links":{"self":[{"href":"https:\/\/woolskins.eu\/de\/wp-json\/wp\/v2\/product\/6415","targetHints":{"allow":["GET"]}}],"collection":[{"href":"https:\/\/woolskins.eu\/de\/wp-json\/wp\/v2\/product"}],"about":[{"href":"https:\/\/woolskins.eu\/de\/wp-json\/wp\/v2\/types\/product"}],"replies":[{"embeddable":true,"href":"https:\/\/woolskins.eu\/de\/wp-json\/wp\/v2\/comments?post=6415"}],"wp:featuredmedia":[{"embeddable":true,"href":"https:\/\/woolskins.eu\/de\/wp-json\/wp\/v2\/media\/17552"}],"wp:attachment":[{"href":"https:\/\/woolskins.eu\/de\/wp-json\/wp\/v2\/media?parent=6415"}],"wp:term":[{"taxonomy":"product_brand","embeddable":true,"href":"https:\/\/woolskins.eu\/de\/wp-json\/wp\/v2\/product_brand?post=6415"},{"taxonomy":"product_cat","embeddable":true,"href":"https:\/\/woolskins.eu\/de\/wp-json\/wp\/v2\/product_cat?post=6415"},{"taxonomy":"product_tag","embeddable":true,"href":"https:\/\/woolskins.eu\/de\/wp-json\/wp\/v2\/product_tag?post=6415"}],"curies":[{"name":"wp","href":"https:\/\/api.w.org\/{rel}","templated":true}]}}