{"id":6386,"date":"2021-09-01T12:51:15","date_gmt":"2021-09-01T12:51:15","guid":{"rendered":"https:\/\/woolskins.eu\/babysjaaltje-lammy-beige"},"modified":"2026-04-08T13:41:58","modified_gmt":"2026-04-08T13:41:58","slug":"babyschal-lammy-beige","status":"publish","type":"product","link":"https:\/\/woolskins.eu\/de\/babysjaaltje-lammy-beige\/","title":{"rendered":"Wollschal f\u00fcr Babys mit Daumen | Beige"},"content":{"rendered":"<p>Mit diesem Woll-Babyschal von Woolskins sieht Ihr Kleines nicht nur supers\u00fc\u00df aus, sondern bleibt auch an den kalten Wintertagen sch\u00f6n warm. Ein perfektes Geschenk f\u00fcr alle Eltern, die Qualit\u00e4t und Stil sch\u00e4tzen! Das Produkt verf\u00fcgt unter anderem \u00fcber das \u201eSafe for Children\u201c- und das Woolmark-G\u00fctezeichen.<\/p>\n<p>\u2013 100%-Schurwolle, Woolmark-G\u00fctesiegel.<br \/>\n\u2013 Sehr warm f\u00fcr unterwegs.<br \/>\n\u2013 Praktischer Verschluss mit Druckkn\u00f6pfen.<br \/>\n\u2013 Verschiedene Farben erh\u00e4ltlich.<\/p>\n<h5>Etikett f\u00fcr Wollh\u00e4ute<\/h5>\n<p>Nach Jahren erfolgreicher Zusammenarbeit mit Alwero k\u00f6nnen wir stolz verk\u00fcnden, dass wir unsere Produkte nun unter unserem eigenen Woolskins-Label f\u00fchren.<\/p>\n<p>Auf diese Weise erhalten Sie immer noch die beste Qualit\u00e4t, kombiniert mit den sch\u00f6nsten und einzigartigsten Produkten und Designs.<\/p>\n<p>Die Qualit\u00e4t der Stoffe und Farben bleibt wie immer, aber es gibt jetzt eine gr\u00f6\u00dfere Auswahl, von der Woolskins glaubt, dass sie sich von anderen abheben kann.<\/p>\n<p>Unsere umfangreiche Kollektion ist so zusammengestellt, dass sie eine gute Erg\u00e4nzung f\u00fcr jedes Babyset darstellt. Sie besteht aus atmungsaktiver europ\u00e4ischer 100%-Wolle und ist f\u00fcr jede Jahreszeit geeignet.<\/p>\n<p>Mit Begeisterung b\u00fcndeln wir unsere Kr\u00e4fte, um ein nachhaltiges, nat\u00fcrliches und h\u00f6chst komfortables Produkt f\u00fcr Ihr Kind zu schaffen.<\/p>","protected":false},"excerpt":{"rendered":"<p>Ein Babyschal aus Wolle ist ein Muss f\u00fcr die k\u00e4lteren Tage. Es h\u00e4lt die Kleinen sch\u00f6n warm und sieht au\u00dferdem supers\u00fc\u00df aus! Dieser Babyschal von Woolskins besteht aus hochwertiger Wolle und ist in vier Farben erh\u00e4ltlich. Es l\u00e4sst sich perfekt mit anderen Wollprodukten von Woolskins kombinieren, wie zum Beispiel Wollwesten oder Hausschuhen.<\/p>\n<p>Dieser Schal ist nicht nur funktional, sondern auch stylisch. Es verf\u00fcgt \u00fcber einen praktischen Schnappverschluss, der das Anlegen erleichtert. Dar\u00fcber hinaus ist der Schal angenehm weich und angenehm f\u00fcr die empfindliche Haut Ihres Babys.<\/p>\n<p><strong>Marke: Woolskins<\/strong><br \/>\n<strong>Produktion: Polen<\/strong><\/p>","protected":false},"featured_media":17480,"comment_status":"closed","ping_status":"closed","template":"","meta":{"_acf_changed":false},"product_brand":[],"product_cat":[345,361,360,362,200,346,194],"product_tag":[],"class_list":{"0":"post-6386","1":"product","2":"type-product","3":"status-publish","4":"has-post-thumbnail","6":"product_cat-accessoires","7":"product_cat-babyshower","8":"product_cat-cadeautips","9":"product_cat-cadeaus-tot-e-25","10":"product_cat-wollen-babykleding","11":"product_cat-mutsjesensjaaltjes","12":"product_cat-wollen-babyproducten","14":"first","15":"instock","16":"taxable","17":"shipping-taxable","18":"purchasable","19":"product-type-simple"},"acf":[],"_links":{"self":[{"href":"https:\/\/woolskins.eu\/de\/wp-json\/wp\/v2\/product\/6386","targetHints":{"allow":["GET"]}}],"collection":[{"href":"https:\/\/woolskins.eu\/de\/wp-json\/wp\/v2\/product"}],"about":[{"href":"https:\/\/woolskins.eu\/de\/wp-json\/wp\/v2\/types\/product"}],"replies":[{"embeddable":true,"href":"https:\/\/woolskins.eu\/de\/wp-json\/wp\/v2\/comments?post=6386"}],"wp:featuredmedia":[{"embeddable":true,"href":"https:\/\/woolskins.eu\/de\/wp-json\/wp\/v2\/media\/17480"}],"wp:attachment":[{"href":"https:\/\/woolskins.eu\/de\/wp-json\/wp\/v2\/media?parent=6386"}],"wp:term":[{"taxonomy":"product_brand","embeddable":true,"href":"https:\/\/woolskins.eu\/de\/wp-json\/wp\/v2\/product_brand?post=6386"},{"taxonomy":"product_cat","embeddable":true,"href":"https:\/\/woolskins.eu\/de\/wp-json\/wp\/v2\/product_cat?post=6386"},{"taxonomy":"product_tag","embeddable":true,"href":"https:\/\/woolskins.eu\/de\/wp-json\/wp\/v2\/product_tag?post=6386"}],"curies":[{"name":"wp","href":"https:\/\/api.w.org\/{rel}","templated":true}]}}