{"id":6380,"date":"2021-09-01T12:51:15","date_gmt":"2021-09-01T12:51:15","guid":{"rendered":"https:\/\/woolskins.eu\/slofjes-ecru-100-baby-alpaca"},"modified":"2023-11-23T16:10:10","modified_gmt":"2023-11-23T16:10:10","slug":"hausschuhe-ecru-100-baby-alpaka","status":"publish","type":"product","link":"https:\/\/woolskins.eu\/de\/slofjes-ecru-100-baby-alpaca\/","title":{"rendered":"Hausschuhe Ecru 100% Baby Alpaka"},"content":{"rendered":"<p>Ihre Liebsten werden begeistert sein, wie diese handgefertigten Stiefeletten ihre kleinen Zehen warm halten. Diese vom Vintage-Design inspirierten Baby-Alpaka-Hausschuhe sind aus feiner, ungef\u00e4rbter Wolle aus Peru gestrickt. Ausgestattet mit einem niedlichen, aber praktischen Bindeverschluss, der sie an den F\u00fc\u00dfen des Babys h\u00e4lt, w\u00e4hrend es herumkrabbelt.<\/p>\n<p>\u2013 Einheitsgr\u00f6\u00dfe 0 \u2013 3 Monate<br \/>\n\u2013 Ist leicht und sehr weich<br \/>\n\u2013 Thermal, also k\u00fchlend im Sommer und angenehm warm im Winter<br \/>\n\u2013 Ist 4-mal weniger \u201etrageempfindlich\u201c als Merinowolle<br \/>\n\u2013 Schrumpft nach dem Waschen nicht<br \/>\n\u2013 100% Babyalpaka<br \/>\n\u2013 100% Bio nach Oeko-Tex\u00ae Standard 100<\/p>\n<h5 class=\"Text1893342656__root Text1893342656---typography-11-runningText Text1893342656---priority-7-primary s8gg2 _2UIKs InfoSectionTitle3095652555__root\" aria-hidden=\"false\" data-hook=\"info-section-title\">Baby-Alpakawolle<\/h5>\n<div class=\"rah-static rah-static--height-auto\" aria-hidden=\"false\">\n<div>\n<div class=\"_1yvxJ fggS- cell\">\n<div class=\"WncCi\" data-hook=\"info-section-description\">\n<p>Die Faserstruktur von Baby-Alpakawolle ist sehr fein und die Weichheit vergleichbar mit Kaschmirwolle, jedoch noch weicher. Alpakawolle ist f\u00fcr ihre hervorragende Qualit\u00e4t bekannt, f\u00fchlt sich sehr weich auf der Haut an und ist hypoallergen. Die Baby-Alpakawolle ist die weichste Alpakawolle aus der ersten Schur. Baby-Alpaka bedeutet nicht, dass die Wolle von Baby-Alpakas stammt, sondern dass nur feinste Wolle verwendet wird. Es hat einen Durchmesser von etwa 20 Mikrometern und ist damit unglaublich d\u00fcnn. Ein Mikrometer entspricht 0,001 Millimetern. Je d\u00fcnner die Wolle, desto weicher das Produkt.<\/p>\n<h5>Kleiner Kolibri<\/h5>\n<p class=\"\">PETIT KOLIBRI entstand aus einer bedingungslosen Liebe zu authentischen, biologischen und nat\u00fcrlichen Produkten. Unsere Produkte sind aus einem unersch\u00fctterlichen Engagement f\u00fcr die F\u00f6rderung \u00f6kologischer Nachhaltigkeit und bewusster Gesch\u00e4ftspraktiken in den lokalen Gemeinden Lateinamerikas entstanden.<\/p>\n<p class=\"\">Alle unsere Bio-Alpaka- und Baby-Alpaka-Kleidung wird mit Sorgfalt und Aufmerksamkeit in einer f\u00fcr beide Seiten vorteilhaften und transparenten Beziehung mit unseren Lieferanten eingekauft. Die Endprodukte werden unter fairen Bedingungen von einem K\u00fcnstlerkollektiv in Kolumbien und Peru zum Leben erweckt. Fairtrade ist zu unserem Leitprinzip geworden.<\/p>\n<p class=\"\">Kinder sind die Bev\u00f6lkerung von morgen. Die Auswirkungen, die sie auf unseren Planeten haben werden, werden von den Prinzipien beeinflusst, die wir ihnen heute beibringen. Unser minimalistischer Strick mit organischem Design ist f\u00fcr alle kleinen Abenteuer gemacht!<\/p>\n<p>Unser Ziel ist es, sichere Kleidung und Accessoires f\u00fcr Kinder bereitzustellen, denn wir glauben, dass die Produkte, die Kinder ber\u00fchren, in ihrem reinsten und unbehandelten Zustand sein sollten. Wir sind stolz darauf, Bio-Produkte anbieten zu k\u00f6nnen, die frei von Schadstoffen sind und nach dem Standard 100 von OEKO-TEX\u00ae zertifiziert sind. Die Wolle, die wir bei PETIT KOLIBRI verwenden, stammt aus Peru, einem der wichtigsten Exportl\u00e4nder f\u00fcr Alpakawolle.<\/p>\n<\/div>\n<\/div>\n<\/div>\n<\/div>","protected":false},"excerpt":{"rendered":"<p>Ihre Liebsten werden begeistert sein, wie diese handgefertigten Stiefeletten ihre kleinen Zehen warm halten.<\/p>","protected":false},"featured_media":5656,"comment_status":"closed","ping_status":"closed","template":"","meta":{"_acf_changed":false},"product_brand":[],"product_cat":[345,361,360,363,200,232,323],"product_tag":[],"class_list":{"0":"post-6380","1":"product","2":"type-product","3":"status-publish","4":"has-post-thumbnail","6":"product_cat-accessoires","7":"product_cat-babyshower","8":"product_cat-cadeautips","9":"product_cat-cadeaus-e25-e50","10":"product_cat-wollen-babykleding","11":"product_cat-petit-kolibri","12":"product_cat-slofjes","14":"first","15":"outofstock","16":"taxable","17":"shipping-taxable","18":"purchasable","19":"product-type-simple"},"acf":[],"_links":{"self":[{"href":"https:\/\/woolskins.eu\/de\/wp-json\/wp\/v2\/product\/6380","targetHints":{"allow":["GET"]}}],"collection":[{"href":"https:\/\/woolskins.eu\/de\/wp-json\/wp\/v2\/product"}],"about":[{"href":"https:\/\/woolskins.eu\/de\/wp-json\/wp\/v2\/types\/product"}],"replies":[{"embeddable":true,"href":"https:\/\/woolskins.eu\/de\/wp-json\/wp\/v2\/comments?post=6380"}],"wp:featuredmedia":[{"embeddable":true,"href":"https:\/\/woolskins.eu\/de\/wp-json\/wp\/v2\/media\/5656"}],"wp:attachment":[{"href":"https:\/\/woolskins.eu\/de\/wp-json\/wp\/v2\/media?parent=6380"}],"wp:term":[{"taxonomy":"product_brand","embeddable":true,"href":"https:\/\/woolskins.eu\/de\/wp-json\/wp\/v2\/product_brand?post=6380"},{"taxonomy":"product_cat","embeddable":true,"href":"https:\/\/woolskins.eu\/de\/wp-json\/wp\/v2\/product_cat?post=6380"},{"taxonomy":"product_tag","embeddable":true,"href":"https:\/\/woolskins.eu\/de\/wp-json\/wp\/v2\/product_tag?post=6380"}],"curies":[{"name":"wp","href":"https:\/\/api.w.org\/{rel}","templated":true}]}}