{"id":6363,"date":"2021-09-01T12:50:56","date_gmt":"2021-09-01T12:50:56","guid":{"rendered":"https:\/\/woolskins.eu\/boxkleed-speelkleed-comfort"},"modified":"2026-05-12T11:31:45","modified_gmt":"2026-05-12T11:31:45","slug":"laufgittermatte-komfort","status":"publish","type":"product","link":"https:\/\/woolskins.eu\/de\/boxkleed-speelkleed-comfort\/","title":{"rendered":"Laufgittermatte\/Spielmatte aus Schaffell \u2013 Komfort"},"content":{"rendered":"<p>Die Woolskins Eco Baby-Care Laufgittermatte hat einen k\u00fcrzeren Mantel und ist somit kindersicher. Sie sind ab der Geburt geeignet und da ihre Verarbeitung die Umwelt ber\u00fccksichtigt, schonen sie sowohl die Kleinen als auch den Planeten. Zu Hause oder unterwegs schaffen Sie eine angenehme Umgebung, in der sich Ihr Kind gl\u00fccklich und entspannt f\u00fchlt. Wussten Sie, dass Schaffell auch f\u00fcr Ihr Kind gesund ist?<\/p>\n<p>\u2013 L\u00e4nge 90 cm x Breite 90 cm \/ Mantel 3 cm.<br \/>\n\u2013 Medizinisch gegerbt.<br \/>\n\u2013 Weiches und kompaktes Fell.<br \/>\n\u2013 Maschinenwaschbar und trocknergeeignet.<br \/>\n- Leicht zu pflegen.<\/p>\n<p>Bestellen Sie eine Pflegeb\u00fcrste, um Ihr Fell lange sch\u00f6n zu halten und\/oder lassen Sie Ihr Fell mit den Geburtsdaten Ihres\/des Kindes personalisieren. Ein wundersch\u00f6nes und einzigartiges Geschenk, exklusiv erh\u00e4ltlich bei Woolskins. Standardm\u00e4\u00dfig \u201egeschenkfertig\u201c verpackt mit einer pers\u00f6nlichen Notiz.<\/p>\n<p><strong>Eigenschaften Komfort-Schaffell<\/strong><\/p>\n<p>Dieses Baby-Care-Schaffell stammt von englischen Schafen. Es ist ein sehr weiches und sch\u00f6n kompaktes Fell. Dieser Comfort-Mantel ist \u201edas\u201c Schaffell, das wir aus der Vergangenheit kennen, wir haben es nur auf kurze L\u00e4nge scheren lassen. Sehr sicher. Wie alle unsere anderen M\u00e4ntel sind auch Wollfasern atmungsaktiv. Dies hilft Ihrem Baby, eine stabile Temperatur aufrechtzuerhalten und sorgt daf\u00fcr, dass es trocken und komfortabel bleibt. K\u00fchl im Sommer und warm im Winter.<\/p>\n<p><strong>Umweltfreundlich<\/strong><\/p>\n<p>Alle in der Gerberei und Veredelung verwendeten Produkte entsprechen den wesentlichen EU-Richtlinien zur Erhaltung und zum Schutz der Umwelt.<\/p>\n<p>Unsere Vliese werden gem\u00e4\u00df den REACH-Verordnungen gegerbt, die erlassen wurden, um den Schutz der menschlichen Gesundheit und der Umwelt vor den Risiken zu verbessern, die von Chemikalien ausgehen k\u00f6nnen, und gleichzeitig die Wettbewerbsf\u00e4higkeit der chemischen Industrie der EU zu steigern. Bei der Produktion werden keine AZO-Farbstoffe verwendet.<\/p>\n<p>\u00d6KO-PRODUKTE \u2013 Felle sind umweltfreundliche Felle, ihre Verarbeitung und Behandlung sind f\u00fcr Erwachsene und Kinder sicher. H\u00e4ute sind biologisch abbaubar, organisch.<\/p>\n<p>Woolskins verkauft keine Schaffelle, die mit Mulesing behandelt wurden! Mulesing wird bei europ\u00e4ischen Schafen nicht angewendet, da der Parasit, der Landwirte dazu veranlasst, Mulesing anzuwenden, in Europa nicht vorkommt.<\/p>\n<p><strong>Bauchschl\u00e4fer ... aufgepasst!<\/strong><\/p>\n<p>Kinder, die in den ersten 12 Monaten auf dem Bauch schlafen, sollten aus Sicherheitsgr\u00fcnden nicht auf weichem Untergrund schlafen, da dies gef\u00e4hrlich sein kann. Wir empfehlen daher, den Woolskins-Mantel mit Bedacht einzusetzen! Seien Sie stets aufmerksam, wenn Ihr Kind auf dem Bauch liegt oder schl\u00e4ft, und sorgen Sie daf\u00fcr, dass Ihr Kind stets beaufsichtigt wird.<\/p>","protected":false},"excerpt":{"rendered":"<p>Auf dieser bequemen, weichen Laufgittermatte kann Ihr Kind wunderbar spielen und sich ausruhen. Dank der nat\u00fcrlichen \u201eSuperkr\u00e4fte\u201c ist es im Winter warm und im Sommer k\u00fchl. Es misst sofort die K\u00f6rpertemperatur.<\/p>","protected":false},"featured_media":5634,"comment_status":"closed","ping_status":"closed","template":"","meta":{"_acf_changed":false},"product_brand":[],"product_cat":[216,527,354],"product_tag":[],"class_list":{"0":"post-6363","1":"product","2":"type-product","3":"status-publish","4":"has-post-thumbnail","6":"product_cat-schapenvacht-voor-baby","7":"product_cat-wollen-schapenvacht-boxkleed-speelkleed","8":"product_cat-woolskins","10":"first","11":"outofstock","12":"taxable","13":"shipping-taxable","14":"purchasable","15":"product-type-variable","16":"has-default-attributes"},"acf":[],"_links":{"self":[{"href":"https:\/\/woolskins.eu\/de\/wp-json\/wp\/v2\/product\/6363","targetHints":{"allow":["GET"]}}],"collection":[{"href":"https:\/\/woolskins.eu\/de\/wp-json\/wp\/v2\/product"}],"about":[{"href":"https:\/\/woolskins.eu\/de\/wp-json\/wp\/v2\/types\/product"}],"replies":[{"embeddable":true,"href":"https:\/\/woolskins.eu\/de\/wp-json\/wp\/v2\/comments?post=6363"}],"wp:featuredmedia":[{"embeddable":true,"href":"https:\/\/woolskins.eu\/de\/wp-json\/wp\/v2\/media\/5634"}],"wp:attachment":[{"href":"https:\/\/woolskins.eu\/de\/wp-json\/wp\/v2\/media?parent=6363"}],"wp:term":[{"taxonomy":"product_brand","embeddable":true,"href":"https:\/\/woolskins.eu\/de\/wp-json\/wp\/v2\/product_brand?post=6363"},{"taxonomy":"product_cat","embeddable":true,"href":"https:\/\/woolskins.eu\/de\/wp-json\/wp\/v2\/product_cat?post=6363"},{"taxonomy":"product_tag","embeddable":true,"href":"https:\/\/woolskins.eu\/de\/wp-json\/wp\/v2\/product_tag?post=6363"}],"curies":[{"name":"wp","href":"https:\/\/api.w.org\/{rel}","templated":true}]}}