{"id":6358,"date":"2021-09-01T12:50:56","date_gmt":"2021-09-01T12:50:56","guid":{"rendered":"https:\/\/woolskins.eu\/alwero-voetenzak-wol-dekentje"},"modified":"2026-03-05T13:51:30","modified_gmt":"2026-03-05T13:51:30","slug":"alwero-fussack-wolldecke","status":"publish","type":"product","link":"https:\/\/woolskins.eu\/de\/alwero-voetenzak-wol-dekentje\/","title":{"rendered":"Fu\u00dfsack aus Wolle - Schlafsack f\u00fcr Buggy und Kinderwagen | Bakigo ecru"},"content":{"rendered":"<p>Unsere \u00d6ko-Woll-Fu\u00dfs\u00e4cke f\u00fcr Kinderwagen und Maxi-Cosi sind dank der nat\u00fcrlichen Eigenschaften der Wollfasern sehr gut f\u00fcr die Kleinsten geeignet. Diese atmen und haben die Eigenschaft, als nat\u00fcrlicher Thermostat zu fungieren, der die K\u00f6rpertemperatur reguliert? Dies hilft Ihrem Baby, eine stabile Temperatur aufrechtzuerhalten und es trocken und komfortabel zu halten. Dieses Produkt tr\u00e4gt das G\u00fctesiegel \u201eSicher f\u00fcr Kinder\u201c und das Woolmark-G\u00fctesiegel.<\/p>\n<p>\u2013 5 cm l\u00e4nger, dadurch l\u00e4nger nutzbar.<br \/>\n\u2013 100%-Schurwolle, Woolmark-G\u00fctesiegel.<br \/>\n\u2013 F\u00fcr zu Hause und unterwegs.<br \/>\n\u2013 \u00d6ffnungen f\u00fcr die Sicherheitsgurte (5-Punkt).<br \/>\n\u2013 L\u00e4nge 90 cm x Breite 45 cm.<br \/>\n\u2013 waschbar im Wollwaschprogramm 30\u00b0C.<\/p>\n<h5>Etikett f\u00fcr Wollh\u00e4ute<\/h5>\n<p>Nach Jahren erfolgreicher Zusammenarbeit mit Alwero k\u00f6nnen wir stolz verk\u00fcnden, dass wir unsere Produkte nun unter unserem eigenen Woolskins-Label f\u00fchren.<\/p>\n<p>Auf diese Weise erhalten Sie immer noch die beste Qualit\u00e4t, kombiniert mit den sch\u00f6nsten und einzigartigsten Produkten und Designs.<\/p>\n<p>Die Qualit\u00e4t der Stoffe und Farben bleibt wie immer, aber es gibt jetzt eine gr\u00f6\u00dfere Auswahl, von der Woolskins glaubt, dass sie sich von anderen abheben kann.<\/p>\n<p>Unsere umfangreiche Kollektion ist so zusammengestellt, dass sie eine gute Erg\u00e4nzung f\u00fcr jedes Babyset darstellt. Sie besteht aus atmungsaktiver europ\u00e4ischer 100%-Wolle und ist f\u00fcr jede Jahreszeit geeignet.<\/p>\n<p>Mit Begeisterung b\u00fcndeln wir unsere Kr\u00e4fte, um ein nachhaltiges, nat\u00fcrliches und h\u00f6chst komfortables Produkt f\u00fcr Ihr Kind zu schaffen.<\/p>","protected":false},"excerpt":{"rendered":"<p>Genie\u00dfen Sie das Ausgehen mit Ihrem Kind in diesem warmen Wollfu\u00dfsack von Woolskins f\u00fcr Kinderwagen und Buggy. Woolskins hat diese Tasche 5 cm l\u00e4nger machen lassen, damit sie l\u00e4nger genutzt werden kann und au\u00dferdem \u00fcber eine extra gro\u00dfe \u00d6ffnung f\u00fcr das Sicherheitssignalhorn verf\u00fcgt. Perfekt f\u00fcr den Kinderwagen und geh\u00f6rt in jedes Babyset. Wolle nimmt sofort die Temperatur Ihres Kindes an und h\u00e4lt sie aufrecht, ohne dass Ihr Kind schwitzt. Dank der guten Eigenschaften von Wolle wird es Ihrem Kind wunderbar warm und bequem sein. Der Woolskins Bakigo Fu\u00dfsack kann das ganze Jahr \u00fcber verwendet werden, ist jedoch im Fr\u00fchling, Winter und Herbst am n\u00fctzlichsten. Im Wollfu\u00dfsack von Woolskins k\u00f6nnen Sie sich darauf verlassen, dass Ihr Kind es sch\u00f6n warm hat<\/p>\n<p><strong>Marke: Woolskins<\/strong><br \/>\n<strong>Produktion: Polen<\/strong><\/p>","protected":false},"featured_media":17506,"comment_status":"closed","ping_status":"closed","template":"","meta":{"_acf_changed":false},"product_brand":[],"product_cat":[361,360,364,196,336,194],"product_tag":[],"class_list":{"0":"post-6358","1":"product","2":"type-product","3":"status-publish","4":"has-post-thumbnail","6":"product_cat-babyshower","7":"product_cat-cadeautips","8":"product_cat-cadeaus-vanaf-e50","9":"product_cat-slaapkleding-baby","10":"product_cat-voetenzakken","11":"product_cat-wollen-babyproducten","13":"first","14":"instock","15":"taxable","16":"shipping-taxable","17":"purchasable","18":"product-type-simple"},"acf":[],"_links":{"self":[{"href":"https:\/\/woolskins.eu\/de\/wp-json\/wp\/v2\/product\/6358","targetHints":{"allow":["GET"]}}],"collection":[{"href":"https:\/\/woolskins.eu\/de\/wp-json\/wp\/v2\/product"}],"about":[{"href":"https:\/\/woolskins.eu\/de\/wp-json\/wp\/v2\/types\/product"}],"replies":[{"embeddable":true,"href":"https:\/\/woolskins.eu\/de\/wp-json\/wp\/v2\/comments?post=6358"}],"wp:featuredmedia":[{"embeddable":true,"href":"https:\/\/woolskins.eu\/de\/wp-json\/wp\/v2\/media\/17506"}],"wp:attachment":[{"href":"https:\/\/woolskins.eu\/de\/wp-json\/wp\/v2\/media?parent=6358"}],"wp:term":[{"taxonomy":"product_brand","embeddable":true,"href":"https:\/\/woolskins.eu\/de\/wp-json\/wp\/v2\/product_brand?post=6358"},{"taxonomy":"product_cat","embeddable":true,"href":"https:\/\/woolskins.eu\/de\/wp-json\/wp\/v2\/product_cat?post=6358"},{"taxonomy":"product_tag","embeddable":true,"href":"https:\/\/woolskins.eu\/de\/wp-json\/wp\/v2\/product_tag?post=6358"}],"curies":[{"name":"wp","href":"https:\/\/api.w.org\/{rel}","templated":true}]}}