{"id":6357,"date":"2021-09-01T12:50:56","date_gmt":"2021-09-01T12:50:56","guid":{"rendered":"https:\/\/woolskins.eu\/weer-windbalsem-lanoline-40ml-lanacare"},"modified":"2026-05-04T14:51:24","modified_gmt":"2026-05-04T14:51:24","slug":"wetter-wind-balsam-lanolin-40ml-lanacare","status":"publish","type":"product","link":"https:\/\/woolskins.eu\/de\/weer-windbalsem-lanoline-40ml-lanacare\/","title":{"rendered":"LANACare Lanolin Balsam - F\u00fcr Baby, Mutter &amp; empfindliche Haut (40 ml)"},"content":{"rendered":"<p data-start=\"482\" data-end=\"790\">LANACare Lanolin Balsam ist eine vielseitige, nat\u00fcrliche Pflegecreme auf Basis von 100% hypoallergenem Lanolin. Dieser Balsam ist sowohl f\u00fcr Babys als auch f\u00fcr M\u00fctter geeignet und bietet wirksamen Schutz und Wiederherstellung empfindlicher Haut - von rissigen Wangen bis hin zu wunden Brustwarzen w\u00e4hrend des Stillens.<\/p>\n<p data-start=\"792\" data-end=\"1153\">Dieser reichhaltige Balsam bildet einen d\u00fcnnen, nat\u00fcrlichen antibakteriellen Film, der die Haut sch\u00fctzt, ohne sie zu versiegeln. Ideal bei kaltem und schlechtem Wetter sowie bei Windelausschlag, trockenen Stellen oder rissiger Haut. Das Lanolin unterst\u00fctzt den nat\u00fcrlichen Wundheilungsprozess und f\u00f6rdert eine gesunde Hautbarriere bei Babys und Erwachsenen.<\/p>\n<p data-start=\"1155\" data-end=\"1418\">F\u00fcr stillende M\u00fctter wirkt der Balsam beruhigend und heilend bei trockenen, wunden oder rissigen Brustwarzen. Dank der Sicherheit der Inhaltsstoffe muss der Balsam vor dem Stillen nicht entfernt werden - v\u00f6llig sicher f\u00fcr Mutter und Kind.<\/p>\n<p data-start=\"1420\" data-end=\"1744\">LANACare Balsam enth\u00e4lt nur biologische, hautfreundliche Inhaltsstoffe: reines Lanolin und Triglyceride in Lebensmittelqualit\u00e4t. Ohne Parf\u00fcm, Farbstoffe oder Konservierungsmittel. Durch seine weiche Textur l\u00e4sst sich der Balsam leicht auftragen und zieht gut ein, ohne ein fettiges Gef\u00fchl zu hinterlassen.<\/p>\n<p data-start=\"1746\" data-end=\"2031\"><strong>Geeignet f\u00fcr:<\/strong><br data-start=\"1762\" data-end=\"1765\" \/>- Schutz der Haut des Babys (z. B. bei K\u00e4lte oder Wind)<br data-start=\"1818\" data-end=\"1821\" \/>- Beruhigung von rissigen, trockenen oder empfindlichen Stellen<br data-start=\"1874\" data-end=\"1877\" \/>- Behandlung von Windelausschlag<br data-start=\"1911\" data-end=\"1914\" \/>- Pflege der Brustwarzen w\u00e4hrend des Stillens<br data-start=\"1962\" data-end=\"1965\" \/>- Anwendung bei Erwachsenen mit trockener oder problematischer Haut<\/p>\n<p data-start=\"2033\" data-end=\"2241\">Diese Lanolincreme tr\u00e4gt das A-Label des d\u00e4nischen Verbraucherschutzrates, das garantiert, dass sie keine problematischen Chemikalien enth\u00e4lt. Eine sichere Wahl f\u00fcr den t\u00e4glichen Gebrauch - vom ersten Tag an.<\/p>\n<h5 class=\"font_2\">Geschichte von LANACare<\/h5>\n<p>LANACare wurde 1990 von der d\u00e4nischen Krankenschwester Jeannette Almstr\u00f8m in D\u00e4nemark gegr\u00fcndet. Als Mutter von drei Kindern hat Jeannette Almstr\u00f8m eine Reihe von Produkten f\u00fcr M\u00fctter und Babys aus reiner Bio-Merinowolle entwickelt. Ihr Hintergrund als Krankenschwester und ihre Berufsausbildung in Textil und Design erwiesen sich als perfekte Kombination ihrer F\u00e4higkeiten. Jeder Artikel von LANACare ist darauf ausgelegt, die Gesundheit und das Wohlbefinden von Mutter und Baby zu f\u00f6rdern und den wohltuenden Komfort und die atmungsaktive W\u00e4rme zu bieten, die nur reine Wolle bieten kann.<\/p>\n<p><span class=\"wixGuard\">\u200b<\/span>Heute werden alle LANACare-Aktivit\u00e4ten von Jeannette Almtr\u00f8m selbst geleitet, die sich mit Leidenschaft f\u00fcr die Suche nach neuen und nachhaltigen Materialien f\u00fcr den Einsatz in neuen Produkten einsetzt, die nicht nur die Gesundheit des Einzelnen, sondern auch die unserer Mutter Erde f\u00f6rdern.<\/p>\n<p><span class=\"wixGuard\">\u200b<\/span>Im Laufe der Jahre haben sich die Produktions- und Vertriebsmengen von LANACare enorm entwickelt. Mittlerweile werden die Produkte in 28 L\u00e4ndern weltweit verkauft.<\/p>\n<p>&nbsp;<\/p>","protected":false},"excerpt":{"rendered":"<h3 data-start=\"171\" data-end=\"244\"><strong data-start=\"175\" data-end=\"242\">LANACare Lanolin Balsam - 100% Nat\u00fcrlich &amp; Vielseitig (40 ml)<\/strong><\/h3>\n<p data-start=\"245\" data-end=\"751\">Ein reichhaltiger, hypoallergener Balsam auf Basis von reinem Lanolin, der f\u00fcr Babys und M\u00fctter gleicherma\u00dfen geeignet ist.<br data-start=\"337\" data-end=\"340\" \/>Sch\u00fctzt empfindliche Haut bei kaltem Wetter, lindert Windelausschlag und hilft bei trockenen oder rissigen Stellen.<br data-start=\"452\" data-end=\"455\" \/>Ideal auch f\u00fcr M\u00fctter mit wunden Brustwarzen w\u00e4hrend des Stillens - sicher, antibakteriell und muss vor dem Stillen nicht entfernt werden.<br data-start=\"601\" data-end=\"604\" \/>Ohne Parf\u00fcm und Konservierungsstoffe.<\/p>\n<p data-start=\"245\" data-end=\"751\">\u2714 F\u00fcr Baby, Mutter und empfindliche Haut<br data-start=\"712\" data-end=\"715\" \/>\u2714 A-Label des d\u00e4nischen Verbraucherrats<\/p>\n<p data-start=\"245\" data-end=\"751\"><strong>Marke: Lanacare<\/strong><br \/>\n<strong>Produktion: Litauen<\/strong><\/p>","protected":false},"featured_media":5624,"comment_status":"closed","ping_status":"closed","template":"","meta":{"_acf_changed":false},"product_brand":[],"product_cat":[349,360,362,353,225],"product_tag":[],"class_list":{"0":"post-6357","1":"product","2":"type-product","3":"status-publish","4":"has-post-thumbnail","6":"product_cat-borstvoedingenvoedingskussens","7":"product_cat-cadeautips","8":"product_cat-cadeaus-tot-e-25","9":"product_cat-lanacare","10":"product_cat-tepelzalf-zoogcompressen","12":"first","13":"instock","14":"taxable","15":"shipping-taxable","16":"purchasable","17":"product-type-simple"},"acf":[],"_links":{"self":[{"href":"https:\/\/woolskins.eu\/de\/wp-json\/wp\/v2\/product\/6357","targetHints":{"allow":["GET"]}}],"collection":[{"href":"https:\/\/woolskins.eu\/de\/wp-json\/wp\/v2\/product"}],"about":[{"href":"https:\/\/woolskins.eu\/de\/wp-json\/wp\/v2\/types\/product"}],"replies":[{"embeddable":true,"href":"https:\/\/woolskins.eu\/de\/wp-json\/wp\/v2\/comments?post=6357"}],"wp:featuredmedia":[{"embeddable":true,"href":"https:\/\/woolskins.eu\/de\/wp-json\/wp\/v2\/media\/5624"}],"wp:attachment":[{"href":"https:\/\/woolskins.eu\/de\/wp-json\/wp\/v2\/media?parent=6357"}],"wp:term":[{"taxonomy":"product_brand","embeddable":true,"href":"https:\/\/woolskins.eu\/de\/wp-json\/wp\/v2\/product_brand?post=6357"},{"taxonomy":"product_cat","embeddable":true,"href":"https:\/\/woolskins.eu\/de\/wp-json\/wp\/v2\/product_cat?post=6357"},{"taxonomy":"product_tag","embeddable":true,"href":"https:\/\/woolskins.eu\/de\/wp-json\/wp\/v2\/product_tag?post=6357"}],"curies":[{"name":"wp","href":"https:\/\/api.w.org\/{rel}","templated":true}]}}