{"id":6242,"date":"2021-09-01T12:48:54","date_gmt":"2021-09-01T12:48:54","guid":{"rendered":"https:\/\/woolskins.eu\/eco-baby-care-essential-3"},"modified":"2026-05-15T11:01:44","modified_gmt":"2026-05-15T11:01:44","slug":"eco-baby-care-essential-3","status":"publish","type":"product","link":"https:\/\/woolskins.eu\/de\/eco-baby-care-essential-3\/","title":{"rendered":"Schaffell f\u00fcr Kinderwagen \u2013 Essential (medizinisch)"},"content":{"rendered":"<p>Dieses Eco Baby-Care Lammfell ist speziell f\u00fcr die Verwendung im Kinderwagen, der Wiege, dem Autositz oder dem Babykorb zugeschnitten. Sehr bequem f\u00fcr unterwegs und zu Hause. Ideal f\u00fcr lange Urlaubsreisen in warme L\u00e4nder. Es ist \u00e4u\u00dferst bequem, da es atmungsaktiv ist und Schwei\u00df sofort aufnimmt, ohne dass sich Ihr Kind nass\/klamm anf\u00fchlt.<\/p>\n<p>\u2013 Ma\u00dfe 75 x 45 cm, Fell 2 cm.<br \/>\n\u2013 Kerben f\u00fcr Sicherheitsgurte 3 und 5 Punkte.<br \/>\n\u2013 Medizinisch gegerbt.<br \/>\n\u2013 Weiches und kompaktes Fell.<br \/>\n\u2013 Maschinenwaschbar und trocknergeeignet.<br \/>\n- Leicht zu pflegen.<\/p>\n<h5 class=\"Text1234883549__root Text1234883549---typography-11-runningText Text1234883549---priority-7-primary s8gg2 _2UIKs InfoSectionTitle3095652555__root\" aria-hidden=\"false\" data-hook=\"info-section-title\">Reisen Sie bequem<\/h5>\n<div class=\"rah-static rah-static--height-auto\" aria-hidden=\"false\">\n<div>\n<div class=\"_1yvxJ fggS- cell\">\n<div class=\"WncCi NTPd3\" data-hook=\"info-section-description\">\n<p>Wollfasern atmen und haben die Eigenschaft, als nat\u00fcrlicher Thermostat zu fungieren, der die K\u00f6rpertemperatur reguliert? Dies hilft Ihrem Baby, eine stabile Temperatur aufrechtzuerhalten und es trocken und komfortabel zu halten. Dies geschieht \u201edynamisch\u201c, das hei\u00dft, es geschieht dann, wenn es ben\u00f6tigt wird, und nicht, wenn es nicht ben\u00f6tigt wird. Warm im Winter und k\u00fchl im Sommer.<\/p>\n<\/div>\n<\/div>\n<\/div>\n<\/div>\n<p>Woolskins Baby-Care-M\u00e4ntel haben ein k\u00fcrzeres Fell und sind dadurch kindersicher. Sie sind ab der Geburt geeignet und da ihre Verarbeitung die Umwelt ber\u00fccksichtigt, schonen sie sowohl die Kleinen als auch den Planeten. Zu Hause oder unterwegs schaffen Sie eine angenehme Umgebung, in der sich Ihr Kind gl\u00fccklich und entspannt f\u00fchlt. Standardm\u00e4\u00dfig \u201egeschenkfertig\u201c verpackt mit einer pers\u00f6nlichen Notiz.<\/p>\n<h5><b>Eigenschaften Wesentlicher Mantel<\/b><\/h5>\n<p><span style=\"font-weight: 400;\">Dieses Baby-Care-Schaffell stammt von englischen Schafen. Es ist ein sehr weiches und kompaktes Fell und unser TIPP! Wie alle unsere anderen M\u00e4ntel sind auch Wollfasern atmungsaktiv. Dies hilft Ihrem Baby, eine stabile Temperatur aufrechtzuerhalten und sorgt daf\u00fcr, dass es trocken und komfortabel bleibt. K\u00fchl im Sommer und warm im Winter.<\/span><\/p>\n<h5><b>Umweltfreundlich<\/b><\/h5>\n<p><span style=\"font-weight: 400;\">Alle in der Gerberei und Veredelung verwendeten Produkte entsprechen den wesentlichen EU-Richtlinien zur Erhaltung und zum Schutz der Umwelt.<\/span><\/p>\n<p><span style=\"font-weight: 400;\">Unsere Vliese werden gem\u00e4\u00df den REACH-Verordnungen gegerbt, die erlassen wurden, um den Schutz der menschlichen Gesundheit und der Umwelt vor den Risiken zu verbessern, die von Chemikalien ausgehen k\u00f6nnen, und gleichzeitig die Wettbewerbsf\u00e4higkeit der chemischen Industrie der EU zu steigern. Bei der Produktion werden keine AZO-Farbstoffe verwendet.<\/span><\/p>\n<p><span style=\"font-weight: 400;\">\u00d6KO-PRODUKTE \u2013 Felle sind umweltfreundliche Felle, ihre Verarbeitung und Behandlung sind f\u00fcr Erwachsene und Kinder sicher. H\u00e4ute sind biologisch abbaubar, organisch.<\/span><\/p>\n<p><span style=\"font-weight: 400;\">Woolskins verkauft keine Schaffelle, die mit Mulesing behandelt wurden! Mulesing wird bei europ\u00e4ischen Schafen nicht angewendet, da der Parasit, der Landwirte dazu veranlasst, Mulesing anzuwenden, in Europa nicht vorkommt.<\/span><\/p>\n<h5><b>Bauchschl\u00e4fer ... aufgepasst!<\/b><\/h5>\n<p><span style=\"font-weight: 400;\">Kinder, die in den ersten 12 Monaten auf dem Bauch schlafen, sollten aus Sicherheitsgr\u00fcnden nicht auf weichem Untergrund schlafen, da dies gef\u00e4hrlich sein kann. Wir empfehlen daher, den Woolskins-Mantel mit Bedacht einzusetzen! Seien Sie stets aufmerksam, wenn Ihr Kind auf dem Bauch liegt oder schl\u00e4ft, und sorgen Sie daf\u00fcr, dass Ihr Kind stets beaufsichtigt wird.<\/span><\/p>\n<p>&nbsp;<\/p>","protected":false},"excerpt":{"rendered":"<p><strong>Weiches und nat\u00fcrliches Schafsfell f\u00fcr Babys - Woolskins<br \/>\n<\/strong><br \/>\nGeben Sie Ihrem Baby nur das Beste mit diesem hochwertigen, europ\u00e4ischen Schaffell von Woolskins. Das Vlies ist speziell kurz geschoren, um die Sicherheit Ihres Babys zu gew\u00e4hrleisten, und eignet sich ideal f\u00fcr die Verwendung im Kinderwagen, Maxi-Cosi oder Moseskorb. Es hat praktische \u00d6ffnungen f\u00fcr den 5-Punkt-Gurt, so dass Sie Ihr Baby sicher befestigen k\u00f6nnen, ohne auf Komfort zu verzichten. Die nat\u00fcrliche Wolle sorgt f\u00fcr ein angenehmes Tragegef\u00fchl durch Temperaturregulierung, und das hypoallergene Material ist sanft zur empfindlichen Haut. Dar\u00fcber hinaus hat das Fell eine beruhigende Wirkung, so dass sich Ihr Baby bei jeder Fahrt oder zu Hause entspannt f\u00fchlt. Langlebig und pflegeleicht, so dass Sie lange Freude daran haben werden. Lesen Sie mehr unter Produktinformation unten.<\/p>\n<p><strong>Marke: Woolskins<\/strong><br \/>\n<strong>Land: Polen<\/strong><\/p>","protected":false},"featured_media":9647,"comment_status":"closed","ping_status":"closed","template":"","meta":{"_acf_changed":false},"product_brand":[],"product_cat":[222,354],"product_tag":[],"class_list":{"0":"post-6242","1":"product","2":"type-product","3":"status-publish","4":"has-post-thumbnail","6":"product_cat-buggy-schapenvachtjes","7":"product_cat-woolskins","9":"first","10":"instock","11":"sale","12":"taxable","13":"shipping-taxable","14":"purchasable","15":"product-type-variable","16":"has-default-attributes"},"acf":[],"_links":{"self":[{"href":"https:\/\/woolskins.eu\/de\/wp-json\/wp\/v2\/product\/6242","targetHints":{"allow":["GET"]}}],"collection":[{"href":"https:\/\/woolskins.eu\/de\/wp-json\/wp\/v2\/product"}],"about":[{"href":"https:\/\/woolskins.eu\/de\/wp-json\/wp\/v2\/types\/product"}],"replies":[{"embeddable":true,"href":"https:\/\/woolskins.eu\/de\/wp-json\/wp\/v2\/comments?post=6242"}],"wp:featuredmedia":[{"embeddable":true,"href":"https:\/\/woolskins.eu\/de\/wp-json\/wp\/v2\/media\/9647"}],"wp:attachment":[{"href":"https:\/\/woolskins.eu\/de\/wp-json\/wp\/v2\/media?parent=6242"}],"wp:term":[{"taxonomy":"product_brand","embeddable":true,"href":"https:\/\/woolskins.eu\/de\/wp-json\/wp\/v2\/product_brand?post=6242"},{"taxonomy":"product_cat","embeddable":true,"href":"https:\/\/woolskins.eu\/de\/wp-json\/wp\/v2\/product_cat?post=6242"},{"taxonomy":"product_tag","embeddable":true,"href":"https:\/\/woolskins.eu\/de\/wp-json\/wp\/v2\/product_tag?post=6242"}],"curies":[{"name":"wp","href":"https:\/\/api.w.org\/{rel}","templated":true}]}}