{"id":6221,"date":"2021-09-01T12:48:54","date_gmt":"2021-09-01T12:48:54","guid":{"rendered":"https:\/\/woolskins.eu\/eco-baby-care-merino"},"modified":"2026-05-13T10:38:22","modified_gmt":"2026-05-13T10:38:22","slug":"schafsfell-fur-baby-oko-baby-pflege-merino","status":"publish","type":"product","link":"https:\/\/woolskins.eu\/de\/schapenvacht-voor-baby-eco-baby-care-merino\/","title":{"rendered":"Schaffell f\u00fcr Babys \u2013 Merino Extra Fine (medizinisch)"},"content":{"rendered":"<p><strong>Beschreibung<\/strong><\/p>\n<p>Woolskins Baby-Care Schaffelle f\u00fcr Babys haben ein k\u00fcrzeres Fell und sind dadurch babysicher. Sie sind ab der Geburt geeignet und da ihre Verarbeitung die Umwelt ber\u00fccksichtigt, schonen sie sowohl die Kleinen als auch den Planeten. Zu Hause oder unterwegs schaffen Sie eine angenehme Umgebung, in der sich Ihr Kind gl\u00fccklich und entspannt f\u00fchlt. Wussten Sie, dass Schaffell auch f\u00fcr Ihr Kind gesund ist?<\/p>\n<p>\u2013 L\u00e4nge 90-100 cm \/ Mantel 3 cm.<br \/>\n\u2013 Medizinisch gegerbt.<br \/>\n\u2013 Extra weiches und kompaktes Fell.<br \/>\n\u2013 Maschinenwaschbar und trocknergeeignet.<br \/>\n- Leicht zu pflegen.<\/p>\n<p>Bestellen Sie eine Pflegeb\u00fcrste, um Ihr Fell lange sch\u00f6n zu halten und\/oder lassen Sie Ihr Fell mit den Geburtsdaten Ihres\/des Kindes personalisieren. Ein wundersch\u00f6nes und einzigartiges Geschenk, exklusiv erh\u00e4ltlich bei Woolskins. Standardm\u00e4\u00dfig \u201egeschenkfertig\u201c verpackt mit einer pers\u00f6nlichen Notiz.<\/p>\n<p><strong>Eigenschaften Merino-Schaffell<\/strong><\/p>\n<p>Merinowolle\/Fell ist f\u00fcr die feineren Fellhaare der Merinoschafe bekannt und f\u00fchlt sich daher etwas weicher auf der Haut an. Die Haare sind feiner und dichter beieinander, wodurch das Fell kompakter wird. Wie alle unsere anderen M\u00e4ntel sind auch Wollfasern atmungsaktiv. Dies hilft Ihrem Baby, eine stabile Temperatur aufrechtzuerhalten und sorgt daf\u00fcr, dass es trocken und komfortabel bleibt. K\u00fchl im Sommer und warm im Winter.<\/p>\n<p><strong>Umweltfreundlich<\/strong><\/p>\n<p>Alle in der Gerberei und Veredelung verwendeten Produkte entsprechen den wesentlichen EU-Richtlinien zur Erhaltung und zum Schutz der Umwelt.<\/p>\n<p>Unser Babyschaffell wird gem\u00e4\u00df den REACH-Verordnungen gegerbt, die erlassen wurden, um den Schutz der menschlichen Gesundheit und der Umwelt vor den Risiken zu verbessern, die von Chemikalien ausgehen k\u00f6nnen, und gleichzeitig die Wettbewerbsf\u00e4higkeit der chemischen Industrie der EU zu steigern. Bei der Produktion werden keine AZO-Farbstoffe verwendet.<\/p>\n<p>\u00d6KO-PRODUKTE \u2013 Felle sind umweltfreundliche Schaffelle, ihre Verarbeitung und Behandlung sind f\u00fcr Erwachsene und Kinder sicher. H\u00e4ute sind biologisch abbaubar, organisch.<\/p>\n<p>Woolskins verkauft keine Schaffelle von Schafen, bei denen Mulesing angewendet wurde! Mulesing wird bei europ\u00e4ischen Schafen nicht angewendet, da der Parasit, der Landwirte dazu veranlasst, Mulesing anzuwenden, in Europa nicht vorkommt.<\/p>\n<p><strong>Bauchschl\u00e4fer ... aufgepasst!<\/strong><\/p>\n<p>Kinder, die in den ersten 12 Monaten auf dem Bauch schlafen, sollten aus Sicherheitsgr\u00fcnden nicht auf weichem Untergrund schlafen, da dies gef\u00e4hrlich sein kann. Wir empfehlen daher, das Woolskins Schaffell f\u00fcr Babys mit Bedacht einzusetzen! Seien Sie stets aufmerksam, wenn Ihr Kind auf dem Bauch liegt oder schl\u00e4ft, und sorgen Sie daf\u00fcr, dass Ihr Kind stets beaufsichtigt wird.<\/p>","protected":false},"excerpt":{"rendered":"<p><strong>Weiches und nat\u00fcrliches Schafsfell f\u00fcr Babys - Woolskins<br \/>\n<\/strong><br \/>\nGeben Sie Ihrem Baby nur das Beste mit dieser hochwertigen europ\u00e4ischen Schaffelldecke von Woolskins. Perfekt als weiche und bequeme Unterlage im Bettchen, Laufstall oder auf dem Boden. Das Vlies besteht aus weicher, nat\u00fcrlicher Wolle, die die Temperatur reguliert und die empfindliche Haut Ihres Babys sch\u00fctzt. Au\u00dferdem hat es eine beruhigende Wirkung, so dass sich Ihr Baby beim Spielen oder in ruhigen Momenten entspannt f\u00fchlt. Langlebig und pflegeleicht, damit Sie lange Freude daran haben. Weitere Informationen finden Sie unter Produktinformationen unten.<\/p>\n<p><strong>Marke: Woolskins<\/strong><br \/>\n<strong>Land: Polen<\/strong><\/p>","protected":false},"featured_media":10531,"comment_status":"open","ping_status":"closed","template":"","meta":{"_acf_changed":false},"product_brand":[],"product_cat":[354,216],"product_tag":[503],"class_list":{"0":"post-6221","1":"product","2":"type-product","3":"status-publish","4":"has-post-thumbnail","6":"product_cat-woolskins","7":"product_cat-schapenvacht-voor-baby","8":"product_tag-schapenvacht-vor-baby","10":"first","11":"instock","12":"sale","13":"taxable","14":"shipping-taxable","15":"purchasable","16":"product-type-variable","17":"has-default-attributes"},"acf":[],"_links":{"self":[{"href":"https:\/\/woolskins.eu\/de\/wp-json\/wp\/v2\/product\/6221","targetHints":{"allow":["GET"]}}],"collection":[{"href":"https:\/\/woolskins.eu\/de\/wp-json\/wp\/v2\/product"}],"about":[{"href":"https:\/\/woolskins.eu\/de\/wp-json\/wp\/v2\/types\/product"}],"replies":[{"embeddable":true,"href":"https:\/\/woolskins.eu\/de\/wp-json\/wp\/v2\/comments?post=6221"}],"wp:featuredmedia":[{"embeddable":true,"href":"https:\/\/woolskins.eu\/de\/wp-json\/wp\/v2\/media\/10531"}],"wp:attachment":[{"href":"https:\/\/woolskins.eu\/de\/wp-json\/wp\/v2\/media?parent=6221"}],"wp:term":[{"taxonomy":"product_brand","embeddable":true,"href":"https:\/\/woolskins.eu\/de\/wp-json\/wp\/v2\/product_brand?post=6221"},{"taxonomy":"product_cat","embeddable":true,"href":"https:\/\/woolskins.eu\/de\/wp-json\/wp\/v2\/product_cat?post=6221"},{"taxonomy":"product_tag","embeddable":true,"href":"https:\/\/woolskins.eu\/de\/wp-json\/wp\/v2\/product_tag?post=6221"}],"curies":[{"name":"wp","href":"https:\/\/api.w.org\/{rel}","templated":true}]}}