{"id":30284,"date":"2026-04-17T14:35:15","date_gmt":"2026-04-17T14:35:15","guid":{"rendered":"https:\/\/woolskins.eu\/?post_type=product&#038;p=30284"},"modified":"2026-04-17T14:41:41","modified_gmt":"2026-04-17T14:41:41","slug":"wollen-wikkeldeken-capuchondeken-hazelnoot","status":"publish","type":"product","link":"https:\/\/woolskins.eu\/de\/wollen-wikkeldeken-capuchondeken-hazelnoot\/","title":{"rendered":"Wollen Wikkeldeken &#8211; Capuchondeken voor Baby | Felted Hazelnoot"},"content":{"rendered":"<p>In dieser bequemen Woll-Wickeldecke mit Kapuze aus unserer \u201eFelted\u201c-Kollektion wird Ihr Kind wunderbar schlafen und tr\u00e4umen. Diese Wickel-\/Kapuzendecke f\u00e4llt sanft und ist sehr weich. Sie sehen wundersch\u00f6n und luxuri\u00f6s aus und sind \u00e4u\u00dferst bequem. Die Wickeldecke besteht aus 100%-Wolle und misst sofort die Temperatur Ihres Kindes. Damit k\u00f6nnen Sie Ihr Kind auch bequem wickeln, f\u00fcttern oder ganz einfach unterwegs mitnehmen, um Ihr Kind warm zu halten.<\/p>\n<p>\u2013 100% Schurwolle gefilzt mit Woolmark-G\u00fctesiegel.<br \/>\n\u2013 Glatte, weiche und kompakte Struktur<br \/>\n\u2013 Gute thermische Eigenschaften<br \/>\n\u2013 F\u00fcr zu Hause und unterwegs.<br \/>\n\u2013 Abmessungen: 80 x 80 cm.<br \/>\n\u2013 Europ\u00e4ische Produktion.<br \/>\n\u2013 Waschbar im Wollwaschprogramm 30\u00b0C.<br \/>\n\u2013 Exklusiv erh\u00e4ltlich bei Woolskins<\/p>\n<p>Wollfasern atmen und haben die Eigenschaft, als nat\u00fcrlicher Thermostat zu fungieren, der die K\u00f6rpertemperatur reguliert? Dies hilft Ihrem Baby, eine stabile Temperatur aufrechtzuerhalten und es trocken und komfortabel zu halten. Dies geschieht \u201edynamisch\u201c, das hei\u00dft, es geschieht dann, wenn es ben\u00f6tigt wird, und nicht, wenn es nicht ben\u00f6tigt wird. Warm im Winter und k\u00fchl im Sommer.<\/p>\n<p>Dieses Produkt tr\u00e4gt das G\u00fctesiegel \u201eSicher f\u00fcr Kinder\u201c und das Woolmark-G\u00fctesiegel.<\/p>\n<div id=\"product-7026\" class=\"product type-product post-7026 status-publish first instock product_cat-babyshower product_cat-cadeaus-e25-e50 product_cat-cadeautips product_cat-alwero product_cat-slaapkleding-baby product_cat-babydeken product_cat-best-verkocht has-post-thumbnail taxable shipping-taxable purchasable product-type-variable ct-ajax-add-to-cart thumbs-bottom sticky-summary ct-default-gallery\">\n<div class=\"woocommerce-tabs wc-tabs-wrapper\" data-type=\"type-1:center\">\n<article>\n<div id=\"tab-description\" class=\"woocommerce-Tabs-panel woocommerce-Tabs-panel--description panel entry-content wc-tab\" role=\"tabpanel\" aria-labelledby=\"tab-title-description\">\n<h5>Etikett f\u00fcr Wollh\u00e4ute<\/h5>\n<p>Nach Jahren erfolgreicher Zusammenarbeit mit Alwero k\u00f6nnen wir stolz verk\u00fcnden, dass wir unsere Produkte nun unter unserem eigenen Woolskins-Label f\u00fchren.<\/p>\n<p>Auf diese Weise erhalten Sie immer noch die beste Qualit\u00e4t, kombiniert mit den sch\u00f6nsten und einzigartigsten Produkten und Designs.<\/p>\n<p>Die Qualit\u00e4t der Stoffe und Farben bleibt wie immer, aber es gibt jetzt eine gr\u00f6\u00dfere Auswahl, von der Woolskins glaubt, dass sie sich von anderen abheben kann.<\/p>\n<p>Unsere umfangreiche Kollektion ist so zusammengestellt, dass sie eine gute Erg\u00e4nzung f\u00fcr jedes Babyset darstellt. Sie besteht aus atmungsaktiver europ\u00e4ischer 100%-Wolle und ist f\u00fcr jede Jahreszeit geeignet.<\/p>\n<p>Mit Begeisterung b\u00fcndeln wir unsere Kr\u00e4fte, um ein nachhaltiges, nat\u00fcrliches und h\u00f6chst komfortables Produkt f\u00fcr Ihr Kind zu schaffen.<\/p>\n<\/div>\n<\/article>\n<\/div>\n<\/div>","protected":false},"excerpt":{"rendered":"<p>Diese Wollwickeldecke aus gefilzter Wolle mit Kapuze ist ein warmes und bequemes Produkt, das f\u00fcr alle Jahreszeiten geeignet ist. Es besteht aus weicher und nat\u00fcrlicher Wolle, die gut isoliert, atmungsaktiv ist und sanft f\u00e4llt. Die Wickeldecke hat eine Kapuze, die den Kopf sch\u00f6n warm h\u00e4lt. Es ist ein vielseitiges und praktisches Produkt, das sowohl f\u00fcr den Innen- als auch f\u00fcr den Au\u00dfenbereich geeignet ist. Eine Wollwickeldecke mit Kapuze ist ein echtes \u201eMust-Have\u201c f\u00fcr jedes Babyset, eignet sich aber auch gut als Geschenk. Sie ist in verschiedenen Wollstoffen und Farben erh\u00e4ltlich, sodass Sie immer eine Wickeldecke finden, die zu Ihnen passt. Die Wickeldecke besteht aus 100%-Wolle und misst sofort die Temperatur Ihres Kindes. Damit k\u00f6nnen Sie Ihr Kind auch bequem wickeln, f\u00fcttern oder ganz einfach unterwegs mitnehmen, um Ihr Kind warm zu halten.<\/p>\n<p><strong>Marke: Woolskins<\/strong><br \/>\n<strong>Produktion: Polen<\/strong><\/p>","protected":false},"featured_media":30287,"comment_status":"closed","ping_status":"closed","template":"","meta":{"_acf_changed":false},"product_brand":[],"product_cat":[361,360,364,499,196,321,194],"product_tag":[],"class_list":{"0":"post-30284","1":"product","2":"type-product","3":"status-publish","4":"has-post-thumbnail","6":"product_cat-babyshower","7":"product_cat-cadeautips","8":"product_cat-cadeaus-vanaf-e50","9":"product_cat-new-arrivals","10":"product_cat-slaapkleding-baby","11":"product_cat-wikkeldekens","12":"product_cat-wollen-babyproducten","14":"first","15":"instock","16":"taxable","17":"shipping-taxable","18":"purchasable","19":"product-type-simple"},"acf":[],"_links":{"self":[{"href":"https:\/\/woolskins.eu\/de\/wp-json\/wp\/v2\/product\/30284","targetHints":{"allow":["GET"]}}],"collection":[{"href":"https:\/\/woolskins.eu\/de\/wp-json\/wp\/v2\/product"}],"about":[{"href":"https:\/\/woolskins.eu\/de\/wp-json\/wp\/v2\/types\/product"}],"replies":[{"embeddable":true,"href":"https:\/\/woolskins.eu\/de\/wp-json\/wp\/v2\/comments?post=30284"}],"wp:featuredmedia":[{"embeddable":true,"href":"https:\/\/woolskins.eu\/de\/wp-json\/wp\/v2\/media\/30287"}],"wp:attachment":[{"href":"https:\/\/woolskins.eu\/de\/wp-json\/wp\/v2\/media?parent=30284"}],"wp:term":[{"taxonomy":"product_brand","embeddable":true,"href":"https:\/\/woolskins.eu\/de\/wp-json\/wp\/v2\/product_brand?post=30284"},{"taxonomy":"product_cat","embeddable":true,"href":"https:\/\/woolskins.eu\/de\/wp-json\/wp\/v2\/product_cat?post=30284"},{"taxonomy":"product_tag","embeddable":true,"href":"https:\/\/woolskins.eu\/de\/wp-json\/wp\/v2\/product_tag?post=30284"}],"curies":[{"name":"wp","href":"https:\/\/api.w.org\/{rel}","templated":true}]}}