{"id":30157,"date":"2026-04-04T10:37:35","date_gmt":"2026-04-04T10:37:35","guid":{"rendered":"https:\/\/woolskins.eu\/?post_type=product&#038;p=30157"},"modified":"2026-04-04T10:42:16","modified_gmt":"2026-04-04T10:42:16","slug":"a-basic-brand-babysjaaltje-rib-brown","status":"publish","type":"product","link":"https:\/\/woolskins.eu\/de\/a-basic-brand-babysjaaltje-rib-brown\/","title":{"rendered":"A Basic Brand &#8211; Babysjaaltje Rib | Brown"},"content":{"rendered":"<p>Schal aus gerippter Baumwolle. Perfekte Erg\u00e4nzung zu unserer Rippm\u00fctze. Erh\u00e4ltlich in einer Universalgr\u00f6\u00dfe, die jedem passt.<\/p>\n<p>STANDARD 100 von OEKO-TEX\u00ae<\/p>\n<p>EINE GR\u00d6SSE (0 \u2013 3 Monate \u2013 Einlegesohlenl\u00e4nge \u2013 10 cm)<\/p>\n<h5>Eine Babymarke<\/h5>\n<p>Entdecken Sie eine wirklich minimalistische Garderobe voller praktischer Essentials. Kombinieren Sie unsere Unisex-Modelle und -Farben. Kein Logo, kein Aufdruck, kein Schnickschnack.<\/p>\n<p>Unsere Mission ist es, Ihr Leben einfacher zu machen. Eine der Hauptideen unserer Philosophie ist daher PRAXIS. Uns liegt auch unser Planet sehr am Herzen und wir w\u00fcnschen uns, dass jeder ein minimalistischeres Leben f\u00fchrt und daher weniger Kleidung verwendet (#VERBRAUCH).<\/p>\n<p>Deshalb ist die Qualit\u00e4t unserer Produkte h\u00f6chstm\u00f6glich. Sie k\u00f6nnen sie jahrelang verwenden und weitergeben, wenn Sie fertig sind. Wir verwenden hochwertige Stoffe mit dem GOTS-Zertifikat f\u00fcr Bio-Baumwolle und dem STANDARD 100 von OEKO-TEX\u00ae. Alle unsere Produkte k\u00f6nnen beliebig oft in der Maschine gewaschen und im Trockner getrocknet werden. Sie werden feststellen, dass unser Baumwollvlies nicht einmal geb\u00fcgelt werden muss, um gut auszusehen.<\/p>","protected":false},"excerpt":{"rendered":"<p data-start=\"44\" data-end=\"345\">Zachte en stijlvolle katoenen rib sjaal voor baby\u2019s, perfect te combineren met de bijpassende ribbeanie. Deze baby sjaal van katoen is ademend, comfortabel en ideaal voor dagelijks gebruik. Dankzij de one size pasvorm (0\u20133 maanden) sluit hij mooi aan en biedt hij warmte zonder te knellen.<\/p>\n<p data-start=\"347\" data-end=\"563\">Gemaakt van 97% katoen en 3% elastaan en voorzien van het OEKO-TEX\u00ae STANDARD 100 keurmerk \u2013 veilig voor de gevoelige babyhuid. Een praktische en duurzame toevoeging aan een minimalistische baby garderobe.<\/p>\n<p data-start=\"347\" data-end=\"563\"><strong>Marke: Eine Basic-Marke<\/strong><br \/>\n<strong>Land: Polen<\/strong><\/p>","protected":false},"featured_media":30154,"comment_status":"open","ping_status":"closed","template":"","meta":{"_acf_changed":false},"product_brand":[],"product_cat":[360,335,361,362,529,535],"product_tag":[],"class_list":{"0":"post-30157","1":"product","2":"type-product","3":"status-publish","4":"has-post-thumbnail","6":"product_cat-cadeautips","7":"product_cat-a_baby_brand","8":"product_cat-babyshower","9":"product_cat-cadeaus-tot-e-25","10":"product_cat-katoenen-babykleertjes","11":"product_cat-katoenen-babymuts-babysjaaltjes","13":"first","14":"instock","15":"taxable","16":"shipping-taxable","17":"purchasable","18":"product-type-simple"},"acf":[],"_links":{"self":[{"href":"https:\/\/woolskins.eu\/de\/wp-json\/wp\/v2\/product\/30157","targetHints":{"allow":["GET"]}}],"collection":[{"href":"https:\/\/woolskins.eu\/de\/wp-json\/wp\/v2\/product"}],"about":[{"href":"https:\/\/woolskins.eu\/de\/wp-json\/wp\/v2\/types\/product"}],"replies":[{"embeddable":true,"href":"https:\/\/woolskins.eu\/de\/wp-json\/wp\/v2\/comments?post=30157"}],"wp:featuredmedia":[{"embeddable":true,"href":"https:\/\/woolskins.eu\/de\/wp-json\/wp\/v2\/media\/30154"}],"wp:attachment":[{"href":"https:\/\/woolskins.eu\/de\/wp-json\/wp\/v2\/media?parent=30157"}],"wp:term":[{"taxonomy":"product_brand","embeddable":true,"href":"https:\/\/woolskins.eu\/de\/wp-json\/wp\/v2\/product_brand?post=30157"},{"taxonomy":"product_cat","embeddable":true,"href":"https:\/\/woolskins.eu\/de\/wp-json\/wp\/v2\/product_cat?post=30157"},{"taxonomy":"product_tag","embeddable":true,"href":"https:\/\/woolskins.eu\/de\/wp-json\/wp\/v2\/product_tag?post=30157"}],"curies":[{"name":"wp","href":"https:\/\/api.w.org\/{rel}","templated":true}]}}