{"id":27924,"date":"2025-12-05T10:53:46","date_gmt":"2025-12-05T10:53:46","guid":{"rendered":"https:\/\/woolskins.eu\/?post_type=product&#038;p=27924"},"modified":"2026-03-13T12:49:14","modified_gmt":"2026-03-13T12:49:14","slug":"schapenvacht-voor-kinderwagen-natural-spotted-special-edition","status":"publish","type":"product","link":"https:\/\/woolskins.eu\/de\/schapenvacht-voor-kinderwagen-natural-spotted-special-edition\/","title":{"rendered":"Schapenvacht voor Kinderwagen &#8211; Natural Spotted Special Edition"},"content":{"rendered":"<p>Dieses Eco Baby-Care Lammfell ist speziell f\u00fcr die Verwendung im Kinderwagen, der Wiege, dem Autositz oder dem Babykorb zugeschnitten. Sehr bequem f\u00fcr unterwegs und zu Hause. Ideal f\u00fcr lange Urlaubsreisen in warme L\u00e4nder. Es ist \u00e4u\u00dferst bequem, da es atmungsaktiv ist und Schwei\u00df sofort aufnimmt, ohne dass sich Ihr Kind nass\/klamm anf\u00fchlt.<\/p>\n<p>\u2013 Ma\u00dfe 75 x 45 cm, Fell 2 cm.<br \/>\n\u2013 Kerben f\u00fcr Sicherheitsgurte 3 und 5 Punkte.<br \/>\n\u2013 Weiches und kompaktes Fell.<br \/>\n\u2013 <strong>NICHT<\/strong> Hand- und maschinenwaschbar und trocknergeeignet.<br \/>\n- Leicht zu pflegen.<\/p>\n<h5><b>Reisen Sie bequem<\/b><\/h5>\n<p>Wollfasern atmen und haben die Eigenschaft, als nat\u00fcrlicher Thermostat zu fungieren, der die K\u00f6rpertemperatur reguliert? Dies hilft Ihrem Baby, eine stabile Temperatur aufrechtzuerhalten und es trocken und komfortabel zu halten. Dies geschieht \u201edynamisch\u201c, das hei\u00dft, es geschieht dann, wenn es ben\u00f6tigt wird, und nicht, wenn es nicht ben\u00f6tigt wird. Warm im Winter und k\u00fchl im Sommer.<\/p>\n<p>Woolskins Baby-Care-M\u00e4ntel haben ein k\u00fcrzeres Fell und sind dadurch kindersicher. Sie sind ab der Geburt geeignet und da ihre Verarbeitung die Umwelt ber\u00fccksichtigt, schonen sie sowohl die Kleinen als auch den Planeten. Zu Hause oder unterwegs schaffen Sie eine angenehme Umgebung, in der sich Ihr Kind gl\u00fccklich und entspannt f\u00fchlt. Standardm\u00e4\u00dfig \u201egeschenkfertig\u201c verpackt mit einer pers\u00f6nlichen Notiz.<\/p>\n<h5><strong>Eigenschaften Komfort-Schaffell<\/strong><\/h5>\n<p>Dieses Baby-Care-Schaffell stammt von englischen Schafen. Es ist ein sehr weiches und sch\u00f6n kompaktes Fell. Dieser Comfort-Mantel ist \u201edas\u201c Schaffell, das wir aus der Vergangenheit kennen, wir haben es nur auf kurze L\u00e4nge scheren lassen. Sehr sicher. Wie alle unsere anderen M\u00e4ntel sind auch Wollfasern atmungsaktiv. Dies hilft Ihrem Baby, eine stabile Temperatur aufrechtzuerhalten und sorgt daf\u00fcr, dass es trocken und komfortabel bleibt. K\u00fchl im Sommer und warm im Winter.<\/p>\n<h5><b>Umweltfreundlich<\/b><\/h5>\n<p>Alle in der Gerberei und Veredelung verwendeten Produkte entsprechen den wesentlichen EU-Richtlinien zur Erhaltung und zum Schutz der Umwelt.<\/p>\n<p>Unsere Vliese werden gem\u00e4\u00df den REACH-Verordnungen gegerbt, die erlassen wurden, um den Schutz der menschlichen Gesundheit und der Umwelt vor den Risiken zu verbessern, die von Chemikalien ausgehen k\u00f6nnen, und gleichzeitig die Wettbewerbsf\u00e4higkeit der chemischen Industrie der EU zu steigern. Bei der Produktion werden keine AZO-Farbstoffe verwendet.<\/p>\n<p>\u00d6KO-PRODUKTE \u2013 Felle sind umweltfreundliche Felle, ihre Verarbeitung und Behandlung sind f\u00fcr Erwachsene und Kinder sicher. H\u00e4ute sind biologisch abbaubar, organisch.<\/p>\n<p>Woolskins verkauft keine Schaffelle, die mit Mulesing behandelt wurden! Mulesing wird bei europ\u00e4ischen Schafen nicht angewendet, da der Parasit, der Landwirte dazu veranlasst, Mulesing anzuwenden, in Europa nicht vorkommt.<\/p>\n<h5><b>Bauchschl\u00e4fer ... aufgepasst!<\/b><\/h5>\n<p>Kinder, die in den ersten 12 Monaten auf dem Bauch schlafen, sollten aus Sicherheitsgr\u00fcnden nicht auf weichem Untergrund schlafen, da dies gef\u00e4hrlich sein kann. Wir empfehlen daher, den Woolskins-Mantel mit Bedacht einzusetzen! Seien Sie stets aufmerksam, wenn Ihr Kind auf dem Bauch liegt oder schl\u00e4ft, und sorgen Sie daf\u00fcr, dass Ihr Kind stets beaufsichtigt wird.<\/p>","protected":false},"excerpt":{"rendered":"<p data-start=\"91\" data-end=\"164\"><strong data-start=\"91\" data-end=\"164\">Zacht, natuurlijk en exclusief schapenvachtje voor baby\u2019s \u2013 Woolskins<\/strong><\/p>\n<p data-start=\"166\" data-end=\"501\">Geef je kindje het allerbeste met dit hoogwaardige schapenvachtje van Woolskins. Deze <strong data-start=\"252\" data-end=\"280\">zeer gelimiteerde oplage<\/strong> is gemaakt van <strong data-start=\"296\" data-end=\"335\">puur natuurlijke, gevlekte vachtjes<\/strong> \u2013 dus <strong data-start=\"342\" data-end=\"358\">niet geverfd<\/strong>, zoals je vaak ziet bij collega-merken. Doordat de vachtjes volledig naturel zijn, is <strong data-start=\"445\" data-end=\"479\">ieder exemplaar absoluut uniek<\/strong> in kleur en tekening.<\/p>\n<p data-start=\"503\" data-end=\"857\">Alle vachten zijn afkomstig van <strong data-start=\"535\" data-end=\"555\">Europese schapen<\/strong> en worden ook <strong data-start=\"570\" data-end=\"591\">in Europa gelooid<\/strong> volgens hoge ecologische standaarden. Het vachtje is veilig kort geschoren voor baby\u2019s en ideaal voor gebruik in de kinderwagen, Maxi-Cosi of Mosesmand. Dankzij de handige openingen voor de 5-puntsgordel zet je je kindje veilig vast zonder in te leveren op comfort.<\/p>\n<p data-start=\"859\" data-end=\"1109\">De natuurlijke wol werkt temperatuurregulerend en is hypoallergeen, waardoor het zacht en veilig is voor de gevoelige babyhuid. Daarnaast heeft het een rustgevend, omhullend effect, waardoor je kindje zich ontspannen voelt \u2013 zowel onderweg als thuis.<\/p>\n<p data-start=\"1111\" data-end=\"1267\">Duurzaam, onderhoudsvriendelijk en extra bijzonder doordat <strong data-start=\"1170\" data-end=\"1205\">geen enkel vachtje hetzelfde is<\/strong>. Meer informatie lees je onder <em data-start=\"1237\" data-end=\"1256\">productinformatie<\/em> hieronder.<\/p>\n<p><strong>Marke: Woolskins<\/strong><br \/>\n<strong>Land: Polen<\/strong><\/p>","protected":false},"featured_media":27933,"comment_status":"closed","ping_status":"closed","template":"","meta":{"_acf_changed":false},"product_brand":[],"product_cat":[499,222,354],"product_tag":[372],"class_list":{"0":"post-27924","1":"product","2":"type-product","3":"status-publish","4":"has-post-thumbnail","6":"product_cat-new-arrivals","7":"product_cat-buggy-schapenvachtjes","8":"product_cat-woolskins","9":"product_tag-populair","11":"first","12":"instock","13":"taxable","14":"shipping-taxable","15":"purchasable","16":"product-type-variable","17":"has-default-attributes"},"acf":[],"_links":{"self":[{"href":"https:\/\/woolskins.eu\/de\/wp-json\/wp\/v2\/product\/27924","targetHints":{"allow":["GET"]}}],"collection":[{"href":"https:\/\/woolskins.eu\/de\/wp-json\/wp\/v2\/product"}],"about":[{"href":"https:\/\/woolskins.eu\/de\/wp-json\/wp\/v2\/types\/product"}],"replies":[{"embeddable":true,"href":"https:\/\/woolskins.eu\/de\/wp-json\/wp\/v2\/comments?post=27924"}],"wp:featuredmedia":[{"embeddable":true,"href":"https:\/\/woolskins.eu\/de\/wp-json\/wp\/v2\/media\/27933"}],"wp:attachment":[{"href":"https:\/\/woolskins.eu\/de\/wp-json\/wp\/v2\/media?parent=27924"}],"wp:term":[{"taxonomy":"product_brand","embeddable":true,"href":"https:\/\/woolskins.eu\/de\/wp-json\/wp\/v2\/product_brand?post=27924"},{"taxonomy":"product_cat","embeddable":true,"href":"https:\/\/woolskins.eu\/de\/wp-json\/wp\/v2\/product_cat?post=27924"},{"taxonomy":"product_tag","embeddable":true,"href":"https:\/\/woolskins.eu\/de\/wp-json\/wp\/v2\/product_tag?post=27924"}],"curies":[{"name":"wp","href":"https:\/\/api.w.org\/{rel}","templated":true}]}}