{"id":27432,"date":"2025-11-14T10:51:41","date_gmt":"2025-11-14T10:51:41","guid":{"rendered":"https:\/\/woolskins.eu\/?post_type=product&#038;p=27432"},"modified":"2026-03-28T12:29:40","modified_gmt":"2026-03-28T12:29:40","slug":"wollschlafsack","status":"publish","type":"product","link":"https:\/\/woolskins.eu\/de\/wollen-slaapzak\/","title":{"rendered":"Wollschlafsack Baby &amp; Kleinkind | Gefilzt Beige"},"content":{"rendered":"<p data-start=\"126\" data-end=\"937\">Dieser Wollschlafsack mit Beinen ist so konzipiert, dass er mit dem Tagesrhythmus Ihres Kindes mitw\u00e4chst. W\u00e4hrend herk\u00f6mmliche Schlafs\u00e4cke haupts\u00e4chlich f\u00fcr die Verwendung im Bett geeignet sind, bietet dieses Modell viel mehr Freiheit. Die losen Beine erm\u00f6glichen es Ihrem Kind, sich frei zu bewegen, sobald es aufwacht: Sitzen, Krabbeln, Laufen und Spielen sind m\u00fchelos m\u00f6glich, ohne dass es dabei an W\u00e4rme verliert. Damit ist der Schlafsack ideal f\u00fcr lange, ruhige Vormittage am Wochenende, f\u00fcr Kleinkinder, die morgens kuscheln und spielen wollen, f\u00fcr Kinder, die schnell ausk\u00fchlen, sobald sie aus dem Bett kommen, f\u00fcr gem\u00fctliche Momente auf der Couch oder im Wohnzimmer und f\u00fcr Kinder, die beim Wickeln nur schwer stillhalten k\u00f6nnen. Ihr Kind bleibt warm und bequem, aber ohne die Einschr\u00e4nkungen eines traditionellen Schlafsacks.<\/p>\n<p data-start=\"126\" data-end=\"937\"><strong>100% Schurwollstapel<\/strong><\/p>\n<p data-start=\"670\" data-end=\"706\"><strong>Das macht den Schlafsack ideal f\u00fcr:<\/strong><\/p>\n<ul data-start=\"707\" data-end=\"982\">\n<li data-start=\"707\" data-end=\"750\">\n<p data-start=\"709\" data-end=\"750\">lange, ruhige Vormittage an Wochenenden<\/p>\n<\/li>\n<li data-start=\"751\" data-end=\"813\">\n<p data-start=\"753\" data-end=\"813\">Kleinkinder, die am Morgen gerne kuscheln und spielen<\/p>\n<\/li>\n<li data-start=\"814\" data-end=\"867\">\n<p data-start=\"816\" data-end=\"867\">Kinder, die schnell ausk\u00fchlen, sobald sie das Bett verlassen<\/p>\n<\/li>\n<li data-start=\"868\" data-end=\"910\">\n<p data-start=\"870\" data-end=\"910\">Momente auf dem Sofa oder im Wohnzimmer<\/p>\n<\/li>\n<li data-start=\"911\" data-end=\"982\">\n<p data-start=\"913\" data-end=\"982\">Kinder, die beim Wickeln oder Umziehen nicht stillhalten<\/p>\n<\/li>\n<\/ul>\n<p data-start=\"984\" data-end=\"1083\"><strong>Ihr Baby bleibt warm und bequem, aber ohne die Einschr\u00e4nkungen eines herk\u00f6mmlichen Schlafsacks.<\/strong><\/p>\n<p data-start=\"1085\" data-end=\"1347\"><strong>Umschlagmanschetten f\u00fcr warme F\u00fc\u00dfe oder freie Zehen.<\/strong><\/p>\n<p data-start=\"1085\" data-end=\"1347\">Ein zus\u00e4tzlicher Vorteil dieses Modells sind die intelligenten Umschlagb\u00fcndchen an den Beinen. Damit k\u00f6nnen Sie die F\u00fc\u00dfe komplett warm halten und einpacken oder sie offen lassen, wenn Ihr Kind laufen, erkunden oder spielen m\u00f6chte.<\/p>\n<ul data-start=\"1348\" data-end=\"1494\">\n<li data-start=\"1348\" data-end=\"1416\">\n<p data-start=\"1350\" data-end=\"1416\">Enge F\u00fc\u00dfe halten die W\u00e4rme beim Schlafen oder Faulenzen.<\/p>\n<\/li>\n<li data-start=\"1417\" data-end=\"1494\">\n<p data-start=\"1419\" data-end=\"1494\">Offene F\u00fc\u00dfe geben Ihrem Kind die Freiheit, sicher zu laufen und zu spielen.<\/p>\n<\/li>\n<\/ul>\n<p data-start=\"1496\" data-end=\"1639\">F\u00fcr viele M\u00fctter ist dies die L\u00f6sung f\u00fcr einen Morgen, an dem ihr Baby noch nicht angezogen werden muss, aber gerne heruml\u00e4uft und aktiv ist.<\/p>\n<p data-start=\"1641\" data-end=\"1851\"><strong>Warum Wolle so gut f\u00fcr Babys und Kinder ist<\/strong><\/p>\n<p data-start=\"1641\" data-end=\"1851\">Wolle ist von Natur aus ein au\u00dfergew\u00f6hnliches Material, sowohl im Schlaf als auch wenn Ihr Baby aktiv ist. Sie reguliert die Temperatur auf nat\u00fcrliche Weise.<\/p>\n<ul data-start=\"1852\" data-end=\"1967\">\n<li data-start=\"1852\" data-end=\"1898\">\n<p data-start=\"1854\" data-end=\"1898\">Wolle speichert die W\u00e4rme, wenn es kalt ist.<\/p>\n<\/li>\n<li data-start=\"1899\" data-end=\"1967\">\n<p data-start=\"1901\" data-end=\"1967\">Wolle transportiert \u00fcbersch\u00fcssige W\u00e4rme und Feuchtigkeit ab, wenn es warm wird.<\/p>\n<\/li>\n<\/ul>\n<p data-start=\"1969\" data-end=\"2212\">Dies verhindert eine \u00dcberhitzung Ihres Babys, sorgt f\u00fcr einen erholsameren Schlaf und h\u00e4lt die K\u00f6rpertemperatur besser im Gleichgewicht. Dies ist besonders wichtig f\u00fcr S\u00e4uglinge und Kleinkinder, die ihre Temperatur noch kaum selbst regulieren k\u00f6nnen.<\/p>\n<p data-start=\"2214\" data-end=\"2368\">Au\u00dferdem ist die verwendete Wolle medizinisch gegerbt, hypoallergen und frei von Schadstoffen. Dies macht den Schlafsack besonders geeignet f\u00fcr kleine Kinder mit:<\/p>\n<ul data-start=\"2369\" data-end=\"2438\">\n<li data-start=\"2369\" data-end=\"2379\">\n<p data-start=\"2371\" data-end=\"2379\">Ekzem<\/p>\n<\/li>\n<li data-start=\"2380\" data-end=\"2423\">\n<p data-start=\"2382\" data-end=\"2423\">empfindliche oder leicht reizbare Haut<\/p>\n<\/li>\n<li data-start=\"2424\" data-end=\"2438\">\n<p data-start=\"2426\" data-end=\"2438\">Allergien<\/p>\n<\/li>\n<\/ul>\n<p data-start=\"2440\" data-end=\"2554\">Wolle ist au\u00dferdem bakterienresistent und unattraktiv f\u00fcr Hausstaubmilben, was zu einer gesunden Schlafumgebung beitr\u00e4gt.<\/p>\n<p data-start=\"2556\" data-end=\"2886\">Wolle ist au\u00dferdem atmungsaktiv, geruchsresistent und selbstreinigend. Sie neutralisiert Ger\u00fcche, ist au\u00dfergew\u00f6hnlich atmungsaktiv und muss nur selten gewaschen werden; oft reicht ein kurzes L\u00fcften. Die weiche, anschmiegsame Struktur der Wolle gibt Kindern au\u00dferdem ein Gef\u00fchl der Sicherheit und Geborgenheit, wodurch sie oft ruhiger, weniger unruhig und tiefer schlafen.<\/p>\n<p data-start=\"2888\" data-end=\"2982\"><strong>Ideal f\u00fcr Kinder, die bereits laufen k\u00f6nnen<\/strong><\/p>\n<p data-start=\"2888\" data-end=\"2982\">Die Beine und die flexible Passform erm\u00f6glichen es Ihrem Kind,:<\/p>\n<ul data-start=\"2983\" data-end=\"3125\">\n<li data-start=\"2983\" data-end=\"3022\">\n<p data-start=\"2985\" data-end=\"3022\">Aufstehen aus dem Bett, ohne sich abzuk\u00fchlen<\/p>\n<\/li>\n<li data-start=\"3023\" data-end=\"3043\">\n<p data-start=\"3025\" data-end=\"3043\">sicher herumlaufen<\/p>\n<\/li>\n<li data-start=\"3044\" data-end=\"3066\">\n<p data-start=\"3046\" data-end=\"3066\">eigenst\u00e4ndiges Spiel<\/p>\n<\/li>\n<li data-start=\"3067\" data-end=\"3125\">\n<p data-start=\"3069\" data-end=\"3125\">ein gem\u00fctliches Fr\u00fchst\u00fcck oder ein morgendliches Ritual<\/p>\n<\/li>\n<\/ul>\n<p data-start=\"3127\" data-end=\"3260\">Sie m\u00fcssen sich nicht mehr sofort umziehen oder sich um kalte F\u00fc\u00dfe sorgen: Der Schlafsack bleibt einfach an und unterst\u00fctzt alle morgendlichen Rituale.<\/p>\n<p data-start=\"3262\" data-end=\"3539\"><strong>Perfekt f\u00fcr morgens und abends zu Hause<\/strong><\/p>\n<p data-start=\"3262\" data-end=\"3539\">Viele M\u00fctter bezeichnen diesen Wollschlafsack als einen echten Morgenhelden. Er ist ideal f\u00fcr gem\u00fctliche Wochenendmorgen, wenn Ihr Baby noch im Schlafsack durch das Zimmer l\u00e4uft, mit Ihnen auf dem Sofa herumkrabbelt oder leise spielt, w\u00e4hrend Sie in den Tag starten.<\/p>","protected":false},"excerpt":{"rendered":"<p>W\u00e4hrend herk\u00f6mmliche Schlafs\u00e4cke haupts\u00e4chlich f\u00fcr den Gebrauch im Bett gedacht sind, bietet dieser Wollschlafsack mit R\u00f6hren viel mehr M\u00f6glichkeiten. Dank der <strong data-start=\"1093\" data-end=\"1110\">lose Rohre<\/strong> Mit den Umschlagb\u00fcndchen kann sich Ihr Kind sofort nach dem Aufwachen frei bewegen: sitzen, krabbeln, laufen oder spielen, ohne W\u00e4rme zu verlieren. Dieser einzigartige Schlafsack ist hergestellt aus <strong data-start=\"731\" data-end=\"765\">zuiver scheerwol met OekoTex keur<\/strong>, Ein weiches und hypoallergenes Material, das Ihr Kind sicher warm h\u00e4lt und es besser schlafen l\u00e4sst. Viele M\u00fctter bezeichnen diesen Wollschlafsack als einen echten Morgenhelden. Er ist ideal f\u00fcr gem\u00fctliche Wochenendmorgen, wenn Ihr Kind noch im Schlafsack durch das Zimmer l\u00e4uft, mit Ihnen auf dem Sofa herumkrabbelt oder leise spielt, w\u00e4hrend Sie den Tag beginnen.<\/p>\n<p><strong>Marke: Woolskins<\/strong><br \/>\n<strong>Produktion: Polen<br \/>\nKeur: Oeko-Tex Standard<\/strong><\/p>\n<p><img loading=\"lazy\" decoding=\"async\" class=\"alignnone wp-image-28173 entered lazyloaded\" src=\"https:\/\/woolskins.eu\/wp-content\/uploads\/2024\/05\/csm_OEKO-TEX_Logo_2022_rgb_c1aaeb5ceb-300x300.jpg\" alt=\"\" width=\"89\" height=\"89\" data-lazy-src=\"https:\/\/woolskins.eu\/wp-content\/uploads\/2024\/05\/csm_OEKO-TEX_Logo_2022_rgb_c1aaeb5ceb-300x300.jpg\" data-ll-status=\"loaded\" srcset=\"https:\/\/woolskins.eu\/wp-content\/uploads\/2024\/05\/csm_OEKO-TEX_Logo_2022_rgb_c1aaeb5ceb-300x300.jpg 300w, https:\/\/woolskins.eu\/wp-content\/uploads\/2024\/05\/csm_OEKO-TEX_Logo_2022_rgb_c1aaeb5ceb-150x150.jpg 150w, https:\/\/woolskins.eu\/wp-content\/uploads\/2024\/05\/csm_OEKO-TEX_Logo_2022_rgb_c1aaeb5ceb-768x769.jpg 768w, https:\/\/woolskins.eu\/wp-content\/uploads\/2024\/05\/csm_OEKO-TEX_Logo_2022_rgb_c1aaeb5ceb-12x12.jpg 12w, https:\/\/woolskins.eu\/wp-content\/uploads\/2024\/05\/csm_OEKO-TEX_Logo_2022_rgb_c1aaeb5ceb-600x601.jpg 600w, https:\/\/woolskins.eu\/wp-content\/uploads\/2024\/05\/csm_OEKO-TEX_Logo_2022_rgb_c1aaeb5ceb-100x100.jpg 100w, https:\/\/woolskins.eu\/wp-content\/uploads\/2024\/05\/csm_OEKO-TEX_Logo_2022_rgb_c1aaeb5ceb-64x64.jpg 64w, https:\/\/woolskins.eu\/wp-content\/uploads\/2024\/05\/csm_OEKO-TEX_Logo_2022_rgb_c1aaeb5ceb.jpg 885w\" sizes=\"auto, (max-width: 89px) 100vw, 89px\" \/><\/p>","protected":false},"featured_media":29923,"comment_status":"open","ping_status":"closed","template":"","meta":{"_acf_changed":false},"product_brand":[],"product_cat":[360,361,545,364,499,196,370,194],"product_tag":[],"class_list":{"0":"post-27432","1":"product","2":"type-product","3":"status-publish","4":"has-post-thumbnail","6":"product_cat-cadeautips","7":"product_cat-babyshower","8":"product_cat-best_verkocht","9":"product_cat-cadeaus-vanaf-e50","10":"product_cat-new-arrivals","11":"product_cat-slaapkleding-baby","12":"product_cat-slaapzakken","13":"product_cat-wollen-babyproducten","15":"first","16":"instock","17":"taxable","18":"shipping-taxable","19":"purchasable","20":"product-type-variable"},"acf":[],"_links":{"self":[{"href":"https:\/\/woolskins.eu\/de\/wp-json\/wp\/v2\/product\/27432","targetHints":{"allow":["GET"]}}],"collection":[{"href":"https:\/\/woolskins.eu\/de\/wp-json\/wp\/v2\/product"}],"about":[{"href":"https:\/\/woolskins.eu\/de\/wp-json\/wp\/v2\/types\/product"}],"replies":[{"embeddable":true,"href":"https:\/\/woolskins.eu\/de\/wp-json\/wp\/v2\/comments?post=27432"}],"wp:featuredmedia":[{"embeddable":true,"href":"https:\/\/woolskins.eu\/de\/wp-json\/wp\/v2\/media\/29923"}],"wp:attachment":[{"href":"https:\/\/woolskins.eu\/de\/wp-json\/wp\/v2\/media?parent=27432"}],"wp:term":[{"taxonomy":"product_brand","embeddable":true,"href":"https:\/\/woolskins.eu\/de\/wp-json\/wp\/v2\/product_brand?post=27432"},{"taxonomy":"product_cat","embeddable":true,"href":"https:\/\/woolskins.eu\/de\/wp-json\/wp\/v2\/product_cat?post=27432"},{"taxonomy":"product_tag","embeddable":true,"href":"https:\/\/woolskins.eu\/de\/wp-json\/wp\/v2\/product_tag?post=27432"}],"curies":[{"name":"wp","href":"https:\/\/api.w.org\/{rel}","templated":true}]}}