{"id":27223,"date":"2025-11-05T12:12:28","date_gmt":"2025-11-05T12:12:28","guid":{"rendered":"https:\/\/woolskins.eu\/?post_type=product&#038;p=27223"},"modified":"2025-12-17T10:50:57","modified_gmt":"2025-12-17T10:50:57","slug":"baby-wollmutze-violett-neugeborenes-zaffiro-teddy-haselnuss","status":"publish","type":"product","link":"https:\/\/woolskins.eu\/de\/babymuts-wol-violet-newborn-zaffiro-teddy-hazelnoot\/","title":{"rendered":"Baby M\u00fctze Wolle \u2018Violet\u2019 Neugeborenes - Zaffiro | Teddy Haselnuss"},"content":{"rendered":"<p>Die Zaffiro Wool \u2018Violet\u2019 Baby Hat h\u00e4lt Ihr Baby wunderbar warm. Aus weicher, hochwertiger Lammwolle gefertigt, bietet diese stilvolle Babym\u00fctze der Marke Zaffiro au\u00dfergew\u00f6hnlichen Komfort und W\u00e4rme. Die einzigartige Tulpenform sorgt f\u00fcr einen passgenauen Sitz und sch\u00fctzt den zarten Kopf und die Ohren Ihres Babys vor K\u00e4lte und Wind. Die M\u00fctze hat einen Kordelzug zum Binden und ist mit einer niedlichen Borte und einem Pompon versehen. Handgefertigt und aus 100% Lammwolle<\/p>\n<p>Eigenschaften:<\/p>\n<ul>\n<li>Hochwertige Lammwolle: Bietet optimale W\u00e4rme und Weichheit f\u00fcr empfindliche Haut.<\/li>\n<li>Niedliches Design mit Ohrsteckern<strong data-start=\"110\" data-end=\"137\">:<\/strong> Bietet eine spielerische, stilvolle und bequeme Passform.<\/li>\n<li>Langlebig: Auch bei h\u00e4ufigem Gebrauch langlebig.<\/li>\n<li>Leicht zu pflegen: Leicht zu reinigen und zu pflegen.<\/li>\n<\/ul>\n<p>Perfekt f\u00fcr:<\/p>\n<ul>\n<li>T\u00e4gliche Ausfl\u00fcge und Erlebnisse.<\/li>\n<li>Winterwetter und kalte Abende.<\/li>\n<li>Geschenke f\u00fcr frischgebackene Eltern.<\/li>\n<\/ul>\n<p>W\u00e4hlen Sie die Zaffiro Violet Wool Baby Hat f\u00fcr einen Hauch von Eleganz und praktische W\u00e4rme. Baby M\u00fctze Wolle.<\/p>\n<p data-start=\"63\" data-end=\"427\"><strong data-start=\"63\" data-end=\"83\">Waschanleitung<\/strong><\/p>\n<p data-start=\"63\" data-end=\"427\">Damit dieser Wollteddy-Stoff sch\u00f6n und weich bleibt, empfehlen wir Handw\u00e4sche bei maximal 30\u00b0C. Gehen Sie dabei vorsichtig vor und verwenden Sie ein mildes Wollwaschmittel. Vermeiden Sie Bleichen, B\u00fcgeln, Trocknen und Schleudern. Lassen Sie den Stoff flach trocknen, damit er seine Form beh\u00e4lt. Eine chemische Reinigung ist ebenfalls m\u00f6glich.<\/p>\n<p data-start=\"429\" data-end=\"552\">\u2728 <strong data-start=\"431\" data-end=\"439\">Tipp:<\/strong> Wolle muss nicht oft gewaschen werden. Ein kurzes L\u00fcften im Freien reicht oft aus, um den Stoff frisch zu halten.<\/p>\n<p data-start=\"554\" data-end=\"817\">\ud83c\udf3f <strong data-start=\"557\" data-end=\"588\">Warum Wolle etwas Besonderes ist: <\/strong>Wolle ist von Natur aus selbstreinigend und schmutzabweisend. Ger\u00fcche verschwinden einfach durch Ausl\u00fcften des Stoffes und Schmutz haftet weniger leicht als bei anderen Materialien. So bleibt Ihr Wollstoff l\u00e4nger frisch, ohne viel Pflege.<\/p>","protected":false},"excerpt":{"rendered":"<p>Die Babym\u00fctze \u2018Violet\u2019 aus Wolle von Zaffiro h\u00e4lt Ihr Baby herrlich warm. Aus weicher, hochwertiger Lammwolle gefertigt, bietet diese stilvolle Babym\u00fctze der Marke Zaffiro au\u00dfergew\u00f6hnlichen Komfort und W\u00e4rme. Das einzigartige Design mit niedlichen Ohren sorgt f\u00fcr einen guten Sitz und sch\u00fctzt den zarten Kopf und die Ohren Ihres Babys vor K\u00e4lte und Wind. Die M\u00fctze hat einen Kordelzug zum Binden und ist mit einem niedlichen Besatz versehen. Handgefertigt und aus 100% Lammwolle hergestellt. Baby-Wollm\u00fctze<\/p>\n<p><strong>Marke: Zaffiro<\/strong><br \/>\n<strong>Produktion: Polen<br \/>\nKeur: Oeko-Tex Standard<\/strong><\/p>\n<p><img loading=\"lazy\" decoding=\"async\" class=\"alignnone wp-image-28173 entered lazyloaded\" src=\"https:\/\/woolskins.eu\/wp-content\/uploads\/2024\/05\/csm_OEKO-TEX_Logo_2022_rgb_c1aaeb5ceb-300x300.jpg\" alt=\"\" width=\"89\" height=\"89\" data-lazy-src=\"https:\/\/woolskins.eu\/wp-content\/uploads\/2024\/05\/csm_OEKO-TEX_Logo_2022_rgb_c1aaeb5ceb-300x300.jpg\" data-ll-status=\"loaded\" srcset=\"https:\/\/woolskins.eu\/wp-content\/uploads\/2024\/05\/csm_OEKO-TEX_Logo_2022_rgb_c1aaeb5ceb-300x300.jpg 300w, https:\/\/woolskins.eu\/wp-content\/uploads\/2024\/05\/csm_OEKO-TEX_Logo_2022_rgb_c1aaeb5ceb-150x150.jpg 150w, https:\/\/woolskins.eu\/wp-content\/uploads\/2024\/05\/csm_OEKO-TEX_Logo_2022_rgb_c1aaeb5ceb-768x769.jpg 768w, https:\/\/woolskins.eu\/wp-content\/uploads\/2024\/05\/csm_OEKO-TEX_Logo_2022_rgb_c1aaeb5ceb-12x12.jpg 12w, https:\/\/woolskins.eu\/wp-content\/uploads\/2024\/05\/csm_OEKO-TEX_Logo_2022_rgb_c1aaeb5ceb-600x601.jpg 600w, https:\/\/woolskins.eu\/wp-content\/uploads\/2024\/05\/csm_OEKO-TEX_Logo_2022_rgb_c1aaeb5ceb-100x100.jpg 100w, https:\/\/woolskins.eu\/wp-content\/uploads\/2024\/05\/csm_OEKO-TEX_Logo_2022_rgb_c1aaeb5ceb-64x64.jpg 64w, https:\/\/woolskins.eu\/wp-content\/uploads\/2024\/05\/csm_OEKO-TEX_Logo_2022_rgb_c1aaeb5ceb.jpg 885w\" sizes=\"auto, (max-width: 89px) 100vw, 89px\" \/><\/p>","protected":false},"featured_media":27233,"comment_status":"open","ping_status":"closed","template":"","meta":{"_acf_changed":false},"product_brand":[],"product_cat":[361,363,200,352,499,196,346,502],"product_tag":[],"class_list":{"0":"post-27223","1":"product","2":"type-product","3":"status-publish","4":"has-post-thumbnail","6":"product_cat-babyshower","7":"product_cat-cadeaus-e25-e50","8":"product_cat-wollen-babykleding","9":"product_cat-merken","10":"product_cat-new-arrivals","11":"product_cat-slaapkleding-baby","12":"product_cat-mutsjesensjaaltjes","13":"product_cat-zaffiro","15":"first","16":"instock","17":"taxable","18":"shipping-taxable","19":"purchasable","20":"product-type-variable"},"acf":[],"_links":{"self":[{"href":"https:\/\/woolskins.eu\/de\/wp-json\/wp\/v2\/product\/27223","targetHints":{"allow":["GET"]}}],"collection":[{"href":"https:\/\/woolskins.eu\/de\/wp-json\/wp\/v2\/product"}],"about":[{"href":"https:\/\/woolskins.eu\/de\/wp-json\/wp\/v2\/types\/product"}],"replies":[{"embeddable":true,"href":"https:\/\/woolskins.eu\/de\/wp-json\/wp\/v2\/comments?post=27223"}],"wp:featuredmedia":[{"embeddable":true,"href":"https:\/\/woolskins.eu\/de\/wp-json\/wp\/v2\/media\/27233"}],"wp:attachment":[{"href":"https:\/\/woolskins.eu\/de\/wp-json\/wp\/v2\/media?parent=27223"}],"wp:term":[{"taxonomy":"product_brand","embeddable":true,"href":"https:\/\/woolskins.eu\/de\/wp-json\/wp\/v2\/product_brand?post=27223"},{"taxonomy":"product_cat","embeddable":true,"href":"https:\/\/woolskins.eu\/de\/wp-json\/wp\/v2\/product_cat?post=27223"},{"taxonomy":"product_tag","embeddable":true,"href":"https:\/\/woolskins.eu\/de\/wp-json\/wp\/v2\/product_tag?post=27223"}],"curies":[{"name":"wp","href":"https:\/\/api.w.org\/{rel}","templated":true}]}}