{"id":26900,"date":"2025-10-17T13:05:04","date_gmt":"2025-10-17T13:05:04","guid":{"rendered":"https:\/\/woolskins.eu\/?post_type=product&#038;p=26900"},"modified":"2025-12-20T10:36:34","modified_gmt":"2025-12-20T10:36:34","slug":"a-basic-marke-wolle-hausschuhe-damen-100-schurwolle-schwarz","status":"publish","type":"product","link":"https:\/\/woolskins.eu\/de\/a-basic-brand-wollen-sloffen-dames-100-scheerwol-zwart\/","title":{"rendered":"A Basic Brand - Wollpantoffeln Damen - 100% Schurwolle | schwarz"},"content":{"rendered":"<h3 data-start=\"115\" data-end=\"164\"><strong data-start=\"119\" data-end=\"164\">A Basic Brand - Hausschuhe aus Wolle f\u00fcr Damen<\/strong><\/h3>\n<p data-start=\"166\" data-end=\"475\">Superwarm und gem\u00fctlich, aber auch ganz nat\u00fcrlich und atmungsaktiv. Diese <strong data-start=\"237\" data-end=\"273\">Wollpantoffeln von A Basic Brand<\/strong> sind f\u00fcr Frauen gemacht, die Komfort, Schlichtheit und nat\u00fcrliche Materialien lieben. Sie bieten die perfekte Balance aus W\u00e4rme, Atmungsaktivit\u00e4t und Stil - ideal f\u00fcr das ganze Jahr \u00fcber zu Hause.<\/p>\n<h4 data-start=\"477\" data-end=\"509\"><strong data-start=\"482\" data-end=\"509\">100% Schurwollflor<\/strong><\/h4>\n<p data-start=\"510\" data-end=\"780\">Die Innenseite der Hausschuhe besteht aus <strong data-start=\"555\" data-end=\"578\">100% reine Schurwolle<\/strong>: frisch gewonnene Wolle, die zuvor nicht verarbeitet wurde. Dadurch entsteht ein au\u00dfergew\u00f6hnlich weiches, elastisches und atmungsaktives Futter, das sich Ihren F\u00fc\u00dfen anpasst und kontinuierlich eine angenehme Temperatur aufrechterh\u00e4lt.<\/p>\n<h4 data-start=\"782\" data-end=\"811\"><strong data-start=\"787\" data-end=\"811\">Die Vorteile von Wolle<\/strong><\/h4>\n<p data-start=\"812\" data-end=\"919\">Wolle ist eine der funktionellsten Naturfasern \u00fcberhaupt. Dank ihrer einzigartigen Eigenschaften:<\/p>\n<ul data-start=\"920\" data-end=\"1300\">\n<li data-start=\"920\" data-end=\"995\">\n<p data-start=\"922\" data-end=\"995\"><strong data-start=\"922\" data-end=\"954\">Wolle reguliert die Temperatur<\/strong> - warm im Winter, k\u00fchl im Sommer.<\/p>\n<\/li>\n<li data-start=\"996\" data-end=\"1070\">\n<p data-start=\"998\" data-end=\"1070\"><strong data-start=\"998\" data-end=\"1035\">ist atmungsaktiv und feuchtigkeitsregulierend<\/strong> - h\u00e4lt Ihre F\u00fc\u00dfe trocken und frisch.<\/p>\n<\/li>\n<li data-start=\"1071\" data-end=\"1147\">\n<p data-start=\"1073\" data-end=\"1147\"><strong data-start=\"1073\" data-end=\"1115\">ist selbstreinigend und antibakteriell<\/strong> - Ger\u00fcche haben keine Chance.<\/p>\n<\/li>\n<li data-start=\"1148\" data-end=\"1214\">\n<p data-start=\"1150\" data-end=\"1214\"><strong data-start=\"1150\" data-end=\"1174\">Ist es hypoallergen?<\/strong> - Gut f\u00fcr empfindliche Haut.<\/p>\n<\/li>\n<li data-start=\"1215\" data-end=\"1300\">\n<p data-start=\"1217\" data-end=\"1300\"><strong data-start=\"1217\" data-end=\"1262\">Ist es nachhaltig und biologisch abbaubar?<\/strong> - gut f\u00fcr Sie und f\u00fcr den Planeten.<\/p>\n<\/li>\n<\/ul>\n<h4 data-start=\"1302\" data-end=\"1341\"><strong data-start=\"1307\" data-end=\"1341\">W\u00e4rme und Komfort bei jedem Schritt<\/strong><\/h4>\n<p data-start=\"1342\" data-end=\"1641\">Die Wollpantoffeln von A Basic Brand sind leicht und bieten dennoch festen Halt und nat\u00fcrliche Unterst\u00fctzung. Die weiche Wolle legt sich wie eine warme Umarmung um Ihre F\u00fc\u00dfe und sorgt f\u00fcr ein sofortiges Gef\u00fchl der Entspannung. Perfekt f\u00fcr kalte Morgen, ruhige Abende oder lange Arbeitstage von zu Hause aus.<\/p>\n<h4 data-start=\"1643\" data-end=\"1679\"><strong data-start=\"1648\" data-end=\"1679\">Schlichtes und zeitloses Design<\/strong><\/h4>\n<p data-start=\"1680\" data-end=\"1913\">Wie der Name schon sagt, steht es f\u00fcr <strong data-start=\"1709\" data-end=\"1726\">Eine Basic-Marke<\/strong> f\u00fcr pure Schlichtheit und nat\u00fcrliche Qualit\u00e4t. Keine unn\u00f6tigen Details - nur ein zeitloser Look und dauerhafter Komfort. Die nat\u00fcrliche Wollfarbe passt zu jedem Stil und Interieur.<\/p>\n<h4 data-start=\"1915\" data-end=\"1950\"><strong data-start=\"1920\" data-end=\"1950\">Erh\u00e4ltlich in zwei Gr\u00f6\u00dfen<\/strong><\/h4>\n<p data-start=\"1951\" data-end=\"1985\">Die Hausschuhe sind erh\u00e4ltlich in:<\/p>\n<ul data-start=\"1986\" data-end=\"2023\">\n<li data-start=\"1986\" data-end=\"2004\">\n<p data-start=\"1988\" data-end=\"2004\"><strong data-start=\"1988\" data-end=\"2002\">Gr\u00f6\u00dfe 38\/39 (26cm)<\/strong><\/p>\n<\/li>\n<li data-start=\"2005\" data-end=\"2023\">\n<p data-start=\"2007\" data-end=\"2023\"><strong data-start=\"2007\" data-end=\"2021\">Gr\u00f6\u00dfe 40\/41 (28cm)<\/strong><\/p>\n<\/li>\n<\/ul>\n<p data-start=\"2025\" data-end=\"2167\">Dank der nat\u00fcrlichen Elastizit\u00e4t der Wolle liegen sie gut am Fu\u00df an, ohne zu dr\u00fccken, und behalten auch bei regelm\u00e4\u00dfigem Gebrauch ihre Form.<\/p>","protected":false},"excerpt":{"rendered":"<h3 data-start=\"115\" data-end=\"164\"><strong data-start=\"119\" data-end=\"164\">A Basic Brand - Hausschuhe aus Wolle f\u00fcr Damen<\/strong><\/h3>\n<p>Erleben Sie den ultimativen Wohnkomfort mit dem <strong data-start=\"171\" data-end=\"218\">Wollpantoffeln f\u00fcr Frauen von A Basic Brand<\/strong>. Aus doppellagiger 100%-Schurwolle gefertigt, sind sie wunderbar warm, weich und atmungsaktiv - ideal f\u00fcr kalte Tage und f\u00fcr alle, die nat\u00fcrliche Materialien lieben. Die Wolle reguliert die Temperatur, leitet Feuchtigkeit ab und h\u00e4lt die F\u00fc\u00dfe frisch und trocken, ohne zu kneifen. Erh\u00e4ltlich in Gr\u00f6\u00dfe <strong data-start=\"486\" data-end=\"495\">38\/39<\/strong> Und <strong data-start=\"499\" data-end=\"508\">40\/41<\/strong> f\u00fcr einen perfekten Sitz und pure Entspannung bei jedem Schritt. Au\u00dferdem sind diese Hausschuhe ausgestattet mit <strong data-start=\"594\" data-end=\"613\">rutschfeste Sohlen<\/strong>, So k\u00f6nnen Sie auf allen B\u00f6den sicher und stabil gehen.<\/p>\n<p><strong>Marke: Eine Basic-Marke<\/strong><br \/>\n<strong>Land: Polen<\/strong><\/p>","protected":false},"featured_media":26897,"comment_status":"open","ping_status":"closed","template":"","meta":{"_acf_changed":false},"product_brand":[],"product_cat":[499,351,360,364,350,31],"product_tag":[],"class_list":{"0":"post-26900","1":"product","2":"type-product","3":"status-publish","4":"has-post-thumbnail","6":"product_cat-new-arrivals","7":"product_cat-accessoiresvoormama","8":"product_cat-cadeautips","9":"product_cat-cadeaus-vanaf-e50","10":"product_cat-fashion","11":"product_cat-yogamat-wol","13":"first","14":"instock","15":"taxable","16":"shipping-taxable","17":"purchasable","18":"product-type-variable"},"acf":[],"_links":{"self":[{"href":"https:\/\/woolskins.eu\/de\/wp-json\/wp\/v2\/product\/26900","targetHints":{"allow":["GET"]}}],"collection":[{"href":"https:\/\/woolskins.eu\/de\/wp-json\/wp\/v2\/product"}],"about":[{"href":"https:\/\/woolskins.eu\/de\/wp-json\/wp\/v2\/types\/product"}],"replies":[{"embeddable":true,"href":"https:\/\/woolskins.eu\/de\/wp-json\/wp\/v2\/comments?post=26900"}],"wp:featuredmedia":[{"embeddable":true,"href":"https:\/\/woolskins.eu\/de\/wp-json\/wp\/v2\/media\/26897"}],"wp:attachment":[{"href":"https:\/\/woolskins.eu\/de\/wp-json\/wp\/v2\/media?parent=26900"}],"wp:term":[{"taxonomy":"product_brand","embeddable":true,"href":"https:\/\/woolskins.eu\/de\/wp-json\/wp\/v2\/product_brand?post=26900"},{"taxonomy":"product_cat","embeddable":true,"href":"https:\/\/woolskins.eu\/de\/wp-json\/wp\/v2\/product_cat?post=26900"},{"taxonomy":"product_tag","embeddable":true,"href":"https:\/\/woolskins.eu\/de\/wp-json\/wp\/v2\/product_tag?post=26900"}],"curies":[{"name":"wp","href":"https:\/\/api.w.org\/{rel}","templated":true}]}}