{"id":26020,"date":"2025-09-05T10:24:39","date_gmt":"2025-09-05T10:24:39","guid":{"rendered":"https:\/\/woolskins.eu\/?post_type=product&#038;p=26020"},"modified":"2026-03-02T10:53:44","modified_gmt":"2026-03-02T10:53:44","slug":"wollfaustlinge-fur-kind-1-3-jahre-zaffiro-gefilzt-nussbaum","status":"publish","type":"product","link":"https:\/\/woolskins.eu\/de\/wollen-wanten-voor-kind-1-3-jaar-zaffiro-felted-walnoot\/","title":{"rendered":"Wollf\u00e4ustlinge f\u00fcr Kind 1-3 Jahre - Zaffiro | Gefilzte Haselnuss"},"content":{"rendered":"<h5>Wollf\u00e4ustlinge f\u00fcr Kinder 1-3 Jahre \u2013 Zaffiro<\/h5>\n<p>Halten Sie kleine H\u00e4nde sch\u00f6n warm und bequem mit den Wollf\u00e4ustlingen von Zaffiro. Diese s\u00fc\u00dfen Wollf\u00e4ustlinge sind die perfekte M\u00f6glichkeit, die H\u00e4nde Ihres Kindes an kalten Tagen warm zu halten. Die Woll-Kinderf\u00e4ustlinge sind mit einem praktischen Gummiband ausgestattet, das daf\u00fcr sorgt, dass die F\u00e4ustlinge an Ort und Stelle bleiben. Sie bestehen aus weicher, nat\u00fcrlicher gefilzter Premiumwolle und sind sanft zur empfindlichen Haut Ihres Kindes. Die Wollf\u00e4ustlinge bieten eine hervorragende Isolierung und dank der praktischen Spitze verlieren Sie die F\u00e4ustlinge nicht so schnell.<\/p>\n<p>Ein paar Funktionen:<\/p>\n<ul>\n<li>W\u00e4rme: Wolle isoliert auf nat\u00fcrliche Weise und h\u00e4lt die H\u00e4nde Ihres Babys auch bei k\u00e4ltestem Wetter sch\u00f6n warm.<\/li>\n<li>Weichheit: Die F\u00e4ustlinge bestehen aus luxuri\u00f6s weicher Wolle, die die Haut Ihres Babys nicht reizt.<\/li>\n<li>Atmungsaktivit\u00e4t: Wolle ist von Natur aus atmungsaktiv und sorgt daf\u00fcr, dass die H\u00e4nde Ihres Babys bequem und schwei\u00dffrei bleiben.<\/li>\n<li>Einfaches An- und Ausziehen: Die F\u00e4ustlinge verf\u00fcgen \u00fcber ein B\u00fcndchen, sodass sie auch f\u00fcr wackelige Kleine leicht an- und auszuziehen sind.<\/li>\n<li>Die F\u00e4ustlinge lassen sich problemlos mit allen anderen Produkten aus unserer Felted-Kollektion kombinieren.<\/li>\n<\/ul>\n<p data-sourcepos=\"5:1-5:57\">Maat: 1-3 jaar.<\/p>\n<h5>Zaffiro<\/h5>\n<p>Das Unternehmen Zaffiro ist ein polnisches Familienunternehmen. Seit unseren Anf\u00e4ngen im Jahr 1989 haben wir uns auf die Herstellung von Baby- und Kinderprodukten spezialisiert und den Gro\u00dfteil unserer Produktion in mehr als 40 L\u00e4nder exportiert. Wir haben die Marke Zaffiro gegr\u00fcndet, um Produkte zu f\u00f6rdern, die Eltern unterst\u00fctzen, die sich der Bedeutung der Intimit\u00e4t und Bindung zu ihrem Baby von den ersten Stunden nach der Geburt an bewusst sind. Wir f\u00f6rdern das Konzept, Kinder \u201eHerz f\u00fcr Herz\u201c in Traget\u00fcchern und Babytragen zu tragen und die weise Tradition fr\u00fcherer Generationen unter Ber\u00fccksichtigung zeitgen\u00f6ssischer psychologischer Forschung wieder einzuf\u00fchren, wiederzuentdecken und weiterzuentwickeln.<\/p>","protected":false},"excerpt":{"rendered":"<p>Halten Sie kleine H\u00e4nde sch\u00f6n warm und bequem mit den Wollf\u00e4ustlingen von Zaffiro. Diese s\u00fc\u00dfen Wollf\u00e4ustlinge sind die perfekte M\u00f6glichkeit, die H\u00e4nde Ihres Kindes an kalten Tagen warm zu halten. Die Woll-Kinderf\u00e4ustlinge sind mit einem praktischen Gummiband ausgestattet, das daf\u00fcr sorgt, dass die F\u00e4ustlinge an Ort und Stelle bleiben. Sie bestehen aus weicher, nat\u00fcrlicher gefilzter Premiumwolle und sind sanft zur empfindlichen Haut Ihres Kindes. Die Wollf\u00e4ustlinge bieten eine hervorragende Isolierung und dank der praktischen Spitze verlieren Sie die F\u00e4ustlinge nicht so schnell. Geeignet f\u00fcr Kinder von 1 bis 3 Jahren.<\/p>\n<div class=\"woocommerce-product-details__short-description\">\n<p><strong>Marke: Zaffiro<\/strong><br \/>\n<strong>Produktion: Polen<br \/>\nKeur: Oeko-Tex Standard<\/strong><\/p>\n<p><img loading=\"lazy\" decoding=\"async\" class=\"alignnone wp-image-28173 entered lazyloaded\" src=\"https:\/\/woolskins.eu\/wp-content\/uploads\/2024\/05\/csm_OEKO-TEX_Logo_2022_rgb_c1aaeb5ceb-300x300.jpg\" alt=\"\" width=\"89\" height=\"89\" data-lazy-src=\"https:\/\/woolskins.eu\/wp-content\/uploads\/2024\/05\/csm_OEKO-TEX_Logo_2022_rgb_c1aaeb5ceb-300x300.jpg\" data-ll-status=\"loaded\" srcset=\"https:\/\/woolskins.eu\/wp-content\/uploads\/2024\/05\/csm_OEKO-TEX_Logo_2022_rgb_c1aaeb5ceb-300x300.jpg 300w, https:\/\/woolskins.eu\/wp-content\/uploads\/2024\/05\/csm_OEKO-TEX_Logo_2022_rgb_c1aaeb5ceb-150x150.jpg 150w, https:\/\/woolskins.eu\/wp-content\/uploads\/2024\/05\/csm_OEKO-TEX_Logo_2022_rgb_c1aaeb5ceb-768x769.jpg 768w, https:\/\/woolskins.eu\/wp-content\/uploads\/2024\/05\/csm_OEKO-TEX_Logo_2022_rgb_c1aaeb5ceb-12x12.jpg 12w, https:\/\/woolskins.eu\/wp-content\/uploads\/2024\/05\/csm_OEKO-TEX_Logo_2022_rgb_c1aaeb5ceb-600x601.jpg 600w, https:\/\/woolskins.eu\/wp-content\/uploads\/2024\/05\/csm_OEKO-TEX_Logo_2022_rgb_c1aaeb5ceb-100x100.jpg 100w, https:\/\/woolskins.eu\/wp-content\/uploads\/2024\/05\/csm_OEKO-TEX_Logo_2022_rgb_c1aaeb5ceb-64x64.jpg 64w, https:\/\/woolskins.eu\/wp-content\/uploads\/2024\/05\/csm_OEKO-TEX_Logo_2022_rgb_c1aaeb5ceb.jpg 885w\" sizes=\"auto, (max-width: 89px) 100vw, 89px\" \/><\/p>\n<\/div>","protected":false},"featured_media":26022,"comment_status":"open","ping_status":"closed","template":"","meta":{"_acf_changed":false},"product_brand":[],"product_cat":[502,345,361,362,200,499,196,346],"product_tag":[],"class_list":{"0":"post-26020","1":"product","2":"type-product","3":"status-publish","4":"has-post-thumbnail","6":"product_cat-zaffiro","7":"product_cat-accessoires","8":"product_cat-babyshower","9":"product_cat-cadeaus-tot-e-25","10":"product_cat-wollen-babykleding","11":"product_cat-new-arrivals","12":"product_cat-slaapkleding-baby","13":"product_cat-mutsjesensjaaltjes","15":"first","16":"instock","17":"taxable","18":"shipping-taxable","19":"purchasable","20":"product-type-simple"},"acf":[],"_links":{"self":[{"href":"https:\/\/woolskins.eu\/de\/wp-json\/wp\/v2\/product\/26020","targetHints":{"allow":["GET"]}}],"collection":[{"href":"https:\/\/woolskins.eu\/de\/wp-json\/wp\/v2\/product"}],"about":[{"href":"https:\/\/woolskins.eu\/de\/wp-json\/wp\/v2\/types\/product"}],"replies":[{"embeddable":true,"href":"https:\/\/woolskins.eu\/de\/wp-json\/wp\/v2\/comments?post=26020"}],"wp:featuredmedia":[{"embeddable":true,"href":"https:\/\/woolskins.eu\/de\/wp-json\/wp\/v2\/media\/26022"}],"wp:attachment":[{"href":"https:\/\/woolskins.eu\/de\/wp-json\/wp\/v2\/media?parent=26020"}],"wp:term":[{"taxonomy":"product_brand","embeddable":true,"href":"https:\/\/woolskins.eu\/de\/wp-json\/wp\/v2\/product_brand?post=26020"},{"taxonomy":"product_cat","embeddable":true,"href":"https:\/\/woolskins.eu\/de\/wp-json\/wp\/v2\/product_cat?post=26020"},{"taxonomy":"product_tag","embeddable":true,"href":"https:\/\/woolskins.eu\/de\/wp-json\/wp\/v2\/product_tag?post=26020"}],"curies":[{"name":"wp","href":"https:\/\/api.w.org\/{rel}","templated":true}]}}