{"id":25978,"date":"2025-09-02T13:06:34","date_gmt":"2025-09-02T13:06:34","guid":{"rendered":"https:\/\/woolskins.eu\/?post_type=product&#038;p=25978"},"modified":"2026-01-07T11:22:27","modified_gmt":"2026-01-07T11:22:27","slug":"woolskins-weiche-elastische-hausschuhe","status":"publish","type":"product","link":"https:\/\/woolskins.eu\/de\/woolskins-wolknuffel-slofjes-zacht-elastisch\/","title":{"rendered":"Woolskins Wool Cuddly Shoes | Weich &amp; dehnbar"},"content":{"rendered":"<p data-start=\"0\" data-end=\"79\"><strong data-start=\"0\" data-end=\"77\">Woolskins Wool Baby Slippers - weich, elastisch und immer perfekt sitzend<\/strong><\/p>\n<p data-start=\"81\" data-end=\"467\">Halten Sie die kleinen F\u00fc\u00dfe Ihres Babys warm und sicher mit dem <strong data-start=\"140\" data-end=\"176\">Babyhausschuhe aus Wolle von Woolskins<\/strong>. Hergestellt aus <strong data-start=\"190\" data-end=\"226\">elastisch, 100% nat\u00fcrliche Wolle<\/strong> Diese Hausschuhe schlie\u00dfen immer weich und bequem um die F\u00fc\u00dfe, ohne zu dr\u00fccken. Dank ihrer nat\u00fcrlichen Elastizit\u00e4t bleiben sie <strong data-start=\"357\" data-end=\"375\">perfekt sitzen<\/strong>, Sie lassen sich auch bei den agilsten Babys noch leicht an- und ausziehen.<\/p>\n<p data-start=\"469\" data-end=\"743\">Dieses niedliche <strong data-start=\"484\" data-end=\"502\">Wollpantoffeln<\/strong> Au\u00dferdem k\u00f6nnen sie auf zwei Arten getragen werden: mit dem Rand <strong data-start=\"561\" data-end=\"575\">umgedreht<\/strong> F\u00fcr ein klassisches und k\u00fcrzeres Modell, oder einfach <strong data-start=\"620\" data-end=\"637\">ohne Abdeckung<\/strong> f\u00fcr einen extra gem\u00fctlichen, hohen Hausschuh. So k\u00f6nnen Sie sie leicht anpassen, ob Sie zu Hause oder unterwegs kuscheln.<\/p>\n<p data-start=\"745\" data-end=\"814\"><strong data-start=\"745\" data-end=\"812\">Warum M\u00fctter Woolskins Babyhausschuhe aus Wolle w\u00e4hlen:<\/strong><\/p>\n<ul data-start=\"815\" data-end=\"1238\">\n<li data-start=\"815\" data-end=\"910\">\n<p data-start=\"817\" data-end=\"910\"><strong data-start=\"817\" data-end=\"835\">Elastische Wolle<\/strong>: leicht anzuziehen und bleibt auch bei aktiven F\u00fc\u00dfen an Ort und Stelle<\/p>\n<\/li>\n<li data-start=\"911\" data-end=\"964\">\n<p data-start=\"913\" data-end=\"964\"><strong data-start=\"913\" data-end=\"940\">Zwei Arten zu tragen<\/strong>: mit oder ohne Abdeckung<\/p>\n<\/li>\n<li data-start=\"965\" data-end=\"1041\">\n<p data-start=\"967\" data-end=\"1041\"><strong data-start=\"967\" data-end=\"1001\">100% nat\u00fcrliche, europ\u00e4ische Wolle<\/strong> - langlebig, sicher und hautfreundlich<\/p>\n<\/li>\n<li data-start=\"1042\" data-end=\"1143\">\n<p data-start=\"1044\" data-end=\"1143\"><strong data-start=\"1044\" data-end=\"1083\">Warm im Winter, k\u00fchl im Sommer<\/strong> - dank der temperaturregulierenden Eigenschaften der Wolle<\/p>\n<\/li>\n<li data-start=\"1144\" data-end=\"1238\">\n<p data-start=\"1146\" data-end=\"1238\"><strong data-start=\"1146\" data-end=\"1180\">Hypoallergen und selbstreinigend<\/strong> - ideal f\u00fcr empfindliche Babyf\u00fc\u00dfe und pflegeleicht<\/p>\n<\/li>\n<\/ul>\n<p>Gr\u00f6\u00dfe: 3-6 Monate (L\u00e4nge innen 9cm)<\/p>\n<p data-start=\"1240\" data-end=\"1487\">Wolle bietet nat\u00fcrlich zahlreiche Vorteile: Sie ist <strong data-start=\"1287\" data-end=\"1298\">atmungsaktiv<\/strong>, <strong data-start=\"1300\" data-end=\"1325\">Temperaturregulierung<\/strong> Und <strong data-start=\"1329\" data-end=\"1344\">ultra-weich<\/strong> f\u00fcr die zarte Haut Ihres Babys. So haben die F\u00fc\u00dfe immer die richtige Temperatur und f\u00fchlen sich trocken und wohl - zu jeder Jahreszeit.<\/p>\n<p data-start=\"1489\" data-end=\"1672\">Mit dem <strong data-start=\"1496\" data-end=\"1532\">Babyhausschuhe aus Wolle von Woolskins<\/strong> bieten Ihrem Kind das Beste aus beiden Welten: nat\u00fcrlichen Komfort und praktische Funktionalit\u00e4t, verpackt in einem zeitlosen, stilvollen Design.<\/p>","protected":false},"excerpt":{"rendered":"<p>Diese Woolskins Woll-Babyschuhe sind aus weicher, elastischer 100%-Naturwolle gefertigt und bleiben auch bei druckempfindlichen Babyf\u00fc\u00dfen perfekt an. Dank der elastischen Wolle lassen sie sich leicht an- und ausziehen und sind ideal f\u00fcr die Kleinsten. Tragen Sie die Hausschuhe mit oder ohne Wickeltuch f\u00fcr einen klassischen oder extra warmen Look. Diese strapazierf\u00e4higen Babyschuhe sind temperaturregulierend, atmungsaktiv und hypoallergen, sodass die F\u00fc\u00dfe Ihres Babys jederzeit bequem und gesch\u00fctzt sind - perfekt f\u00fcr den t\u00e4glichen Gebrauch, zu Hause oder unterwegs.<\/p>\n<p>Gr\u00f6\u00dfe: 3-6 Monate (L\u00e4nge innen 9cm)<\/p>\n<p><strong>Marke: Woolskins<\/strong><br \/>\n<strong>Produktion: Polen<\/strong><\/p>","protected":false},"featured_media":25982,"comment_status":"open","ping_status":"closed","template":"","meta":{"_acf_changed":false},"product_brand":[],"product_cat":[360,362,200,499,323,194],"product_tag":[],"class_list":{"0":"post-25978","1":"product","2":"type-product","3":"status-publish","4":"has-post-thumbnail","6":"product_cat-cadeautips","7":"product_cat-cadeaus-tot-e-25","8":"product_cat-wollen-babykleding","9":"product_cat-new-arrivals","10":"product_cat-slofjes","11":"product_cat-wollen-babyproducten","13":"first","14":"instock","15":"taxable","16":"shipping-taxable","17":"purchasable","18":"product-type-simple"},"acf":[],"_links":{"self":[{"href":"https:\/\/woolskins.eu\/de\/wp-json\/wp\/v2\/product\/25978","targetHints":{"allow":["GET"]}}],"collection":[{"href":"https:\/\/woolskins.eu\/de\/wp-json\/wp\/v2\/product"}],"about":[{"href":"https:\/\/woolskins.eu\/de\/wp-json\/wp\/v2\/types\/product"}],"replies":[{"embeddable":true,"href":"https:\/\/woolskins.eu\/de\/wp-json\/wp\/v2\/comments?post=25978"}],"wp:featuredmedia":[{"embeddable":true,"href":"https:\/\/woolskins.eu\/de\/wp-json\/wp\/v2\/media\/25982"}],"wp:attachment":[{"href":"https:\/\/woolskins.eu\/de\/wp-json\/wp\/v2\/media?parent=25978"}],"wp:term":[{"taxonomy":"product_brand","embeddable":true,"href":"https:\/\/woolskins.eu\/de\/wp-json\/wp\/v2\/product_brand?post=25978"},{"taxonomy":"product_cat","embeddable":true,"href":"https:\/\/woolskins.eu\/de\/wp-json\/wp\/v2\/product_cat?post=25978"},{"taxonomy":"product_tag","embeddable":true,"href":"https:\/\/woolskins.eu\/de\/wp-json\/wp\/v2\/product_tag?post=25978"}],"curies":[{"name":"wp","href":"https:\/\/api.w.org\/{rel}","templated":true}]}}