{"id":25516,"date":"2025-07-09T09:48:05","date_gmt":"2025-07-09T09:48:05","guid":{"rendered":"https:\/\/woolskins.eu\/?post_type=product&#038;p=25516"},"modified":"2025-09-26T09:35:22","modified_gmt":"2025-09-26T09:35:22","slug":"babywollhose-100-merinowolle-hellgrau","status":"publish","type":"product","link":"https:\/\/woolskins.eu\/de\/wollen-babybroekje-100-merinowol-lichtgrijs\/","title":{"rendered":"Babywollhose 100% Merinowolle | Hellgrau"},"content":{"rendered":"<p data-start=\"261\" data-end=\"352\"><strong data-start=\"261\" data-end=\"352\">Weich, warm und nat\u00fcrlich - die Babyhose aus Wolle, die Sie und Ihr Baby gl\u00fccklich machen wird<\/strong><\/p>\n<p data-start=\"354\" data-end=\"626\">Stellen Sie sich vor, Ihr Baby rollt, krabbelt oder schl\u00e4ft in aller Ruhe, wunderbar warm und umh\u00fcllt von der weichsten Wolle, die Sie sich vorstellen k\u00f6nnen. Diese <em data-start=\"494\" data-end=\"515\">Babyhosen aus Wolle<\/em>, aus 100% italienischer Merinowolle f\u00fchlt sich an wie eine zweite Haut - weich, atmungsaktiv und ganz nat\u00fcrlich.<\/p>\n<p data-start=\"628\" data-end=\"924\">F\u00fcr diese Shorts wurde nur die feinste Merinowolle Europas verwendet, die aus Italien stammt. Merinowolle ist nicht nur f\u00fcr ihre Weichheit bekannt, sondern auch f\u00fcr ihre temperaturregulierenden Eigenschaften: warm im Winter, k\u00fchl im Sommer. So f\u00fchlt sich Ihr Baby immer wohl, ohne zu schwitzen oder auszuk\u00fchlen.<\/p>\n<p data-start=\"926\" data-end=\"958\">Was diese Shorts so besonders macht:<\/p>\n<ul data-start=\"959\" data-end=\"1402\">\n<li data-start=\"959\" data-end=\"1050\">\n<p data-start=\"961\" data-end=\"1050\"><strong data-start=\"961\" data-end=\"980\">Weich und geschmeidig<\/strong> - kein Kitzeln, sondern pure Sanftheit f\u00fcr Babys zarte Haut<\/p>\n<\/li>\n<li data-start=\"1051\" data-end=\"1142\">\n<p data-start=\"1053\" data-end=\"1142\"><strong data-start=\"1053\" data-end=\"1089\">Atmungsaktiv und temperaturregulierend<\/strong> - Ihr Baby bleibt trocken und kuschelig, Tag und Nacht<\/p>\n<\/li>\n<li data-start=\"1143\" data-end=\"1223\">\n<p data-start=\"1145\" data-end=\"1223\"><strong data-start=\"1145\" data-end=\"1162\">Selbstreinigend<\/strong> - Ein kurzes L\u00fcften reicht oft aus, ideal f\u00fcr arbeitsreiche Tage<\/p>\n<\/li>\n<li data-start=\"1224\" data-end=\"1312\">\n<p data-start=\"1226\" data-end=\"1312\"><strong data-start=\"1226\" data-end=\"1258\">Mit Liebe in Europa hergestellt<\/strong> - nachhaltig, tierfreundlich und fair produziert<\/p>\n<\/li>\n<li data-start=\"1313\" data-end=\"1402\">\n<p data-start=\"1315\" data-end=\"1402\"><strong data-start=\"1315\" data-end=\"1341\">Dehnbar und bequem<\/strong> - damit Ihr Kind sich frei bewegen, entdecken und wachsen kann<\/p>\n<\/li>\n<\/ul>\n<p data-start=\"1404\" data-end=\"1573\">Ob Sie nun ein erstes Outfit f\u00fcr Ihr Neugeborenes oder eine vertraute Hose f\u00fcr Ihren krabbelnden Entdecker suchen: Diese Babyhosen aus Wolle passen sich m\u00fchelos an jede Phase an.<\/p>\n<p data-start=\"1575\" data-end=\"1885\"><strong data-start=\"1575\" data-end=\"1618\">Warum sollte man sich f\u00fcr Babykleidung aus Wolle entscheiden?<\/strong><br data-start=\"1618\" data-end=\"1621\" \/>Wolle ist ein Wunder der Natur. Sie ist antibakteriell, verhindert unangenehme Ger\u00fcche und muss kaum gewaschen werden. Und das Beste ist vielleicht, dass Wolle atmungsaktiv ist. Das bedeutet, dass Ihr Baby immer genau die richtige W\u00e4rme hat, ohne zu \u00fcberhitzen.<\/p>\n<p data-start=\"1887\" data-end=\"2016\">Babyhosen aus Wolle sind kein unn\u00f6tiger Luxus, sondern eine bewusste Entscheidung f\u00fcr Komfort, Gesundheit und Bequemlichkeit - f\u00fcr Sie und Ihr Baby.<\/p>\n<p data-start=\"2018\" data-end=\"2152\"><strong data-start=\"2018\" data-end=\"2045\">Tipp von anderen M\u00fcttern:<\/strong> Kombinieren Sie die Shorts mit einem Wollstrampler oder einer Strickjacke und \u00fcberzeugen Sie sich selbst davon, warum Wolle so beliebt ist.<\/p>","protected":false},"excerpt":{"rendered":"<p><strong data-start=\"165\" data-end=\"238\">Woll-Babyhose aus Merinowolle 100% - weich, atmungsaktiv und nat\u00fcrlich<\/strong><br data-start=\"238\" data-end=\"241\" \/>Diese feine <em data-start=\"251\" data-end=\"272\">Babyhosen aus Wolle<\/em> ist aus superweicher Merinowolle aus Italien gefertigt. Die Wolle ist atmungsaktiv, temperaturregulierend und perfekt f\u00fcr die empfindliche Haut Ihres Babys. Warm im Winter, k\u00fchl im Sommer - ideal f\u00fcr jede Jahreszeit. Dank ihrer nat\u00fcrlichen Elastizit\u00e4t sitzt die Hose gut, ohne zu dr\u00fccken, und Ihr Baby kann sich frei bewegen. Hergestellt in Europa mit Liebe und Aufmerksamkeit f\u00fcr Mensch, Tier und Natur. Erh\u00e4ltlich in vier Farben, ecru, beige, hellgrau &amp; blassrosa in den Gr\u00f6\u00dfen 2-6 Monate. &amp; 6-12 Monate.<\/p>\n<p><strong>Marke: Woolskins<\/strong><br \/>\n<strong>Produkt: Polen<\/strong><\/p>","protected":false},"featured_media":25519,"comment_status":"open","ping_status":"closed","template":"","meta":{"_acf_changed":false},"product_brand":[],"product_cat":[360,364,200,499,322,344,194],"product_tag":[],"class_list":{"0":"post-25516","1":"product","2":"type-product","3":"status-publish","4":"has-post-thumbnail","6":"product_cat-cadeautips","7":"product_cat-cadeaus-vanaf-e50","8":"product_cat-wollen-babykleding","9":"product_cat-new-arrivals","10":"product_cat-broekjes","11":"product_cat-kleertjes","12":"product_cat-wollen-babyproducten","13":"pa_maat-2-6-maanden","14":"pa_maat-6-12-maanden","16":"first","17":"instock","18":"taxable","19":"shipping-taxable","20":"purchasable","21":"product-type-variable"},"acf":[],"_links":{"self":[{"href":"https:\/\/woolskins.eu\/de\/wp-json\/wp\/v2\/product\/25516","targetHints":{"allow":["GET"]}}],"collection":[{"href":"https:\/\/woolskins.eu\/de\/wp-json\/wp\/v2\/product"}],"about":[{"href":"https:\/\/woolskins.eu\/de\/wp-json\/wp\/v2\/types\/product"}],"replies":[{"embeddable":true,"href":"https:\/\/woolskins.eu\/de\/wp-json\/wp\/v2\/comments?post=25516"}],"wp:featuredmedia":[{"embeddable":true,"href":"https:\/\/woolskins.eu\/de\/wp-json\/wp\/v2\/media\/25519"}],"wp:attachment":[{"href":"https:\/\/woolskins.eu\/de\/wp-json\/wp\/v2\/media?parent=25516"}],"wp:term":[{"taxonomy":"product_brand","embeddable":true,"href":"https:\/\/woolskins.eu\/de\/wp-json\/wp\/v2\/product_brand?post=25516"},{"taxonomy":"product_cat","embeddable":true,"href":"https:\/\/woolskins.eu\/de\/wp-json\/wp\/v2\/product_cat?post=25516"},{"taxonomy":"product_tag","embeddable":true,"href":"https:\/\/woolskins.eu\/de\/wp-json\/wp\/v2\/product_tag?post=25516"}],"curies":[{"name":"wp","href":"https:\/\/api.w.org\/{rel}","templated":true}]}}