{"id":25396,"date":"2025-06-24T13:05:41","date_gmt":"2025-06-24T13:05:41","guid":{"rendered":"https:\/\/woolskins.eu\/?post_type=product&#038;p=25396"},"modified":"2026-03-24T19:06:57","modified_gmt":"2026-03-24T19:06:57","slug":"zaffiro-wollfussack-0-3-jahre-igrow-gefilzt-beige","status":"publish","type":"product","link":"https:\/\/woolskins.eu\/de\/zaffiro-wollen-voetenzak-0-3-jaar-igrow-felted-beige\/","title":{"rendered":"Zaffiro | Wollfu\u00dfsack 0-3 Jahre - iGrow | Gefilztes Beige"},"content":{"rendered":"<p data-start=\"159\" data-end=\"496\"><strong data-start=\"159\" data-end=\"217\">Warm, luxuri\u00f6s und nat\u00fcrlich komfortabel - das ganze Jahr \u00fcber.<br \/>\n<\/strong><br data-start=\"217\" data-end=\"220\" \/>Gehen Sie mit Ihrem Baby sorglos auf die Stra\u00dfe in diesem sch\u00f6nen Wollfu\u00dfsack von <strong data-start=\"293\" data-end=\"304\">Zaffiro<\/strong>, Der Fu\u00dfsack ist komplett aus hochwertiger, nat\u00fcrlicher Premium-Wolle gefertigt. Dieser Fu\u00dfsack bietet nicht nur W\u00e4rme und Komfort, sondern auch ein durchdachtes Design, das mit Ihrem Kind mitw\u00e4chst - bis zu 3 Jahren.<\/p>\n<p data-start=\"498\" data-end=\"786\">Dank des cleveren Verl\u00e4ngerungsst\u00fccks l\u00e4sst sich der Fu\u00dfsack leicht in der L\u00e4nge verstellen. Der untere Teil l\u00e4sst sich abnehmen und schafft mit einem Handgriff zus\u00e4tzlichen Platz f\u00fcr wachsende Beine. So bleibt dieser Fu\u00dfsack eine langlebige und praktische Wahl f\u00fcr mehrere Jahreszeiten.<\/p>\n<p data-start=\"788\" data-end=\"1048\">Der Fu\u00dfsack hat vertikale \u00d6ffnungen f\u00fcr Sicherheitsgurte und ist f\u00fcr fast alle Systeme geeignet: von 3- und 5-Punkt-Gurten bis hin zu Buggys und Kinderwagen mit befestigten Gurten. So befestigen Sie ihn einfach und sicher, wo immer Sie gehen.<\/p>\n<p data-start=\"1050\" data-end=\"1369\">Das Besondere an diesem Fu\u00dfsack ist die doppelte Lage aus weichem Wolfsfleece. Diese nat\u00fcrliche Wolle sorgt f\u00fcr eine hervorragende Temperaturregulierung: herrlich warm im Winter und \u00fcberraschend k\u00fchl im Sommer. Die Oberseite des Fu\u00dfsacks ist komplett abnehmbar, sodass Sie ihn zu jeder Jahreszeit an die Temperatur anpassen k\u00f6nnen.<\/p>\n<p data-start=\"1371\" data-end=\"1553\">Mit seinem zeitlosen Look, den hochwertigen Materialien und der komfortablen Innenausstattung ist dieser Zaffiro Fu\u00dfsack ein luxuri\u00f6ses Must-have f\u00fcr Eltern, die nur das Beste f\u00fcr ihr Kind wollen.<\/p>\n<p data-start=\"1555\" data-end=\"1583\"><strong data-start=\"1555\" data-end=\"1583\">Funktionen im \u00dcberblick:<\/strong><\/p>\n<ul data-start=\"1584\" data-end=\"1967\">\n<li data-start=\"1584\" data-end=\"1633\">\n<p data-start=\"1586\" data-end=\"1633\">100% zuiver scheerwolvezel, Felted.<\/p>\n<\/li>\n<li data-start=\"1584\" data-end=\"1633\">\n<p data-start=\"1586\" data-end=\"1633\">Heeft het Oeko-Tex Standard keurmerk.<\/p>\n<\/li>\n<li data-start=\"1584\" data-end=\"1633\">\n<p data-start=\"1586\" data-end=\"1633\">Geeignet bis zu ca. 3 Jahren dank ausziehbarer Konstruktion<\/p>\n<\/li>\n<li data-start=\"1584\" data-end=\"1633\">\n<p data-start=\"1586\" data-end=\"1633\">In der L\u00e4nge verstellbar dank abnehmbarem Fu\u00dfteil<\/p>\n<\/li>\n<li data-start=\"1584\" data-end=\"1633\">\n<p data-start=\"1586\" data-end=\"1633\">Zwei Wollschichten f\u00fcr zus\u00e4tzliche W\u00e4rme und Komfort<\/p>\n<\/li>\n<li data-start=\"1584\" data-end=\"1633\">\n<p data-start=\"1586\" data-end=\"1633\">Komplett abnehmbares Oberteil - ideal f\u00fcr alle Jahreszeiten<\/p>\n<\/li>\n<li data-start=\"1584\" data-end=\"1633\">\n<p data-start=\"1586\" data-end=\"1633\">Kompatibel mit 3-Punkt- und 5-Punkt-Gurten sowie mit Modellen mit festen Gurten<\/p>\n<\/li>\n<li data-start=\"1584\" data-end=\"1633\">\n<p data-start=\"1586\" data-end=\"1633\">Zeitloses Design, nachhaltig produziert<\/p>\n<\/li>\n<\/ul>\n<p data-start=\"1969\" data-end=\"2053\">G\u00f6nnen Sie Ihrem Kind das Beste aus der Natur - warm, sicher und immer bequem f\u00fcr unterwegs.<\/p>\n<h3 data-start=\"324\" data-end=\"388\"><strong data-start=\"328\" data-end=\"388\">Hochwertiger Wollfu\u00dfsack aus 100% nat\u00fcrlicher Schafwolle<\/strong><\/h3>\n<p data-start=\"390\" data-end=\"796\">Diese <strong data-start=\"395\" data-end=\"438\">Fu\u00dfsack aus Wolle f\u00fcr Babys und Kleinkinder<\/strong> is gemaakt van <strong data-start=\"459\" data-end=\"481\">premium scheerwol,<\/strong>\u00a0ein nat\u00fcrliches Material, das f\u00fcr seine au\u00dfergew\u00f6hnliche W\u00e4rme, Weichheit und Atmungsaktivit\u00e4t bekannt ist. Dank einer speziellen Verarbeitung hat der Stoff auf beiden Seiten eine weiche Haarstruktur, die f\u00fcr zus\u00e4tzlichen Komfort und optimale Isolierung sorgt. Ideal f\u00fcr den Einsatz sowohl im Winter als auch an k\u00fchlen Sommertagen.<\/p>\n<p data-start=\"798\" data-end=\"1067\">Die Doppelschicht <strong data-start=\"814\" data-end=\"827\">wolfleece<\/strong> bietet hervorragenden Schutz vor K\u00e4lte und Wind. Gleichzeitig ist die nat\u00fcrliche <strong data-start=\"907\" data-end=\"926\">W\u00e4rmeregulierung<\/strong> aus Wolle sorgen daf\u00fcr, dass Ihr Kind an w\u00e4rmeren Tagen nicht \u00fcberhitzt. Diese <strong data-start=\"1001\" data-end=\"1027\">Baby-Woll-Fu\u00dfsack<\/strong> Daher ist sie f\u00fcr alle Jahreszeiten geeignet.<\/p>\n<p data-start=\"1069\" data-end=\"1106\"><strong data-start=\"1069\" data-end=\"1106\">Vorteile der hochwertigen Schafwolle:<\/strong><\/p>\n<ul data-start=\"1107\" data-end=\"1464\">\n<li data-start=\"1107\" data-end=\"1184\">\n<p data-start=\"1109\" data-end=\"1184\"><strong data-start=\"1109\" data-end=\"1145\">Nat\u00fcrlich temperaturregulierend<\/strong>: warm im Winter, k\u00fchl im Sommer<\/p>\n<\/li>\n<li data-start=\"1185\" data-end=\"1257\">\n<p data-start=\"1187\" data-end=\"1257\"><strong data-start=\"1187\" data-end=\"1204\">Hygroskopisch<\/strong>: absorbiert effektiv Feuchtigkeit und h\u00e4lt Ihr Baby trocken<\/p>\n<\/li>\n<li data-start=\"1258\" data-end=\"1333\">\n<p data-start=\"1260\" data-end=\"1333\"><strong data-start=\"1260\" data-end=\"1299\">Selbstreinigend und geruchsneutralisierend<\/strong>: weist Schmutz und unangenehme Ger\u00fcche ab<\/p>\n<\/li>\n<li data-start=\"1334\" data-end=\"1402\">\n<p data-start=\"1336\" data-end=\"1402\"><strong data-start=\"1336\" data-end=\"1369\">Antiallergisch und milbenresistent<\/strong>: sicher f\u00fcr empfindliche Haut<\/p>\n<\/li>\n<li data-start=\"1403\" data-end=\"1464\">\n<p data-start=\"1405\" data-end=\"1464\"><strong data-start=\"1405\" data-end=\"1431\">Langlebig und hygienisch<\/strong>: f\u00fcr den t\u00e4glichen Gebrauch geeignet<\/p>\n<\/li>\n<\/ul>\n<p data-start=\"1466\" data-end=\"1687\">Dieser Luxus <strong data-start=\"1476\" data-end=\"1504\">Fu\u00dfsack aus Schafwolle<\/strong> ist ein Muss f\u00fcr Eltern, die eine \u00f6kologische, komfortable und funktionelle L\u00f6sung f\u00fcr unterwegs suchen. Die perfekte Wahl f\u00fcr den Kinderwagen, Buggy oder Autositz.<\/p>","protected":false},"excerpt":{"rendered":"<p data-start=\"133\" data-end=\"435\"><strong data-start=\"133\" data-end=\"211\">Kuscheln Sie sich mit Ihrem Baby in diesen warmen Fu\u00dfsack aus Wolle von Zaffiro.<br \/>\n<\/strong><br data-start=\"211\" data-end=\"214\" \/>Volledig gemaakt van natuurlijk, premium wolfleece en geschikt voor gebruik tot wel 3 jaar dankzij het slimme verlengstuk. Het onderste deel is namelijk los te ritsen, waardoor de voetenzak in lengte kan worden aangepast. Dankzij de openingen in de lengterichting voor veiligheidsgordels is deze voetenzak geschikt voor zowel 3- als 5-punts gordelsystemen en ook voor modellen met aangesloten riempjes. De Zaffiro wollen voetenzak is luxe, warm \u00e9n comfortabel. Met twee lagen wolfleece biedt hij extra warmte in de winter, terwijl de bovenkant volledig afgeritst kan worden voor gebruik in warmere seizoenen. Zo weet je zeker dat je kindje het hele jaar door comfortabel zit. Bekijk hieronder alle details en specificaties.<\/p>\n<p><strong>Marke: Zaffiro<\/strong><br \/>\n<strong>Produktion: Polen<br \/>\nKeur: Oeko-Tex Standard<\/strong><\/p>\n<p><img loading=\"lazy\" decoding=\"async\" class=\"alignnone wp-image-28173 entered lazyloaded\" src=\"https:\/\/woolskins.eu\/wp-content\/uploads\/2024\/05\/csm_OEKO-TEX_Logo_2022_rgb_c1aaeb5ceb-300x300.jpg\" alt=\"\" width=\"89\" height=\"89\" data-lazy-src=\"https:\/\/woolskins.eu\/wp-content\/uploads\/2024\/05\/csm_OEKO-TEX_Logo_2022_rgb_c1aaeb5ceb-300x300.jpg\" data-ll-status=\"loaded\" srcset=\"https:\/\/woolskins.eu\/wp-content\/uploads\/2024\/05\/csm_OEKO-TEX_Logo_2022_rgb_c1aaeb5ceb-300x300.jpg 300w, https:\/\/woolskins.eu\/wp-content\/uploads\/2024\/05\/csm_OEKO-TEX_Logo_2022_rgb_c1aaeb5ceb-150x150.jpg 150w, https:\/\/woolskins.eu\/wp-content\/uploads\/2024\/05\/csm_OEKO-TEX_Logo_2022_rgb_c1aaeb5ceb-768x769.jpg 768w, https:\/\/woolskins.eu\/wp-content\/uploads\/2024\/05\/csm_OEKO-TEX_Logo_2022_rgb_c1aaeb5ceb-12x12.jpg 12w, https:\/\/woolskins.eu\/wp-content\/uploads\/2024\/05\/csm_OEKO-TEX_Logo_2022_rgb_c1aaeb5ceb-600x601.jpg 600w, https:\/\/woolskins.eu\/wp-content\/uploads\/2024\/05\/csm_OEKO-TEX_Logo_2022_rgb_c1aaeb5ceb-100x100.jpg 100w, https:\/\/woolskins.eu\/wp-content\/uploads\/2024\/05\/csm_OEKO-TEX_Logo_2022_rgb_c1aaeb5ceb-64x64.jpg 64w, https:\/\/woolskins.eu\/wp-content\/uploads\/2024\/05\/csm_OEKO-TEX_Logo_2022_rgb_c1aaeb5ceb.jpg 885w\" sizes=\"auto, (max-width: 89px) 100vw, 89px\" \/><\/p>\n<p><strong>\u00a0<\/strong><\/p>","protected":false},"featured_media":25394,"comment_status":"closed","ping_status":"closed","template":"","meta":{"_acf_changed":false},"product_brand":[],"product_cat":[352,499,336,502],"product_tag":[],"class_list":{"0":"post-25396","1":"product","2":"type-product","3":"status-publish","4":"has-post-thumbnail","6":"product_cat-merken","7":"product_cat-new-arrivals","8":"product_cat-voetenzakken","9":"product_cat-zaffiro","11":"first","12":"instock","13":"taxable","14":"shipping-taxable","15":"purchasable","16":"product-type-simple"},"acf":[],"_links":{"self":[{"href":"https:\/\/woolskins.eu\/de\/wp-json\/wp\/v2\/product\/25396","targetHints":{"allow":["GET"]}}],"collection":[{"href":"https:\/\/woolskins.eu\/de\/wp-json\/wp\/v2\/product"}],"about":[{"href":"https:\/\/woolskins.eu\/de\/wp-json\/wp\/v2\/types\/product"}],"replies":[{"embeddable":true,"href":"https:\/\/woolskins.eu\/de\/wp-json\/wp\/v2\/comments?post=25396"}],"wp:featuredmedia":[{"embeddable":true,"href":"https:\/\/woolskins.eu\/de\/wp-json\/wp\/v2\/media\/25394"}],"wp:attachment":[{"href":"https:\/\/woolskins.eu\/de\/wp-json\/wp\/v2\/media?parent=25396"}],"wp:term":[{"taxonomy":"product_brand","embeddable":true,"href":"https:\/\/woolskins.eu\/de\/wp-json\/wp\/v2\/product_brand?post=25396"},{"taxonomy":"product_cat","embeddable":true,"href":"https:\/\/woolskins.eu\/de\/wp-json\/wp\/v2\/product_cat?post=25396"},{"taxonomy":"product_tag","embeddable":true,"href":"https:\/\/woolskins.eu\/de\/wp-json\/wp\/v2\/product_tag?post=25396"}],"curies":[{"name":"wp","href":"https:\/\/api.w.org\/{rel}","templated":true}]}}