{"id":25319,"date":"2025-06-17T12:58:53","date_gmt":"2025-06-17T12:58:53","guid":{"rendered":"https:\/\/woolskins.eu\/?post_type=product&#038;p=25319"},"modified":"2025-12-17T11:40:25","modified_gmt":"2025-12-17T11:40:25","slug":"zaffiro-mehrzweck-woll-wickeldecke-gefilzt-hellgrau","status":"publish","type":"product","link":"https:\/\/woolskins.eu\/de\/zaffiro-multifunctionele-wollen-wikkeldeken-felted-lichtgrijs\/","title":{"rendered":"Zaffiro | Multifunktionale Woll-Wickeldecke | Gefilzt Hellgrau"},"content":{"rendered":"<p data-start=\"265\" data-end=\"343\"><strong>Baby-Wickeldecke aus Wolle \u2013 Nat\u00fcrlich warm und sicher mit Zaffiro<\/strong><\/p>\n<p data-start=\"345\" data-end=\"628\">Die Zaffiro Woll-Babydecke ist die ideale Wahl f\u00fcr Eltern, die eine nat\u00fcrliche und atmungsaktive Babydecke suchen. Diese vielseitige Babydecke eignet sich f\u00fcr den Einsatz im Autositz, Kinderwagen, Babykorb oder einfach zu Hause. Hergestellt aus 100% nat\u00fcrlicher Schafwolle bietet diese Decke eine hervorragende Temperaturregulierung. Wollfasern wirken wie ein nat\u00fcrlicher Thermostat: Sie halten Ihr Baby bei K\u00e4lte warm und verhindern, dass es \u00fcberhitzt. So bleibt Ihr Baby immer trocken, komfortabel und hat die richtige Temperatur, unabh\u00e4ngig von der Jahreszeit. Die Wolle ist von Natur aus hypoallergen, antibakteriell und selbstreinigend. Das bedeutet, dass die Decke Ger\u00fcche neutralisiert, Schmutz abweist und hygienisch bleibt, ohne dass sie h\u00e4ufig gewaschen werden muss. Dank der cleveren Gurtschlaufen ist die Wickeldecke f\u00fcr alle Arten von Autositz- und Kinderwagengurten geeignet \u2013 einfach und sicher in der Anwendung.<\/p>\n<p>\u2013 100% Premium-Schurwolle, gefilzte Doppelschicht.<br \/>\n\u2013 Geeignet f\u00fcr 0\u201312 Monate.<br \/>\n\u2013 Kordelzug im Kragen zum Schutz des Kopfes des Kindes.<br \/>\n\u2013 Praktische \u00d6ffnungen f\u00fcr die Sicherheitsgurte (3- &amp; 5-Punkt).<br \/>\n\u2013 L\u00e4nge 112<span style=\"color: #000000;\"> cm x Breite 112 cm.<\/span><br \/>\n\u2013 waschbar im Wollwaschprogramm 30\u00b0C.<\/p>\n<p data-start=\"218\" data-end=\"276\"><strong>\u00dcber Zaffiro \u2013 Handwerkskunst und Verbindung seit 1989<\/strong><\/p>\n<p data-start=\"278\" data-end=\"558\">Zaffiro ist ein polnisches Familienunternehmen, das sich seit 1989 der Herstellung hochwertiger Baby- und Kinderprodukte verschrieben hat. Zaffiro exportiert in \u00fcber 40 L\u00e4nder weltweit und ist bekannt f\u00fcr Produkte, die die Eltern-Kind-Bindung, Komfort und Sicherheit in den Vordergrund stellen. Die Marke wurde aus der \u00dcberzeugung heraus gegr\u00fcndet, dass die ersten Momente mit Ihrem Baby entscheidend f\u00fcr eine enge Bindung sind. Deshalb entwickelt Zaffiro Produkte, die Eltern in dieser besonderen Zeit unterst\u00fctzen \u2013 von ergonomischen Traget\u00fcchern bis hin zu nat\u00fcrlichen Wolldecken. Wir verbinden jahrhundertealte Traditionen, wie das Tragen von Babys Herz an Herz, mit Erkenntnissen aus der modernen psychologischen Forschung. So schaffen wir praktische, liebevolle und sichere L\u00f6sungen f\u00fcr einen warmen Start ins Leben.<\/p>","protected":false},"excerpt":{"rendered":"<p data-start=\"250\" data-end=\"343\"><strong data-start=\"254\" data-end=\"343\">Wolltragetuch f\u00fcr Babys \u2013 geeignet f\u00fcr Zuhause, Maxi-Cosi, Autositz und Kinderwagen (0\u201312 Monate)<\/strong><\/p>\n<p data-start=\"345\" data-end=\"573\">Dieses hochwertige, multifunktionale Wolltragetuch ist perfekt, um Ihr Neugeborenes oder Baby bis zu 12 Monaten sicher und warm einzuh\u00fcllen, egal ob unterwegs mit Maxi-Cosi, Kinderwagen, Babywanne oder einfach zu Hause. Hergestellt aus 100% nat\u00fcrlicher gefilzter Schafwolle, ist dieses Tragetuch f\u00fcr seine atmungsaktiven, temperaturregulierenden und hypoallergenen Eigenschaften bekannt. Wolle speichert W\u00e4rme hervorragend, ohne Ihr Baby zu \u00fcberhitzen, und absorbiert Schwei\u00df problemlos, wodurch sich Ihr Baby \u00e4u\u00dferst wohl f\u00fchlt. Dank der praktischen \u00d6ffnungen f\u00fcr 3- und 5-Punkt-Gurtsysteme l\u00e4sst sich das Tragetuch problemlos an fast allen Autositzen und Kinderwagen befestigen. So verbinden Sie Komfort und Sicherheit, wo immer Sie sind.<\/p>\n<p data-start=\"1058\" data-end=\"1268\">Dieser Wollschal ist ideal f\u00fcr Fr\u00fchling, Herbst und Winter. Er ist auch ein tolles Geschenk f\u00fcr ein Neugeborenes oder f\u00fcr Eltern, die Wert auf nat\u00fcrliche Materialien und Komfort f\u00fcr ihr Baby legen.<\/p>\n<div class=\"woocommerce-product-details__short-description\">\n<p><strong>Marke: Zaffiro<\/strong><br \/>\n<strong>Produktion: Polen<br \/>\nKeur: Oeko-Tex Standard<\/strong><\/p>\n<p><img loading=\"lazy\" decoding=\"async\" class=\"alignnone wp-image-28173 entered lazyloaded\" src=\"https:\/\/woolskins.eu\/wp-content\/uploads\/2024\/05\/csm_OEKO-TEX_Logo_2022_rgb_c1aaeb5ceb-300x300.jpg\" alt=\"\" width=\"89\" height=\"89\" data-lazy-src=\"https:\/\/woolskins.eu\/wp-content\/uploads\/2024\/05\/csm_OEKO-TEX_Logo_2022_rgb_c1aaeb5ceb-300x300.jpg\" data-ll-status=\"loaded\" srcset=\"https:\/\/woolskins.eu\/wp-content\/uploads\/2024\/05\/csm_OEKO-TEX_Logo_2022_rgb_c1aaeb5ceb-300x300.jpg 300w, https:\/\/woolskins.eu\/wp-content\/uploads\/2024\/05\/csm_OEKO-TEX_Logo_2022_rgb_c1aaeb5ceb-150x150.jpg 150w, https:\/\/woolskins.eu\/wp-content\/uploads\/2024\/05\/csm_OEKO-TEX_Logo_2022_rgb_c1aaeb5ceb-768x769.jpg 768w, https:\/\/woolskins.eu\/wp-content\/uploads\/2024\/05\/csm_OEKO-TEX_Logo_2022_rgb_c1aaeb5ceb-12x12.jpg 12w, https:\/\/woolskins.eu\/wp-content\/uploads\/2024\/05\/csm_OEKO-TEX_Logo_2022_rgb_c1aaeb5ceb-600x601.jpg 600w, https:\/\/woolskins.eu\/wp-content\/uploads\/2024\/05\/csm_OEKO-TEX_Logo_2022_rgb_c1aaeb5ceb-100x100.jpg 100w, https:\/\/woolskins.eu\/wp-content\/uploads\/2024\/05\/csm_OEKO-TEX_Logo_2022_rgb_c1aaeb5ceb-64x64.jpg 64w, https:\/\/woolskins.eu\/wp-content\/uploads\/2024\/05\/csm_OEKO-TEX_Logo_2022_rgb_c1aaeb5ceb.jpg 885w\" sizes=\"auto, (max-width: 89px) 100vw, 89px\" \/><\/p>\n<\/div>","protected":false},"featured_media":25335,"comment_status":"open","ping_status":"closed","template":"","meta":{"_acf_changed":false},"product_brand":[],"product_cat":[502,499,370,336,321],"product_tag":[],"class_list":{"0":"post-25319","1":"product","2":"type-product","3":"status-publish","4":"has-post-thumbnail","6":"product_cat-zaffiro","7":"product_cat-new-arrivals","8":"product_cat-slaapzakken","9":"product_cat-voetenzakken","10":"product_cat-wikkeldekens","12":"first","13":"instock","14":"taxable","15":"shipping-taxable","16":"purchasable","17":"product-type-simple"},"acf":[],"_links":{"self":[{"href":"https:\/\/woolskins.eu\/de\/wp-json\/wp\/v2\/product\/25319","targetHints":{"allow":["GET"]}}],"collection":[{"href":"https:\/\/woolskins.eu\/de\/wp-json\/wp\/v2\/product"}],"about":[{"href":"https:\/\/woolskins.eu\/de\/wp-json\/wp\/v2\/types\/product"}],"replies":[{"embeddable":true,"href":"https:\/\/woolskins.eu\/de\/wp-json\/wp\/v2\/comments?post=25319"}],"wp:featuredmedia":[{"embeddable":true,"href":"https:\/\/woolskins.eu\/de\/wp-json\/wp\/v2\/media\/25335"}],"wp:attachment":[{"href":"https:\/\/woolskins.eu\/de\/wp-json\/wp\/v2\/media?parent=25319"}],"wp:term":[{"taxonomy":"product_brand","embeddable":true,"href":"https:\/\/woolskins.eu\/de\/wp-json\/wp\/v2\/product_brand?post=25319"},{"taxonomy":"product_cat","embeddable":true,"href":"https:\/\/woolskins.eu\/de\/wp-json\/wp\/v2\/product_cat?post=25319"},{"taxonomy":"product_tag","embeddable":true,"href":"https:\/\/woolskins.eu\/de\/wp-json\/wp\/v2\/product_tag?post=25319"}],"curies":[{"name":"wp","href":"https:\/\/api.w.org\/{rel}","templated":true}]}}