{"id":25296,"date":"2025-06-17T09:41:33","date_gmt":"2025-06-17T09:41:33","guid":{"rendered":"https:\/\/woolskins.eu\/?post_type=product&#038;p=25296"},"modified":"2026-02-18T13:50:02","modified_gmt":"2026-02-18T13:50:02","slug":"zaffiro-wollfussack-schlafsack-fur-buggy-und-babytragetasche-teddy-haselnuss","status":"publish","type":"product","link":"https:\/\/woolskins.eu\/de\/zaffiro-wollen-voetenzak-slaapzak-voor-buggy-en-reiswieg-teddy-hazelnoot\/","title":{"rendered":"Zaffiro | Wollfu\u00dfsack - Schlafsack f\u00fcr Buggy und Tragetasche | Teddy Hazelnut"},"content":{"rendered":"<h5>Wollschlafsack f\u00fcr Buggy, Babywanne und Babykorb.<\/h5>\n<p>Diese Wollfu\u00dfs\u00e4cke \u2013 Schlafsack f\u00fcr Kinderwagen und Maxi-Cosi sind dank der nat\u00fcrlichen Eigenschaften der Wollfasern sehr gut f\u00fcr die Kleinsten geeignet. Diese atmen und haben die Eigenschaft, als nat\u00fcrlicher Thermostat zu fungieren, der die K\u00f6rpertemperatur reguliert? Dies hilft Ihrem Baby, eine stabile Temperatur aufrechtzuerhalten und es trocken und komfortabel zu halten. Schafwolle hat au\u00dferdem antiallergische Eigenschaften und ist antibakteriell und verf\u00fcgt daher \u00fcber hygienische und selbstreinigende Eigenschaften. Es neutralisiert unangenehme Ger\u00fcche und Schmutz. Sie k\u00f6nnen sicher sein, dass Ihr Kind es in diesem Wollfu\u00dfsack von Zaffiro sch\u00f6n warm und bequem hat. Durch die Verwendung der speziellen \u00d6ffnungen passen in dieses Modell problemlos alle Arten von Sicherheitsgurten.<\/p>\n<p>\u2013 100% Premium-Schurwolle, gefilzt.<br \/>\n\u2013 Geeignet f\u00fcr 0-18 Monate.<br \/>\n\u2013 Kordelzug im Kragen zum Schutz des Kopfes des Kindes.<br \/>\n\u2013 Das Oberteil l\u00e4sst sich komplett von unten abzippen.<br \/>\n\u2013 Praktische \u00d6ffnungen f\u00fcr die Sicherheitsgurte (5-Punkt).<br \/>\n\u2013 L\u00e4nge 90 cm x Breite 40\/42 cm.<\/p>\n<p data-start=\"63\" data-end=\"427\"><strong data-start=\"63\" data-end=\"83\">Waschanleitung<\/strong><\/p>\n<p data-start=\"63\" data-end=\"427\">Damit dieser Wollteddy-Stoff sch\u00f6n und weich bleibt, empfehlen wir Handw\u00e4sche bei maximal 30\u00b0C. Gehen Sie dabei vorsichtig vor und verwenden Sie ein mildes Wollwaschmittel. Vermeiden Sie Bleichen, B\u00fcgeln, Trocknen und Schleudern. Lassen Sie den Stoff flach trocknen, damit er seine Form beh\u00e4lt. Eine chemische Reinigung ist ebenfalls m\u00f6glich.<\/p>\n<p data-start=\"429\" data-end=\"552\">\u2728 <strong data-start=\"431\" data-end=\"439\">Tipp:<\/strong> Wolle muss nicht oft gewaschen werden. Ein kurzes L\u00fcften im Freien reicht oft aus, um den Stoff frisch zu halten.<\/p>\n<p data-start=\"554\" data-end=\"817\">\ud83c\udf3f <strong data-start=\"557\" data-end=\"588\">Warum Wolle etwas Besonderes ist: <\/strong>Wolle ist von Natur aus selbstreinigend und schmutzabweisend. Ger\u00fcche verschwinden einfach durch Ausl\u00fcften des Stoffes und Schmutz haftet weniger leicht als bei anderen Materialien. So bleibt Ihr Wollstoff l\u00e4nger frisch, ohne viel Pflege.<\/p>\n<h5>Zaffiro<\/h5>\n<p>Das Unternehmen Zaffiro ist ein polnisches Familienunternehmen. Seit unseren Anf\u00e4ngen im Jahr 1989 haben wir uns auf die Herstellung von Baby- und Kinderprodukten spezialisiert und den Gro\u00dfteil unserer Produktion in mehr als 40 L\u00e4nder exportiert. Wir haben die Marke Zaffiro gegr\u00fcndet, um Produkte zu f\u00f6rdern, die Eltern unterst\u00fctzen, die sich der Bedeutung der Intimit\u00e4t und Bindung zu ihrem Baby von den ersten Stunden nach der Geburt an bewusst sind. Wir f\u00f6rdern das Konzept, Kinder \u201eHerz f\u00fcr Herz\u201c in Traget\u00fcchern und Babytragen zu tragen und die weise Tradition fr\u00fcherer Generationen unter Ber\u00fccksichtigung zeitgen\u00f6ssischer psychologischer Forschung wieder einzuf\u00fchren, wiederzuentdecken und weiterzuentwickeln.<\/p>","protected":false},"excerpt":{"rendered":"<p>Genie\u00dfen Sie es, mit Ihrem Kind in diesem warmen Fu\u00dfsack-Schlafsack aus Wolle von Zaffiro f\u00fcr den Kinderwagen, Buggy, den Babykorb oder zu Hause auszugehen. Dieser Fu\u00dfsack ist aus 100%-Premiumwolle (gefilzt) gefertigt und misst sofort die Temperatur Ihres Kindes. Es speichert die W\u00e4rme gut, ohne dass Ihr Kind schwitzt, da Wolle atmungsaktiv ist. Dank dieser einzigartigen Eigenschaften der Wolle wird es Ihrem Kind wunderbar warm und bequem sein. Dank der praktischen Gurt\u00f6ffnungen k\u00f6nnen Sie diesen Wollfu\u00dfsack schnell in Ihrem Kinderwagen oder Buggy installieren. Sie k\u00f6nnen den Kordelzug im Kragen festziehen, um den Kopf vor Witterungseinfl\u00fcssen zu sch\u00fctzen. Dieser Fu\u00dfsack von Zaffiro kann das ganze Jahr \u00fcber verwendet werden, ist jedoch im Fr\u00fchling, Winter und Herbst am n\u00fctzlichsten.<\/p>\n<div class=\"woocommerce-product-details__short-description\">\n<p><strong>Marke: Zaffiro<\/strong><br \/>\n<strong>Produktion: Polen<br \/>\nKeur: Oeko-Tex Standard<\/strong><\/p>\n<p><img loading=\"lazy\" decoding=\"async\" class=\"alignnone wp-image-28173 entered lazyloaded\" src=\"https:\/\/woolskins.eu\/wp-content\/uploads\/2024\/05\/csm_OEKO-TEX_Logo_2022_rgb_c1aaeb5ceb-300x300.jpg\" alt=\"\" width=\"89\" height=\"89\" data-lazy-src=\"https:\/\/woolskins.eu\/wp-content\/uploads\/2024\/05\/csm_OEKO-TEX_Logo_2022_rgb_c1aaeb5ceb-300x300.jpg\" data-ll-status=\"loaded\" srcset=\"https:\/\/woolskins.eu\/wp-content\/uploads\/2024\/05\/csm_OEKO-TEX_Logo_2022_rgb_c1aaeb5ceb-300x300.jpg 300w, https:\/\/woolskins.eu\/wp-content\/uploads\/2024\/05\/csm_OEKO-TEX_Logo_2022_rgb_c1aaeb5ceb-150x150.jpg 150w, https:\/\/woolskins.eu\/wp-content\/uploads\/2024\/05\/csm_OEKO-TEX_Logo_2022_rgb_c1aaeb5ceb-768x769.jpg 768w, https:\/\/woolskins.eu\/wp-content\/uploads\/2024\/05\/csm_OEKO-TEX_Logo_2022_rgb_c1aaeb5ceb-12x12.jpg 12w, https:\/\/woolskins.eu\/wp-content\/uploads\/2024\/05\/csm_OEKO-TEX_Logo_2022_rgb_c1aaeb5ceb-600x601.jpg 600w, https:\/\/woolskins.eu\/wp-content\/uploads\/2024\/05\/csm_OEKO-TEX_Logo_2022_rgb_c1aaeb5ceb-100x100.jpg 100w, https:\/\/woolskins.eu\/wp-content\/uploads\/2024\/05\/csm_OEKO-TEX_Logo_2022_rgb_c1aaeb5ceb-64x64.jpg 64w, https:\/\/woolskins.eu\/wp-content\/uploads\/2024\/05\/csm_OEKO-TEX_Logo_2022_rgb_c1aaeb5ceb.jpg 885w\" sizes=\"auto, (max-width: 89px) 100vw, 89px\" \/><\/p>\n<\/div>","protected":false},"featured_media":25307,"comment_status":"open","ping_status":"closed","template":"","meta":{"_acf_changed":false},"product_brand":[],"product_cat":[502,370,336],"product_tag":[],"class_list":{"0":"post-25296","1":"product","2":"type-product","3":"status-publish","4":"has-post-thumbnail","6":"product_cat-zaffiro","7":"product_cat-slaapzakken","8":"product_cat-voetenzakken","10":"first","11":"outofstock","12":"taxable","13":"shipping-taxable","14":"purchasable","15":"product-type-simple"},"acf":[],"_links":{"self":[{"href":"https:\/\/woolskins.eu\/de\/wp-json\/wp\/v2\/product\/25296","targetHints":{"allow":["GET"]}}],"collection":[{"href":"https:\/\/woolskins.eu\/de\/wp-json\/wp\/v2\/product"}],"about":[{"href":"https:\/\/woolskins.eu\/de\/wp-json\/wp\/v2\/types\/product"}],"replies":[{"embeddable":true,"href":"https:\/\/woolskins.eu\/de\/wp-json\/wp\/v2\/comments?post=25296"}],"wp:featuredmedia":[{"embeddable":true,"href":"https:\/\/woolskins.eu\/de\/wp-json\/wp\/v2\/media\/25307"}],"wp:attachment":[{"href":"https:\/\/woolskins.eu\/de\/wp-json\/wp\/v2\/media?parent=25296"}],"wp:term":[{"taxonomy":"product_brand","embeddable":true,"href":"https:\/\/woolskins.eu\/de\/wp-json\/wp\/v2\/product_brand?post=25296"},{"taxonomy":"product_cat","embeddable":true,"href":"https:\/\/woolskins.eu\/de\/wp-json\/wp\/v2\/product_cat?post=25296"},{"taxonomy":"product_tag","embeddable":true,"href":"https:\/\/woolskins.eu\/de\/wp-json\/wp\/v2\/product_tag?post=25296"}],"curies":[{"name":"wp","href":"https:\/\/api.w.org\/{rel}","templated":true}]}}