{"id":23427,"date":"2025-01-17T13:32:49","date_gmt":"2025-01-17T13:32:49","guid":{"rendered":"https:\/\/woolskins.eu\/?post_type=product&#038;p=23427"},"modified":"2026-03-29T12:16:26","modified_gmt":"2026-03-29T12:16:26","slug":"woll-babydecke-100-merinowolle-ecru","status":"publish","type":"product","link":"https:\/\/woolskins.eu\/de\/wollen-babydeken-100-merinowol-ecru\/","title":{"rendered":"Gebreide Merinowollen Babydeken \u2013 100% merinowol | Ecru"},"content":{"rendered":"<p data-start=\"233\" data-end=\"311\"><strong data-start=\"233\" data-end=\"311\">Kuschelig, warm und Natur pur - die Woll-Wiegedecke, in der Ihr Baby tr\u00e4umen wird<\/strong><\/p>\n<p data-start=\"313\" data-end=\"644\">Stellen Sie sich vor, Ihr Kleines liegt weich und geborgen unter einer Decke, die sich wie eine liebevolle Umarmung anf\u00fchlt. Diese\u00a0<em data-start=\"423\" data-end=\"441\">Wiegendecke aus Wolle<\/em>\u00a0ist aus 100% weicher italienischer Merinowolle gefertigt, die speziell f\u00fcr ihre ultimative Weichheit und Atmungsaktivit\u00e4t ausgew\u00e4hlt wurde. Sie ist die ideale Decke f\u00fcr kleine Kinder, die Komfort und W\u00e4rme verdienen.<\/p>\n<p data-start=\"646\" data-end=\"903\">Merinowolle aus Europa ist von Natur aus temperaturregulierend, so dass es Ihrem Baby nie zu warm oder zu kalt wird. Die Wolldecke h\u00e4lt Feuchtigkeit von der Haut fern und ist \u00e4u\u00dferst atmungsaktiv, sodass Ihr Baby ruhig schlafen kann, ohne zu schwitzen oder klamm zu werden.<\/p>\n<p data-start=\"905\" data-end=\"949\">Was macht diese Babydecke aus Wolle so besonders?<\/p>\n<ul data-start=\"950\" data-end=\"1386\">\n<li data-start=\"950\" data-end=\"1034\">\n<p data-start=\"952\" data-end=\"1034\"><strong data-start=\"952\" data-end=\"985\">Superweich und hautfreundlich<\/strong>\u00a0- geeignet f\u00fcr die empfindlichste Haut von Babys<\/p>\n<\/li>\n<li data-start=\"1035\" data-end=\"1117\">\n<p data-start=\"1037\" data-end=\"1117\"><strong data-start=\"1037\" data-end=\"1073\">Temperaturregulierend und atmungsaktiv<\/strong>\u00a0- h\u00e4lt Ihr Baby zu jeder Jahreszeit warm<\/p>\n<\/li>\n<li data-start=\"1118\" data-end=\"1195\">\n<p data-start=\"1120\" data-end=\"1195\"><strong data-start=\"1120\" data-end=\"1151\">Selbstreinigend und geruchsresistent<\/strong>\u00a0- pflegeleicht und immer frisch<\/p>\n<\/li>\n<li data-start=\"1196\" data-end=\"1293\">\n<p data-start=\"1198\" data-end=\"1293\"><strong data-start=\"1198\" data-end=\"1231\">Nachhaltig und umweltfreundlich<\/strong>\u00a0- Fair hergestellt in Europa mit Respekt f\u00fcr Tiere und Natur<\/p>\n<\/li>\n<li data-start=\"1294\" data-end=\"1386\">\n<p data-start=\"1296\" data-end=\"1386\"><strong data-start=\"1296\" data-end=\"1318\">Leicht und doch warm<\/strong>\u00a0- ideal zum Wickeln Ihres Babys oder zum \u00dcberst\u00fclpen der Wiege<\/p>\n<\/li>\n<\/ul>\n<p data-start=\"1388\" data-end=\"1587\">Ob f\u00fcr eine ruhige Nacht, ein Mittagsschl\u00e4fchen oder um Ihr Kind w\u00e4hrend eines Spaziergangs sanft einzuwickeln - diese Wolldecke bietet W\u00e4rme und Komfort auf nat\u00fcrliche, weiche Art und Weise.<\/p>\n<p data-start=\"1589\" data-end=\"1915\"><strong data-start=\"1589\" data-end=\"1633\">Warum eine Babydecke aus Wolle?<\/strong><br data-start=\"1633\" data-end=\"1636\" \/>Wolle ist eine der intelligentesten Entscheidungen bei Babytextilien. Sie ist antibakteriell, verhindert unangenehme Ger\u00fcche und muss viel seltener gewaschen werden als synthetische Decken. Dank der Elastizit\u00e4t von Merinowolle beh\u00e4lt sie auch nach h\u00e4ufigem Gebrauch ihre Form und ihre isolierenden Eigenschaften.<\/p>\n<p data-start=\"1917\" data-end=\"2050\"><strong data-start=\"1917\" data-end=\"1925\">Tipp:<\/strong>\u00a0Kombinieren Sie diese Wiegendecke aus Wolle mit einer passenden Babyhose oder einem Pullover aus Wolle f\u00fcr das ultimative weiche, nat\u00fcrliche Set.<\/p>","protected":false},"excerpt":{"rendered":"<p><strong data-start=\"95\" data-end=\"170\">Wollbettdecke von 100% Italienische Merinowolle - weich, warm und atmungsaktiv<\/strong><br data-start=\"170\" data-end=\"173\" \/>Diese gem\u00fctliche\u00a0<em data-start=\"184\" data-end=\"202\">Wiegendecke aus Wolle<\/em>\u00a0wird aus weicher Merinowolle aus Italien hergestellt. Sie ist atmungsaktiv, temperaturregulierend und ideal f\u00fcr empfindliche Babyhaut. Leicht, sehr praktisch und vielseitig einsetzbar - perfekt, um Ihr Baby das ganze Jahr \u00fcber zu Hause oder unterwegs zu sch\u00fctzen. Langlebig und mit Sorgfalt in Europa hergestellt. Erh\u00e4ltlich in der Gr\u00f6\u00dfe 75 x 100cm<\/p>\n<p><strong>Marke: Woolskins<\/strong><br \/>\n<strong>Produktion: Polen<\/strong><\/p>","protected":false},"featured_media":23730,"comment_status":"open","ping_status":"closed","template":"","meta":{"_acf_changed":false},"product_brand":[],"product_cat":[360,364,499,196,318,194],"product_tag":[],"class_list":{"0":"post-23427","1":"product","2":"type-product","3":"status-publish","4":"has-post-thumbnail","6":"product_cat-cadeautips","7":"product_cat-cadeaus-vanaf-e50","8":"product_cat-new-arrivals","9":"product_cat-slaapkleding-baby","10":"product_cat-wollen-wiegdeken-ledikantdeken","11":"product_cat-wollen-babyproducten","12":"pa_maat-2-6-maanden","13":"pa_maat-6-12-maanden","15":"first","16":"outofstock","17":"taxable","18":"shipping-taxable","19":"purchasable","20":"product-type-simple"},"acf":[],"_links":{"self":[{"href":"https:\/\/woolskins.eu\/de\/wp-json\/wp\/v2\/product\/23427","targetHints":{"allow":["GET"]}}],"collection":[{"href":"https:\/\/woolskins.eu\/de\/wp-json\/wp\/v2\/product"}],"about":[{"href":"https:\/\/woolskins.eu\/de\/wp-json\/wp\/v2\/types\/product"}],"replies":[{"embeddable":true,"href":"https:\/\/woolskins.eu\/de\/wp-json\/wp\/v2\/comments?post=23427"}],"wp:featuredmedia":[{"embeddable":true,"href":"https:\/\/woolskins.eu\/de\/wp-json\/wp\/v2\/media\/23730"}],"wp:attachment":[{"href":"https:\/\/woolskins.eu\/de\/wp-json\/wp\/v2\/media?parent=23427"}],"wp:term":[{"taxonomy":"product_brand","embeddable":true,"href":"https:\/\/woolskins.eu\/de\/wp-json\/wp\/v2\/product_brand?post=23427"},{"taxonomy":"product_cat","embeddable":true,"href":"https:\/\/woolskins.eu\/de\/wp-json\/wp\/v2\/product_cat?post=23427"},{"taxonomy":"product_tag","embeddable":true,"href":"https:\/\/woolskins.eu\/de\/wp-json\/wp\/v2\/product_tag?post=23427"}],"curies":[{"name":"wp","href":"https:\/\/api.w.org\/{rel}","templated":true}]}}