{"id":23107,"date":"2024-12-20T11:25:25","date_gmt":"2024-12-20T11:25:25","guid":{"rendered":"https:\/\/woolskins.eu\/?post_type=product&#038;p=23107"},"modified":"2025-12-04T14:54:10","modified_gmt":"2025-12-04T14:54:10","slug":"baby-winteranzug-aus-wolle-walnuss-gewalkt","status":"publish","type":"product","link":"https:\/\/woolskins.eu\/de\/wollen-baby-winterpak-thumbled-walnoot\/","title":{"rendered":"Wolle Baby Winteranzug | Teddy Haselnuss"},"content":{"rendered":"<p>Dieses Produkt tr\u00e4gt das G\u00fctesiegel \u201eSicher f\u00fcr Kinder\u201c und das Woolmark-G\u00fctesiegel. Dieser Winteranzug wird \u00fcber der Kleidung getragen. Ber\u00fccksichtigen Sie dies daher bei der Auswahl der richtigen Gr\u00f6\u00dfe.<\/p>\n<p>- 100% elastische Schurwolle, Label Woolmark.<br \/>\n\u2013 Integrierte F\u00e4ustlinge und F\u00fc\u00dfe im \u00c4rmel und Bein.<br \/>\n\u2013 Die \u00d6ffnung setzt sich im Rohr fort.<br \/>\n\u2013 Schauen Sie unter \u201eGr\u00f6\u00dfen in Zentimetern\u201c nach, um die richtige Gr\u00f6\u00dfe in cm zu finden.<\/p>\n<p>Unsere \u00d6ko-Woll-Winteranz\u00fcge sind dank der nat\u00fcrlichen Eigenschaften der Wollfasern sehr gut f\u00fcr die Kleinen geeignet. Diese atmen und haben die Eigenschaft, als nat\u00fcrlicher Thermostat zu fungieren, der die K\u00f6rpertemperatur reguliert? Dies hilft Ihrem Baby, eine stabile Temperatur aufrechtzuerhalten und es trocken und komfortabel zu halten.<\/p>\n<p data-start=\"63\" data-end=\"427\"><strong data-start=\"63\" data-end=\"83\">Waschanleitung<\/strong><\/p>\n<p data-start=\"63\" data-end=\"427\">Damit dieser Wollteddy-Stoff sch\u00f6n und weich bleibt, empfehlen wir Handw\u00e4sche bei maximal 30\u00b0C. Gehen Sie dabei vorsichtig vor und verwenden Sie ein mildes Wollwaschmittel. Vermeiden Sie Bleichen, B\u00fcgeln, Trocknen und Schleudern. Lassen Sie den Stoff flach trocknen, damit er seine Form beh\u00e4lt. Eine chemische Reinigung ist ebenfalls m\u00f6glich.<\/p>\n<p data-start=\"429\" data-end=\"552\">\u2728 <strong data-start=\"431\" data-end=\"439\">Tipp:<\/strong> Wolle muss nicht oft gewaschen werden. Ein kurzes L\u00fcften im Freien reicht oft aus, um den Stoff frisch zu halten.<\/p>\n<p data-start=\"554\" data-end=\"817\">\ud83c\udf3f <strong data-start=\"557\" data-end=\"588\">Warum Wolle etwas Besonderes ist: <\/strong>Wolle ist von Natur aus selbstreinigend und schmutzabweisend. Ger\u00fcche verschwinden einfach durch Ausl\u00fcften des Stoffes und Schmutz haftet weniger leicht als bei anderen Materialien. So bleibt Ihr Wollstoff l\u00e4nger frisch, ohne viel Pflege.<\/p>\n<h5 class=\"Text1893342656__root Text1893342656---typography-11-runningText Text1893342656---priority-7-primary s8gg2 _2UIKs InfoSectionTitle3095652555__root\" aria-hidden=\"false\" data-hook=\"info-section-title\">Gr\u00f6\u00dfen in Zentimetern<\/h5>\n<div class=\"rah-static rah-static--height-auto\" aria-hidden=\"false\">\n<div>\n<div class=\"_1yvxJ fggS- cell\">\n<div class=\"WncCi\" data-hook=\"info-section-description\">\n<p>Gr\u00f6\u00dfe: 0-6 Monate L\u00e4nge: 60 cm (Schulter bis zum Po) Breite: 30 cm (Achselh\u00f6hle).<br \/>\nGr\u00f6\u00dfe: 6\u201318 Monate, L\u00e4nge: 68 cm (Schulter bis zum Po), Breite: 33 cm (Achselh\u00f6hle).<\/p>\n<\/div>\n<\/div>\n<\/div>\n<\/div>","protected":false},"excerpt":{"rendered":"<p>Dieser elastische Wollwinteranzug ist sehr bequem und warm. Hergestellt aus 100% Wolle f\u00fcr ein besonders gl\u00fcckliches Baby. Er sorgt daf\u00fcr, dass Ihr Baby gut ger\u00fcstet ist, um nach drau\u00dfen zu gehen. Die \u00d6ffnung ist weit genug, damit Sie Ihr Baby leicht hinein- und herausziehen k\u00f6nnen. Dank der praktischen \u00dcberz\u00fcge an H\u00e4nden und F\u00fc\u00dfen wird Ihr Kind nicht frieren. Dieser Anzug ist f\u00fcr Fr\u00fchling, Winter und Herbst geeignet. Dank der saugf\u00e4higen Eigenschaften der Wolle schwitzt Ihr Kind nicht so schnell. (Die Bilder sind von der beigen Version).<\/p>\n<p><strong>Marke: Woolskins<\/strong><br \/>\n<strong>Produktion: Polen<\/strong><\/p>","protected":false},"featured_media":23111,"comment_status":"closed","ping_status":"closed","template":"","meta":{"_acf_changed":false},"product_brand":[],"product_cat":[200,196,344,463,319,194],"product_tag":[],"class_list":{"0":"post-23107","1":"product","2":"type-product","3":"status-publish","4":"has-post-thumbnail","6":"product_cat-wollen-babykleding","7":"product_cat-slaapkleding-baby","8":"product_cat-kleertjes","9":"product_cat-winterpak","10":"product_cat-pakjes-en-jasjes","11":"product_cat-wollen-babyproducten","12":"pa_maat-0-6-maanden","13":"pa_maat-6-18-maanden","15":"first","16":"instock","17":"taxable","18":"shipping-taxable","19":"purchasable","20":"product-type-variable"},"acf":[],"_links":{"self":[{"href":"https:\/\/woolskins.eu\/de\/wp-json\/wp\/v2\/product\/23107","targetHints":{"allow":["GET"]}}],"collection":[{"href":"https:\/\/woolskins.eu\/de\/wp-json\/wp\/v2\/product"}],"about":[{"href":"https:\/\/woolskins.eu\/de\/wp-json\/wp\/v2\/types\/product"}],"replies":[{"embeddable":true,"href":"https:\/\/woolskins.eu\/de\/wp-json\/wp\/v2\/comments?post=23107"}],"wp:featuredmedia":[{"embeddable":true,"href":"https:\/\/woolskins.eu\/de\/wp-json\/wp\/v2\/media\/23111"}],"wp:attachment":[{"href":"https:\/\/woolskins.eu\/de\/wp-json\/wp\/v2\/media?parent=23107"}],"wp:term":[{"taxonomy":"product_brand","embeddable":true,"href":"https:\/\/woolskins.eu\/de\/wp-json\/wp\/v2\/product_brand?post=23107"},{"taxonomy":"product_cat","embeddable":true,"href":"https:\/\/woolskins.eu\/de\/wp-json\/wp\/v2\/product_cat?post=23107"},{"taxonomy":"product_tag","embeddable":true,"href":"https:\/\/woolskins.eu\/de\/wp-json\/wp\/v2\/product_tag?post=23107"}],"curies":[{"name":"wp","href":"https:\/\/api.w.org\/{rel}","templated":true}]}}