{"id":22882,"date":"2024-12-04T10:14:21","date_gmt":"2024-12-04T10:14:21","guid":{"rendered":"https:\/\/woolskins.eu\/?post_type=product&#038;p=22882"},"modified":"2026-02-26T19:58:12","modified_gmt":"2026-02-26T19:58:12","slug":"wollfussack-0-3-jahre-zaffiro-igrow-4-0-anthrazit-beige","status":"publish","type":"product","link":"https:\/\/woolskins.eu\/de\/wollen-voetenzak-0-3-jaar-zaffiro-igrow-4-0-antraciet-beige\/","title":{"rendered":"Fu\u00dfsack aus Wolle 0-3 Jahre - Zaffiro iGrow 4.0 | Schwarz"},"content":{"rendered":"<p>Der iGrow 4.0 ist eine verbesserte Version unseres Bestsellers und ist bei Woolskins in 4 Farben erh\u00e4ltlich. Dieser Fu\u00dfsack ist aus hochwertiger nat\u00fcrlicher Premiumwolle gefertigt und w\u00e4chst dank zweier L\u00e4ngenverstellm\u00f6glichkeiten mit Ihrem Kind bis 3 Jahre mit. Dank der Verwendung von L\u00e4ngsl\u00f6chern f\u00fcr Sicherheitsgurte passt es sowohl f\u00fcr Modelle mit 5- und 3-Punkt-Gurtinstallationssystem als auch f\u00fcr Modelle mit befestigten Gurten, die das Kind halten. Der untere verl\u00e4ngerte Teil des iGrow 4.0-Modells verf\u00fcgt \u00fcber eine spezielle sch\u00fctzende W\/R-Beschichtung, die es \u00e4lteren Kindern erm\u00f6glicht, mit Schuhen zu fahren.<\/p>\n<p>Dieser Zaffiro-Fu\u00dfsack ist luxuri\u00f6s, warm und bequem! Die spezielle Au\u00dfenschicht ist wasser- und winddicht, sodass Ihr Kind stets vor K\u00e4lte gesch\u00fctzt ist. F\u00fcr zus\u00e4tzliche W\u00e4rme und Komfort wurden auf der Innenseite zwei Lagen Wollfleece verwendet.<\/p>\n<p>Der Fu\u00dfsack l\u00e4sst sich in der L\u00e4nge verstellen, dies ist durch \u00d6ffnen des unteren Teils m\u00f6glich. Dies h\u00e4ngt vom Alter und den Bed\u00fcrfnissen Ihres Kleinen ab. Der Fu\u00dfsack verf\u00fcgt \u00fcber einen Kordelzug im Kragen, sodass er sich leicht an die Kopfform Ihres Kleinen anpassen l\u00e4sst.<\/p>\n<p>Wenn der untere Teil ge\u00f6ffnet ist, eignet er sich f\u00fcr ein Reisebett und Autositze. Sobald Sie den unteren Teil des Fu\u00dfsacks mit einem Rei\u00dfverschluss versehen haben, ist er kinderwagentauglich.<\/p>\n<p>Eigenschaften:<\/p>\n<p>\u2013 Abmessungen: 84\/106 x 45 cm.<br \/>\n\u2013 F\u00fcr Kinder ab der Geburt bis mindestens 3 Jahre gedacht.<br \/>\n\u2013 Passend f\u00fcr alle Kinderwagenmodelle.<br \/>\n\u2013 Schmutzabweisendes Material zur Schmutzabweisung.<br \/>\n\u2013 Wind- und wasserdicht (sch\u00fctzt vor Regen und Schnee).<br \/>\n\u2013 Gute Isolierung durch die warme Premium-Schafwolle.<br \/>\n\u2013 Antiallergischer, flauschiger Vliesstoff 300 g\/m2 auf der R\u00fcckseite des Schlafsacks und auf der Vorderseite der Steppdecke 450 g\/m2.<br \/>\n\u2013 Der obere Teil des Schlafsacks kann mit einem Kordelzug zu einer warmen Kapuze zusammengezogen werden.<br \/>\n\u2013 Der Bezug l\u00e4sst sich hochklappen, um Kopf und Nacken des Kindes noch besser vor Wind und Frost zu sch\u00fctzen.<br \/>\n\u2013 Das Oberteil l\u00e4sst sich komplett \u00f6ffnen.<br \/>\n\u2013 Rutscht im Kinderwagen oder Schlitten nicht leicht nach unten.<\/p>\n<p>Premium-Wolle<br \/>\nDer iGrow 4.0-Schlafsack besteht aus Fasern h\u00f6chster Qualit\u00e4t, die durch zus\u00e4tzliche Spezialverarbeitung angereichert sind und eine Haarabdeckung auf beiden Seiten des Stoffes erm\u00f6glichen. Dank dieser Eigenschaften ist die Wolle in unseren Schlafs\u00e4cken hygroskopisch, nimmt Feuchtigkeit perfekt auf und sch\u00fctzt vor W\u00e4rmeverlust. Die im Schlafsack iGrow 4.0 verwendete Wolle speichert die W\u00e4rme dank zweier Schichten Wollfleece besser als normale Wolle.<\/p>\n<p>Die f\u00fcr die Herstellung des Schlafsacks verwendete nat\u00fcrliche, weiche PREMIUM-Schafwolle ist perfekt f\u00fcr kalte Winter und w\u00e4rmere Tage. Es sorgt f\u00fcr eine noch bessere nat\u00fcrliche Thermoregulation, sodass es das Kind auch bei starkem Frost wirksam sch\u00fctzt und daf\u00fcr sorgt, dass das Kind an hei\u00dfen Tagen nicht \u00fcberhitzt. Schafwolle hat au\u00dferdem antiallergische Eigenschaften und ist resistent gegen die Entwicklung von Milben. Es verf\u00fcgt \u00fcber hygienische und selbstreinigende Eigenschaften. Neutralisiert unangenehme Ger\u00fcche und Schmutz.<\/p>\n<p>Verbindung:<br \/>\nBezugsstoff: 100% Polyester; Innenstoff: 100% Wollfleece; F\u00fcllung: 100% Polyester.<\/p>","protected":false},"excerpt":{"rendered":"<p>Genie\u00dfen Sie es, mit Ihrem Kind in diesem warmen Wollfu\u00dfsack von Zaffiro auszugehen. Die Innenseite des Fu\u00dfsacks besteht aus hochwertiger nat\u00fcrlicher Premiumwolle und w\u00e4chst dank der extra Befestigung bis zu 3 Jahre mit Ihrem Kind mit. Der Fu\u00dfsack l\u00e4sst sich in der L\u00e4nge verstellen, dies ist durch \u00d6ffnen des unteren Teils m\u00f6glich. Dank der L\u00e4ngs\u00f6ffnungen f\u00fcr Sicherheitsgurte passt es sowohl f\u00fcr 5- und 3-Punkt-Gurtsysteme als auch f\u00fcr Modelle mit befestigten Gurten. Der untere verl\u00e4ngerte Teil ist mit einer speziellen wasserabweisenden Schutzbeschichtung versehen, sodass auch gr\u00f6\u00dfere Kinder mit Schuhen hineinpassen. Dieser Wollfu\u00dfsack von Zaffiro ist luxuri\u00f6s, warm und bequem! Die spezielle Au\u00dfenschicht ist wasser- und winddicht, sodass Ihr Kind stets vor K\u00e4lte gesch\u00fctzt ist. F\u00fcr zus\u00e4tzliche W\u00e4rme und Komfort wurden innen zwei Schichten Wollfleece verwendet. Der Wollfu\u00dfsack von Zaffiro kann das ganze Jahr \u00fcber verwendet werden, ist jedoch im Winter und Herbst am n\u00fctzlichsten. In diesem Fu\u00dfsack von Zaffiro k\u00f6nnen Sie sich darauf verlassen, dass Ihr Kind es sch\u00f6n warm und \u00e4u\u00dferst bequem hat. Nachfolgend finden Sie weitere Informationen.<\/p>\n<p><strong>Marke: Zaffiro<\/strong><br \/>\n<strong>Produktion: Polen<br \/>\nKeur: Oeko-Tex Standard<\/strong><\/p>\n<p><img loading=\"lazy\" decoding=\"async\" class=\"alignnone wp-image-28173 entered lazyloaded\" src=\"https:\/\/woolskins.eu\/wp-content\/uploads\/2024\/05\/csm_OEKO-TEX_Logo_2022_rgb_c1aaeb5ceb-300x300.jpg\" alt=\"\" width=\"89\" height=\"89\" data-lazy-src=\"https:\/\/woolskins.eu\/wp-content\/uploads\/2024\/05\/csm_OEKO-TEX_Logo_2022_rgb_c1aaeb5ceb-300x300.jpg\" data-ll-status=\"loaded\" srcset=\"https:\/\/woolskins.eu\/wp-content\/uploads\/2024\/05\/csm_OEKO-TEX_Logo_2022_rgb_c1aaeb5ceb-300x300.jpg 300w, https:\/\/woolskins.eu\/wp-content\/uploads\/2024\/05\/csm_OEKO-TEX_Logo_2022_rgb_c1aaeb5ceb-150x150.jpg 150w, https:\/\/woolskins.eu\/wp-content\/uploads\/2024\/05\/csm_OEKO-TEX_Logo_2022_rgb_c1aaeb5ceb-768x769.jpg 768w, https:\/\/woolskins.eu\/wp-content\/uploads\/2024\/05\/csm_OEKO-TEX_Logo_2022_rgb_c1aaeb5ceb-12x12.jpg 12w, https:\/\/woolskins.eu\/wp-content\/uploads\/2024\/05\/csm_OEKO-TEX_Logo_2022_rgb_c1aaeb5ceb-600x601.jpg 600w, https:\/\/woolskins.eu\/wp-content\/uploads\/2024\/05\/csm_OEKO-TEX_Logo_2022_rgb_c1aaeb5ceb-100x100.jpg 100w, https:\/\/woolskins.eu\/wp-content\/uploads\/2024\/05\/csm_OEKO-TEX_Logo_2022_rgb_c1aaeb5ceb-64x64.jpg 64w, https:\/\/woolskins.eu\/wp-content\/uploads\/2024\/05\/csm_OEKO-TEX_Logo_2022_rgb_c1aaeb5ceb.jpg 885w\" sizes=\"auto, (max-width: 89px) 100vw, 89px\" \/><\/p>","protected":false},"featured_media":20279,"comment_status":"closed","ping_status":"closed","template":"","meta":{"_acf_changed":false},"product_brand":[],"product_cat":[352,336,502],"product_tag":[],"class_list":{"0":"post-22882","1":"product","2":"type-product","3":"status-publish","4":"has-post-thumbnail","6":"product_cat-merken","7":"product_cat-voetenzakken","8":"product_cat-zaffiro","10":"first","11":"instock","12":"sale","13":"taxable","14":"shipping-taxable","15":"purchasable","16":"product-type-simple"},"acf":[],"_links":{"self":[{"href":"https:\/\/woolskins.eu\/de\/wp-json\/wp\/v2\/product\/22882","targetHints":{"allow":["GET"]}}],"collection":[{"href":"https:\/\/woolskins.eu\/de\/wp-json\/wp\/v2\/product"}],"about":[{"href":"https:\/\/woolskins.eu\/de\/wp-json\/wp\/v2\/types\/product"}],"replies":[{"embeddable":true,"href":"https:\/\/woolskins.eu\/de\/wp-json\/wp\/v2\/comments?post=22882"}],"wp:featuredmedia":[{"embeddable":true,"href":"https:\/\/woolskins.eu\/de\/wp-json\/wp\/v2\/media\/20279"}],"wp:attachment":[{"href":"https:\/\/woolskins.eu\/de\/wp-json\/wp\/v2\/media?parent=22882"}],"wp:term":[{"taxonomy":"product_brand","embeddable":true,"href":"https:\/\/woolskins.eu\/de\/wp-json\/wp\/v2\/product_brand?post=22882"},{"taxonomy":"product_cat","embeddable":true,"href":"https:\/\/woolskins.eu\/de\/wp-json\/wp\/v2\/product_cat?post=22882"},{"taxonomy":"product_tag","embeddable":true,"href":"https:\/\/woolskins.eu\/de\/wp-json\/wp\/v2\/product_tag?post=22882"}],"curies":[{"name":"wp","href":"https:\/\/api.w.org\/{rel}","templated":true}]}}