{"id":22613,"date":"2024-11-22T13:13:00","date_gmt":"2024-11-22T13:13:00","guid":{"rendered":"https:\/\/woolskins.eu\/?post_type=product&#038;p=22613"},"modified":"2026-04-08T13:58:11","modified_gmt":"2026-04-08T13:58:11","slug":"wollfussack-kinderwagen-buggy-gefilzt-hellgrau-kopie","status":"publish","type":"product","link":"https:\/\/woolskins.eu\/de\/wollen-voetenzak-kinderwagen-buggy-felted-lichtgrijs-kopie\/","title":{"rendered":"Wollen Voetenzak Bakigo &#8211; Slaapzak voor Buggy en Kinderwagen | Felted Lichtgrijs \/ Donkere stiksel"},"content":{"rendered":"<p>Unsere \u00d6ko-Woll-Fu\u00dfs\u00e4cke f\u00fcr Kinderwagen und Maxi-Cosi sind dank der nat\u00fcrlichen Eigenschaften der Wollfasern sehr gut f\u00fcr die Kleinsten geeignet. Diese atmen und haben die Eigenschaft, als nat\u00fcrlicher Thermostat zu fungieren, der die K\u00f6rpertemperatur reguliert? Dies hilft Ihrem Baby, eine stabile Temperatur aufrechtzuerhalten und es trocken und komfortabel zu halten. Dieses Produkt tr\u00e4gt das G\u00fctesiegel \u201eSicher f\u00fcr Kinder\u201c und das Woolmark-G\u00fctesiegel.<\/p>\n<p>\u2013 5 cm l\u00e4nger, dadurch l\u00e4nger nutzbar.<br \/>\n\u2013 100%-Schurwolle, Woolmark-G\u00fctesiegel.<br \/>\n\u2013 F\u00fcr zu Hause und unterwegs.<br \/>\n\u2013 \u00d6ffnungen f\u00fcr die Sicherheitsgurte (5-Punkt).<br \/>\n- L\u00e4nge 90 cm x Breite 45 cm.<br \/>\n\u2013 waschbar im Wollwaschprogramm 30\u00b0C.<\/p>\n<h5>Etikett f\u00fcr Wollh\u00e4ute<\/h5>\n<p>Nach Jahren erfolgreicher Zusammenarbeit mit Alwero k\u00f6nnen wir stolz verk\u00fcnden, dass wir unsere Produkte nun unter unserem eigenen Woolskins-Label f\u00fchren.<\/p>\n<p>Auf diese Weise erhalten Sie immer noch die beste Qualit\u00e4t, kombiniert mit den sch\u00f6nsten und einzigartigsten Produkten und Designs.<\/p>\n<p>Die Qualit\u00e4t der Stoffe und Farben bleibt wie immer, aber es gibt jetzt eine gr\u00f6\u00dfere Auswahl, von der Woolskins glaubt, dass sie sich von anderen abheben kann.<\/p>\n<p>Unsere umfangreiche Kollektion ist so zusammengestellt, dass sie eine gute Erg\u00e4nzung f\u00fcr jedes Babyset darstellt. Sie besteht aus atmungsaktiver europ\u00e4ischer 100%-Wolle und ist f\u00fcr jede Jahreszeit geeignet.<\/p>\n<p>Mit Begeisterung b\u00fcndeln wir unsere Kr\u00e4fte, um ein nachhaltiges, nat\u00fcrliches und h\u00f6chst komfortables Produkt f\u00fcr Ihr Kind zu schaffen.<\/p>","protected":false},"excerpt":{"rendered":"<p>Kuscheln Sie sich mit Ihrem Kind in diesen warmen Wollfu\u00dfsack mit dunklen N\u00e4hten von Woolskins f\u00fcr den Kinderwagen und Buggy. Woolskins hat diesen Fu\u00dfsack 5 cm l\u00e4nger gemacht, so dass er l\u00e4nger verwendet werden kann, und er hat auch eine extra gro\u00dfe \u00d6ffnung f\u00fcr das Sicherheitsventil. Perfekt f\u00fcr den Buggy und geh\u00f6rt in jede Babyausstattung. Wolle nimmt die Temperatur Ihres Kindes sofort an und h\u00e4lt sie, ohne es ins Schwitzen zu bringen. Dank der guten Eigenschaften der Wolle ist Ihr Kind warm und bequem. Der Bakigo-Fu\u00dfsack von Woolskins kann das ganze Jahr \u00fcber verwendet werden, am besten jedoch im Fr\u00fchling, Winter und Herbst. Sie k\u00f6nnen sicher sein, dass Ihr Kind in dem Woolskins-Fu\u00dfsack sch\u00f6n warm ist.<\/p>\n<p><strong>Marke: Woolskins<\/strong><br \/>\n<strong>Produktion: Polen<\/strong><\/p>\n<p>&nbsp;<\/p>","protected":false},"featured_media":22614,"comment_status":"closed","ping_status":"closed","template":"","meta":{"_acf_changed":false},"product_brand":[],"product_cat":[361,360,364,196,336,194],"product_tag":[],"class_list":{"0":"post-22613","1":"product","2":"type-product","3":"status-publish","4":"has-post-thumbnail","6":"product_cat-babyshower","7":"product_cat-cadeautips","8":"product_cat-cadeaus-vanaf-e50","9":"product_cat-slaapkleding-baby","10":"product_cat-voetenzakken","11":"product_cat-wollen-babyproducten","13":"first","14":"instock","15":"taxable","16":"shipping-taxable","17":"purchasable","18":"product-type-simple"},"acf":[],"_links":{"self":[{"href":"https:\/\/woolskins.eu\/de\/wp-json\/wp\/v2\/product\/22613","targetHints":{"allow":["GET"]}}],"collection":[{"href":"https:\/\/woolskins.eu\/de\/wp-json\/wp\/v2\/product"}],"about":[{"href":"https:\/\/woolskins.eu\/de\/wp-json\/wp\/v2\/types\/product"}],"replies":[{"embeddable":true,"href":"https:\/\/woolskins.eu\/de\/wp-json\/wp\/v2\/comments?post=22613"}],"wp:featuredmedia":[{"embeddable":true,"href":"https:\/\/woolskins.eu\/de\/wp-json\/wp\/v2\/media\/22614"}],"wp:attachment":[{"href":"https:\/\/woolskins.eu\/de\/wp-json\/wp\/v2\/media?parent=22613"}],"wp:term":[{"taxonomy":"product_brand","embeddable":true,"href":"https:\/\/woolskins.eu\/de\/wp-json\/wp\/v2\/product_brand?post=22613"},{"taxonomy":"product_cat","embeddable":true,"href":"https:\/\/woolskins.eu\/de\/wp-json\/wp\/v2\/product_cat?post=22613"},{"taxonomy":"product_tag","embeddable":true,"href":"https:\/\/woolskins.eu\/de\/wp-json\/wp\/v2\/product_tag?post=22613"}],"curies":[{"name":"wp","href":"https:\/\/api.w.org\/{rel}","templated":true}]}}