{"id":22267,"date":"2024-11-06T11:12:23","date_gmt":"2024-11-06T11:12:23","guid":{"rendered":"https:\/\/woolskins.eu\/?post_type=product&#038;p=22267"},"modified":"2026-03-29T18:44:02","modified_gmt":"2026-03-29T18:44:02","slug":"wolldecke-babydecke-neugeborenes-beige","status":"publish","type":"product","link":"https:\/\/woolskins.eu\/de\/wollen-wiegdeken-babydeken-newborn-beige\/","title":{"rendered":"Wiegendecke aus Wolle \/ Babydecke Newborn | Beige"},"content":{"rendered":"<p>In dieser bequemen Wolldecke aus unserer \u201eNewborn\u201c-Kollektion wird Ihr Kind wunderbar schlafen und tr\u00e4umen. Diese Decke ist glatt und luftig und ideal f\u00fcr w\u00e4rmeres Wetter. Sie sehen wundersch\u00f6n und luxuri\u00f6s aus und sind \u00e4u\u00dferst bequem. Die Innenseite der Decke besteht komplett aus Wolle. Sie k\u00f6nnen es problemlos unterwegs mitnehmen, um Ihr Baby warm zu halten.<\/p>\n<p>\u2013 Exklusiv erh\u00e4ltlich bei Woolskins<br \/>\n\u2013 Zweiseitig, eine Seite (innen) komplett aus Wolle.<br \/>\n\u2013 Wollmischung 56% reine, unverarbeitete Schurwolle (Woolmark-G\u00fctezeichen) 44% Kunstfaser.<br \/>\n\u2013 F\u00fcr zu Hause und unterwegs.<br \/>\n\u2013 Abmessungen: 65 x 90 cm und 90 x 130 cm<br \/>\n\u2013 Europ\u00e4ische Produktion.<br \/>\n\u2013 waschbar im Wollwaschprogramm 30\u00b0C.<\/p>\n<p>Unsere Eco Woolblend-Decken eignen sich dank der nat\u00fcrlichen Eigenschaften der Wollfasern hervorragend f\u00fcr die Kleinsten. Diese atmen und haben die Eigenschaft, als nat\u00fcrlicher Thermostat zu fungieren, der die K\u00f6rpertemperatur reguliert? Dies hilft Ihrem Baby, eine stabile Temperatur aufrechtzuerhalten und es trocken und komfortabel zu halten.<\/p>\n<p>Dieses Produkt tr\u00e4gt das G\u00fctesiegel \u201eSicher f\u00fcr Kinder\u201c und das Woolmark-G\u00fctesiegel.<\/p>\n<h5>Etikett f\u00fcr Wollh\u00e4ute<\/h5>\n<p>Nach Jahren erfolgreicher Zusammenarbeit mit Alwero k\u00f6nnen wir stolz verk\u00fcnden, dass wir unsere Produkte nun unter unserem eigenen Woolskins-Label f\u00fchren.<\/p>\n<p>Auf diese Weise erhalten Sie immer noch die beste Qualit\u00e4t, kombiniert mit den sch\u00f6nsten und einzigartigsten Produkten und Designs.<\/p>\n<p>Die Qualit\u00e4t der Stoffe und Farben bleibt wie immer, aber es gibt jetzt eine gr\u00f6\u00dfere Auswahl, von der Woolskins glaubt, dass sie sich von anderen abheben kann.<\/p>\n<p>Unsere umfangreiche Kollektion ist so zusammengestellt, dass sie eine gute Erg\u00e4nzung f\u00fcr jedes Babyset darstellt. Sie besteht aus atmungsaktiver europ\u00e4ischer 100%-Wolle und ist f\u00fcr jede Jahreszeit geeignet.<\/p>\n<p>Mit Begeisterung b\u00fcndeln wir unsere Kr\u00e4fte, um ein nachhaltiges, nat\u00fcrliches und h\u00f6chst komfortables Produkt f\u00fcr Ihr Kind zu schaffen.<\/p>","protected":false},"excerpt":{"rendered":"<p>Unter dieser bequemen Wolldecke f\u00fcr das Kinderbett wird Ihr Kind wunderbar schlafen und tr\u00e4umen. Die Wolldecke f\u00fcr das Kinderbett ist geschmeidig und sehr weich und mit einer Paspelierung versehen. Sie sehen wundersch\u00f6n und luxuri\u00f6s aus und geh\u00f6ren in jedes Babyset. Die Wolldecken sind atmungsaktiv und messen sofort die Temperatur Ihres Kindes. Sie haben die ideale Gr\u00f6\u00dfe und das ideale Gewicht zum Schlafen oder Spielen. Verwenden Sie es zu Hause oder unterwegs, um Ihr Kind warm zu halten. Die Decke ist f\u00fcr jede Jahreszeit geeignet und ein perfektes Geschenk f\u00fcr eine Babyparty oder einen Mutterschaftsbesuch.<\/p>\n<p><strong>Marke: Woolskins<\/strong><br \/>\n<strong>Produktion: Polen<\/strong><\/p>","protected":false},"featured_media":22270,"comment_status":"open","ping_status":"closed","template":"","meta":{"_acf_changed":false},"product_brand":[],"product_cat":[360,363,196,318,194],"product_tag":[],"class_list":{"0":"post-22267","1":"product","2":"type-product","3":"status-publish","4":"has-post-thumbnail","6":"product_cat-cadeautips","7":"product_cat-cadeaus-e25-e50","8":"product_cat-slaapkleding-baby","9":"product_cat-wollen-wiegdeken-ledikantdeken","10":"product_cat-wollen-babyproducten","11":"pa_maat-65-x-90-cm","12":"pa_maat-90-x-130-cm","14":"first","15":"instock","16":"taxable","17":"shipping-taxable","18":"purchasable","19":"product-type-variable"},"acf":[],"_links":{"self":[{"href":"https:\/\/woolskins.eu\/de\/wp-json\/wp\/v2\/product\/22267","targetHints":{"allow":["GET"]}}],"collection":[{"href":"https:\/\/woolskins.eu\/de\/wp-json\/wp\/v2\/product"}],"about":[{"href":"https:\/\/woolskins.eu\/de\/wp-json\/wp\/v2\/types\/product"}],"replies":[{"embeddable":true,"href":"https:\/\/woolskins.eu\/de\/wp-json\/wp\/v2\/comments?post=22267"}],"wp:featuredmedia":[{"embeddable":true,"href":"https:\/\/woolskins.eu\/de\/wp-json\/wp\/v2\/media\/22270"}],"wp:attachment":[{"href":"https:\/\/woolskins.eu\/de\/wp-json\/wp\/v2\/media?parent=22267"}],"wp:term":[{"taxonomy":"product_brand","embeddable":true,"href":"https:\/\/woolskins.eu\/de\/wp-json\/wp\/v2\/product_brand?post=22267"},{"taxonomy":"product_cat","embeddable":true,"href":"https:\/\/woolskins.eu\/de\/wp-json\/wp\/v2\/product_cat?post=22267"},{"taxonomy":"product_tag","embeddable":true,"href":"https:\/\/woolskins.eu\/de\/wp-json\/wp\/v2\/product_tag?post=22267"}],"curies":[{"name":"wp","href":"https:\/\/api.w.org\/{rel}","templated":true}]}}