{"id":22029,"date":"2024-10-22T11:49:37","date_gmt":"2024-10-22T11:49:37","guid":{"rendered":"https:\/\/woolskins.eu\/?post_type=product&#038;p=22029"},"modified":"2026-03-31T12:34:01","modified_gmt":"2026-03-31T12:34:01","slug":"eine-basic-marke-baby-strickjacke-rippe-navy","status":"publish","type":"product","link":"https:\/\/woolskins.eu\/de\/a-basic-brand-baby-vest-rib-navy\/","title":{"rendered":"A Basic Brand - Baby Strickjacke Rippe | Marine"},"content":{"rendered":"<h6>Eine Babymarke<\/h6>\n<p>Unisex-Cardigan aus gerippter Baumwolle mit verspieltem Roh-Finish. Komplett zu \u00f6ffnen mit kleinen Druckkn\u00f6pfen. Kombinieren Sie es mit Ripp-Leggings, Shorts oder Pumphosen f\u00fcr einen angesagten, l\u00e4ssigen Look.<\/p>\n<p>97% Baumwolle 3% Elasthan. STANDARD 100 von OEKO-TEX\u00ae<\/p>\n<p>Gr\u00f6\u00dfen:<\/p>\n<p>Schrittl\u00e4nge cm \/ Gesamtl\u00e4nge cm \/ \u00c4rmell\u00e4nge cm<\/p>\n<p>0 m \u2013 22,5 \/ 18 \/ 23<br \/>\n3m \u2013 25,5 \/ 21 \/ 25<br \/>\n6m - 28,5 \/ 24 \/ 27<\/p>\n<h5>Eine Babymarke<\/h5>\n<p>Entdecken Sie eine wirklich minimalistische Garderobe voller praktischer Essentials. Kombinieren Sie unsere Unisex-Modelle und -Farben. Kein Logo, kein Aufdruck, kein Schnickschnack.<\/p>\n<p>Unsere Mission ist es, Ihr Leben einfacher zu machen. Eine der Hauptideen unserer Philosophie ist daher PRAXIS. Uns liegt auch unser Planet sehr am Herzen und wir w\u00fcnschen uns, dass jeder ein minimalistischeres Leben f\u00fchrt und daher weniger Kleidung verwendet (#VERBRAUCH).<\/p>\n<p>Deshalb ist die Qualit\u00e4t unserer Produkte h\u00f6chstm\u00f6glich. Sie k\u00f6nnen sie jahrelang verwenden und weitergeben, wenn Sie fertig sind. Wir verwenden hochwertige Stoffe mit dem GOTS-Zertifikat f\u00fcr Bio-Baumwolle und dem STANDARD 100 von OEKO-TEX\u00ae. Alle unsere Produkte k\u00f6nnen beliebig oft in der Maschine gewaschen und im Trockner getrocknet werden. Sie werden feststellen, dass unser Baumwollvlies nicht einmal geb\u00fcgelt werden muss, um gut auszusehen.<\/p>","protected":false},"excerpt":{"rendered":"<h6>Eine Babymarke<\/h6>\n<p>Unisex-Cardigan aus gerippter Baumwolle mit verspieltem Roh-Finish. Komplett zu \u00f6ffnen mit kleinen Druckkn\u00f6pfen. Kombinieren Sie es mit Ripp-Leggings, Shorts oder Pumphosen f\u00fcr einen angesagten, l\u00e4ssigen Look.<\/p>","protected":false},"featured_media":22034,"comment_status":"closed","ping_status":"closed","template":"","meta":{"_acf_changed":false},"product_brand":[],"product_cat":[335,361,360,363,529,530],"product_tag":[423,430,432,433,434,431,425],"class_list":{"0":"post-22029","1":"product","2":"type-product","3":"status-publish","4":"has-post-thumbnail","6":"product_cat-a_baby_brand","7":"product_cat-babyshower","8":"product_cat-cadeautips","9":"product_cat-cadeaus-e25-e50","10":"product_cat-katoenen-babykleertjes","11":"product_cat-katoenen-babyshirt","12":"product_tag-a-baby-brand","13":"product_tag-babykleding","14":"product_tag-babyromper","15":"product_tag-babyrompertjes","16":"product_tag-babyuitzet","17":"product_tag-wollen-babykleding","18":"product_tag-woolskins","19":"pa_maat-0-maanden","20":"pa_maat-1-jaar","21":"pa_maat-3-maanden","22":"pa_maat-6-maanden","24":"first","25":"instock","26":"taxable","27":"shipping-taxable","28":"purchasable","29":"product-type-variable"},"acf":[],"_links":{"self":[{"href":"https:\/\/woolskins.eu\/de\/wp-json\/wp\/v2\/product\/22029","targetHints":{"allow":["GET"]}}],"collection":[{"href":"https:\/\/woolskins.eu\/de\/wp-json\/wp\/v2\/product"}],"about":[{"href":"https:\/\/woolskins.eu\/de\/wp-json\/wp\/v2\/types\/product"}],"replies":[{"embeddable":true,"href":"https:\/\/woolskins.eu\/de\/wp-json\/wp\/v2\/comments?post=22029"}],"wp:featuredmedia":[{"embeddable":true,"href":"https:\/\/woolskins.eu\/de\/wp-json\/wp\/v2\/media\/22034"}],"wp:attachment":[{"href":"https:\/\/woolskins.eu\/de\/wp-json\/wp\/v2\/media?parent=22029"}],"wp:term":[{"taxonomy":"product_brand","embeddable":true,"href":"https:\/\/woolskins.eu\/de\/wp-json\/wp\/v2\/product_brand?post=22029"},{"taxonomy":"product_cat","embeddable":true,"href":"https:\/\/woolskins.eu\/de\/wp-json\/wp\/v2\/product_cat?post=22029"},{"taxonomy":"product_tag","embeddable":true,"href":"https:\/\/woolskins.eu\/de\/wp-json\/wp\/v2\/product_tag?post=22029"}],"curies":[{"name":"wp","href":"https:\/\/api.w.org\/{rel}","templated":true}]}}