{"id":21955,"date":"2024-10-18T09:57:29","date_gmt":"2024-10-18T09:57:29","guid":{"rendered":"https:\/\/woolskins.eu\/?post_type=product&#038;p=21955"},"modified":"2025-10-14T18:39:50","modified_gmt":"2025-10-14T18:39:50","slug":"kinder-bodywarmer-aus-wolle-der-marke-a-basic-schwarz","status":"publish","type":"product","link":"https:\/\/woolskins.eu\/de\/a-basic-brand-wollen-kinder-bodywarmer-zwart\/","title":{"rendered":"A Basic Brand - Kinder Bodywarmer aus Wolle | schwarz"},"content":{"rendered":"<h6><strong>Eine Babymarke<\/strong><\/h6>\n<p>K\u00f6rperw\u00e4rmer 100% Wolle. Wunderbar warm und bequem, v\u00f6llig nat\u00fcrlich, atmungsaktiv und super hip. Die Strickjacke hat kleine Taschen und wird mit einem Rei\u00dfverschluss geschlossen. Tragen Sie es an einem windigen Tag \u00fcber einem Sweatshirt oder bei wirklich kaltem Wetter unter einer Jacke. Diese Strickjacke ist auch f\u00fcr M\u00fctter erh\u00e4ltlich.<\/p>\n<p>Verbindung<br \/>\n100% Wolle.<\/p>\n<p>Gr\u00f6\u00dfen:<\/p>\n<p>6m \u2013 70cm<br \/>\n1 Jahr \u2013 86 cm<br \/>\n2 Jahre \u2013 92 cm<br \/>\n4 Jahre \u2013 104 cm<br \/>\n6 Jahre \u2013 116 cm<\/p>\n<p>Waschanleitung:<\/p>\n<p>Wir empfehlen, unsere Produkte von Hand in warmem Wasser zu waschen und ein Lanolinwaschmittel zu verwenden.<\/p>","protected":false},"excerpt":{"rendered":"<h6><strong>Eine Babymarke<\/strong><\/h6>\n<p>Wunderbar warmer und bequemer Woll-Bodywarmer. Dieser Cardigan hat einen Rei\u00dfverschluss und Taschen und l\u00e4sst sich problemlos mit all unseren anderen Produkten kombinieren. Auch in gr\u00f6\u00dferen Gr\u00f6\u00dfen f\u00fcr M\u00fctter aus 100%-Wolle erh\u00e4ltlich.<\/p>","protected":false},"featured_media":21969,"comment_status":"open","ping_status":"closed","template":"","meta":{"_acf_changed":false},"product_brand":[],"product_cat":[335,360,363,200,337,413,344],"product_tag":[423,424,420,421,422,425],"class_list":{"0":"post-21955","1":"product","2":"type-product","3":"status-publish","4":"has-post-thumbnail","6":"product_cat-a_baby_brand","7":"product_cat-cadeautips","8":"product_cat-cadeaus-e25-e50","9":"product_cat-wollen-babykleding","10":"product_cat-vestjes","11":"product_cat-alwero-bodywarmer","12":"product_cat-kleertjes","13":"product_tag-a-baby-brand","14":"product_tag-alwero-bodywarmer","15":"product_tag-bodywarmer-wol","16":"product_tag-wollen-bodywarmer","17":"product_tag-wool-vest","18":"product_tag-woolskins","19":"pa_maat-1-jaar","20":"pa_maat-2-jaar","21":"pa_maat-4-jaar","22":"pa_maat-6-jaar","23":"pa_maat-6-maanden","24":"pa_maat-8-jaar","26":"first","27":"instock","28":"taxable","29":"shipping-taxable","30":"purchasable","31":"product-type-variable"},"acf":[],"_links":{"self":[{"href":"https:\/\/woolskins.eu\/de\/wp-json\/wp\/v2\/product\/21955","targetHints":{"allow":["GET"]}}],"collection":[{"href":"https:\/\/woolskins.eu\/de\/wp-json\/wp\/v2\/product"}],"about":[{"href":"https:\/\/woolskins.eu\/de\/wp-json\/wp\/v2\/types\/product"}],"replies":[{"embeddable":true,"href":"https:\/\/woolskins.eu\/de\/wp-json\/wp\/v2\/comments?post=21955"}],"wp:featuredmedia":[{"embeddable":true,"href":"https:\/\/woolskins.eu\/de\/wp-json\/wp\/v2\/media\/21969"}],"wp:attachment":[{"href":"https:\/\/woolskins.eu\/de\/wp-json\/wp\/v2\/media?parent=21955"}],"wp:term":[{"taxonomy":"product_brand","embeddable":true,"href":"https:\/\/woolskins.eu\/de\/wp-json\/wp\/v2\/product_brand?post=21955"},{"taxonomy":"product_cat","embeddable":true,"href":"https:\/\/woolskins.eu\/de\/wp-json\/wp\/v2\/product_cat?post=21955"},{"taxonomy":"product_tag","embeddable":true,"href":"https:\/\/woolskins.eu\/de\/wp-json\/wp\/v2\/product_tag?post=21955"}],"curies":[{"name":"wp","href":"https:\/\/api.w.org\/{rel}","templated":true}]}}