{"id":21523,"date":"2024-09-25T10:02:14","date_gmt":"2024-09-25T10:02:14","guid":{"rendered":"https:\/\/woolskins.eu\/?post_type=product&#038;p=21523"},"modified":"2025-12-17T12:01:37","modified_gmt":"2025-12-17T12:01:37","slug":"wollfaustlinge-unisex-zaffiro-gefilzt-beige-kopie","status":"publish","type":"product","link":"https:\/\/woolskins.eu\/de\/wollen-wanten-unisex-zaffiro-felted-beige-kopie\/","title":{"rendered":"Unisex Wollf\u00e4ustlinge - Zaffiro | Gefilzt Hellgrau"},"content":{"rendered":"<h5>F\u00e4ustlinge aus Wolle - Zaffiro<\/h5>\n<p>Halten Sie Ihre H\u00e4nde mit den Wollf\u00e4ustlingen von Zaffiro herrlich warm und bequem. Diese warmen Wollf\u00e4ustlinge sind die perfekte L\u00f6sung, um Ihre H\u00e4nde an kalten Tagen warm zu halten. Sie bestehen aus weicher, nat\u00fcrlich gefilzter Premium-Wolle und sind sanft zu empfindlicher Haut. Die Wollf\u00e4ustlinge bieten eine hervorragende Isolierung, wenn Sie mit Ihrem Baby unterwegs sind.<\/p>\n<p>Ein paar Funktionen:<\/p>\n<ul>\n<li>W\u00e4rme: Wolle isoliert auf nat\u00fcrliche Weise und h\u00e4lt die H\u00e4nde Ihres Babys auch bei k\u00e4ltestem Wetter sch\u00f6n warm.<\/li>\n<li>Weichheit: Die F\u00e4ustlinge bestehen aus luxuri\u00f6s weicher Wolle, die die Haut Ihres Babys nicht reizt.<\/li>\n<li>Atmungsaktivit\u00e4t: Wolle ist von Natur aus atmungsaktiv und sorgt daf\u00fcr, dass die H\u00e4nde Ihres Babys bequem und schwei\u00dffrei bleiben.<\/li>\n<li>Die F\u00e4ustlinge lassen sich problemlos mit allen anderen Produkten aus unserer Felted-Kollektion kombinieren.<\/li>\n<\/ul>\n<p data-sourcepos=\"5:1-5:57\">Gr\u00f6\u00dfe: Einheitsgr\u00f6\u00dfe S\/M (L\u00e4nge 27cm x 10,5cm)<\/p>\n<h5>Zaffiro<\/h5>\n<p>Das Unternehmen Zaffiro ist ein polnisches Familienunternehmen. Seit unseren Anf\u00e4ngen im Jahr 1989 haben wir uns auf die Herstellung von Baby- und Kinderprodukten spezialisiert und den Gro\u00dfteil unserer Produktion in mehr als 40 L\u00e4nder exportiert. Wir haben die Marke Zaffiro gegr\u00fcndet, um Produkte zu f\u00f6rdern, die Eltern unterst\u00fctzen, die sich der Bedeutung der Intimit\u00e4t und Bindung zu ihrem Baby von den ersten Stunden nach der Geburt an bewusst sind. Wir f\u00f6rdern das Konzept, Kinder \u201eHerz f\u00fcr Herz\u201c in Traget\u00fcchern und Babytragen zu tragen und die weise Tradition fr\u00fcherer Generationen unter Ber\u00fccksichtigung zeitgen\u00f6ssischer psychologischer Forschung wieder einzuf\u00fchren, wiederzuentdecken und weiterzuentwickeln.<\/p>","protected":false},"excerpt":{"rendered":"<p>Halten Sie Ihre H\u00e4nde mit den Wollf\u00e4ustlingen von Zaffiro herrlich warm und bequem. Diese warmen Wollf\u00e4ustlinge sind die perfekte L\u00f6sung, um Ihre H\u00e4nde an kalten Tagen warm zu halten. Sie bestehen aus weicher, nat\u00fcrlich gefilzter Premium-Wolle und sind sanft zu empfindlicher Haut. Die Wollf\u00e4ustlinge bieten eine hervorragende Isolierung, wenn Sie an den etwas k\u00e4lteren Tagen unterwegs sind.<\/p>\n<p>Gr\u00f6\u00dfe: Einheitsgr\u00f6\u00dfe S\/M (L\u00e4nge 27cm x 10,5cm)<\/p>\n<div class=\"woocommerce-product-details__short-description\">\n<p><strong>Marke: Zaffiro<\/strong><br \/>\n<strong>Produktion: Polen<br \/>\nKeur: Oeko-Tex Standard<\/strong><\/p>\n<p><img loading=\"lazy\" decoding=\"async\" class=\"alignnone wp-image-28173 entered lazyloaded\" src=\"https:\/\/woolskins.eu\/wp-content\/uploads\/2024\/05\/csm_OEKO-TEX_Logo_2022_rgb_c1aaeb5ceb-300x300.jpg\" alt=\"\" width=\"89\" height=\"89\" data-lazy-src=\"https:\/\/woolskins.eu\/wp-content\/uploads\/2024\/05\/csm_OEKO-TEX_Logo_2022_rgb_c1aaeb5ceb-300x300.jpg\" data-ll-status=\"loaded\" srcset=\"https:\/\/woolskins.eu\/wp-content\/uploads\/2024\/05\/csm_OEKO-TEX_Logo_2022_rgb_c1aaeb5ceb-300x300.jpg 300w, https:\/\/woolskins.eu\/wp-content\/uploads\/2024\/05\/csm_OEKO-TEX_Logo_2022_rgb_c1aaeb5ceb-150x150.jpg 150w, https:\/\/woolskins.eu\/wp-content\/uploads\/2024\/05\/csm_OEKO-TEX_Logo_2022_rgb_c1aaeb5ceb-768x769.jpg 768w, https:\/\/woolskins.eu\/wp-content\/uploads\/2024\/05\/csm_OEKO-TEX_Logo_2022_rgb_c1aaeb5ceb-12x12.jpg 12w, https:\/\/woolskins.eu\/wp-content\/uploads\/2024\/05\/csm_OEKO-TEX_Logo_2022_rgb_c1aaeb5ceb-600x601.jpg 600w, https:\/\/woolskins.eu\/wp-content\/uploads\/2024\/05\/csm_OEKO-TEX_Logo_2022_rgb_c1aaeb5ceb-100x100.jpg 100w, https:\/\/woolskins.eu\/wp-content\/uploads\/2024\/05\/csm_OEKO-TEX_Logo_2022_rgb_c1aaeb5ceb-64x64.jpg 64w, https:\/\/woolskins.eu\/wp-content\/uploads\/2024\/05\/csm_OEKO-TEX_Logo_2022_rgb_c1aaeb5ceb.jpg 885w\" sizes=\"auto, (max-width: 89px) 100vw, 89px\" \/><\/p>\n<\/div>","protected":false},"featured_media":21522,"comment_status":"open","ping_status":"closed","template":"","meta":{"_acf_changed":false},"product_brand":[],"product_cat":[502,351,363,350,31],"product_tag":[],"class_list":{"0":"post-21523","1":"product","2":"type-product","3":"status-publish","4":"has-post-thumbnail","6":"product_cat-zaffiro","7":"product_cat-accessoiresvoormama","8":"product_cat-cadeaus-e25-e50","9":"product_cat-fashion","10":"product_cat-yogamat-wol","12":"first","13":"instock","14":"taxable","15":"shipping-taxable","16":"purchasable","17":"product-type-simple"},"acf":[],"_links":{"self":[{"href":"https:\/\/woolskins.eu\/de\/wp-json\/wp\/v2\/product\/21523","targetHints":{"allow":["GET"]}}],"collection":[{"href":"https:\/\/woolskins.eu\/de\/wp-json\/wp\/v2\/product"}],"about":[{"href":"https:\/\/woolskins.eu\/de\/wp-json\/wp\/v2\/types\/product"}],"replies":[{"embeddable":true,"href":"https:\/\/woolskins.eu\/de\/wp-json\/wp\/v2\/comments?post=21523"}],"wp:featuredmedia":[{"embeddable":true,"href":"https:\/\/woolskins.eu\/de\/wp-json\/wp\/v2\/media\/21522"}],"wp:attachment":[{"href":"https:\/\/woolskins.eu\/de\/wp-json\/wp\/v2\/media?parent=21523"}],"wp:term":[{"taxonomy":"product_brand","embeddable":true,"href":"https:\/\/woolskins.eu\/de\/wp-json\/wp\/v2\/product_brand?post=21523"},{"taxonomy":"product_cat","embeddable":true,"href":"https:\/\/woolskins.eu\/de\/wp-json\/wp\/v2\/product_cat?post=21523"},{"taxonomy":"product_tag","embeddable":true,"href":"https:\/\/woolskins.eu\/de\/wp-json\/wp\/v2\/product_tag?post=21523"}],"curies":[{"name":"wp","href":"https:\/\/api.w.org\/{rel}","templated":true}]}}