{"id":21413,"date":"2024-09-20T08:20:02","date_gmt":"2024-09-20T08:20:02","guid":{"rendered":"https:\/\/woolskins.eu\/?post_type=product&#038;p=21413"},"modified":"2026-01-06T11:22:27","modified_gmt":"2026-01-06T11:22:27","slug":"handwarmer-fur-kinderwagen-zaffiro-igrow-4-0-schwarz-beige","status":"publish","type":"product","link":"https:\/\/woolskins.eu\/de\/handwarmers-voor-kinderwagen-zaffiro-igrow-4-0-zwart-beige\/","title":{"rendered":"Handw\u00e4rmer f\u00fcr Kinderwagen - Zaffiro iGrow 4.0 | Schwarz\/Beige"},"content":{"rendered":"<p>2in1 Kinderwagen Handw\u00e4rmer Premium Wolle. Diese Handw\u00e4rmer\/\u00c4rmel sind perfekt f\u00fcr alle, die gerne lange Spazierg\u00e4nge mit ihren Kindern im Freien machen. Die Handw\u00e4rmer sind mit nat\u00fcrlicher, hochwertiger Schafwolle gef\u00fcllt, die sich sehr angenehm und warm anf\u00fchlt. Dank der wasser- und winddichten Au\u00dfenseite bekommt man nicht so schnell kalte H\u00e4nde. Die Handw\u00e4rmer lassen sich einfach zusammen oder separat am Kinderwagen befestigen. Sie sind sehr effizient im Gebrauch, da man die H\u00e4nde einfach hineinstecken und wieder herausnehmen kann, wenn man etwas \u00fcbrig hat.<\/p>\n<p>Eigenschaften:<\/p>\n<p>- Abmessungen: 38x26cm<br \/>\n- universelle Gr\u00f6\u00dfe<br \/>\n- kann als ein \u00c4rmel oder als zwei separate Handschuhe verwendet werden<br \/>\n- passend f\u00fcr alle Kinderwagenmodelle<br \/>\n- schmutzabweisendes Gewebe zur Vermeidung von Schmutz<br \/>\n- wind- und wasserdicht (sch\u00fctzt vor Regen und Schnee)<\/p>\n<p>Premium-Wolle<br \/>\nDie Zaffiro Handw\u00e4rmer f\u00fcr Kinderwagen und Buggy werden aus den hochwertigsten Fasern hergestellt, die mit einer zus\u00e4tzlichen speziellen Verarbeitung angereichert werden, wodurch eine Haarabdeckung auf beiden Seiten des Gewebes entsteht. Dank dieser Eigenschaften ist die Wolle in unseren Schlafs\u00e4cken hygroskopisch, absorbiert Feuchtigkeit perfekt und sch\u00fctzt vor W\u00e4rmeverlust. Die Wolle des Kinderwagen-Handw\u00e4rmers speichert die W\u00e4rme besser als gew\u00f6hnliche Wolle, da sie aus zwei Schichten Wolfsvlies besteht.<\/p>\n<p>Die f\u00fcr die Herstellung des Schlafsacks verwendete nat\u00fcrliche, weiche PREMIUM-Schafwolle ist perfekt f\u00fcr kalte Winter und w\u00e4rmere Tage. Es sorgt f\u00fcr eine noch bessere nat\u00fcrliche Thermoregulation, sodass es das Kind auch bei starkem Frost wirksam sch\u00fctzt und daf\u00fcr sorgt, dass das Kind an hei\u00dfen Tagen nicht \u00fcberhitzt. Schafwolle hat au\u00dferdem antiallergische Eigenschaften und ist resistent gegen die Entwicklung von Milben. Es verf\u00fcgt \u00fcber hygienische und selbstreinigende Eigenschaften. Neutralisiert unangenehme Ger\u00fcche und Schmutz.<\/p>\n<p>Verbindung:<br \/>\nBezugsstoff: 100% Polyester; Innenstoff: 100% Wollfleece; F\u00fcllung: 100% Polyester.<\/p>","protected":false},"excerpt":{"rendered":"<p>Diese Handw\u00e4rmer\/\u00c4rmel sind perfekt f\u00fcr alle, die gerne lange Spazierg\u00e4nge mit ihren Kindern im Freien machen. Die Handw\u00e4rmer sind mit nat\u00fcrlicher Premium-Schafswolle gef\u00fcllt, die sich sehr angenehm und warm anf\u00fchlt. Dank der wasser- und winddichten Au\u00dfenseite bekommt man nicht so schnell kalte H\u00e4nde. Die Handw\u00e4rmer lassen sich einfach zusammen oder separat am Kinderwagen befestigen. Sie sind sehr effizient im Gebrauch, da man die H\u00e4nde einfach hineinstecken und wieder herausnehmen kann, wenn man etwas \u00fcbrig hat.<\/p>\n<p><strong>Marke: Zaffiro<\/strong><br \/>\n<strong>Produktion: Polen<br \/>\nKeur: Oeko-Tex Standard<\/strong><\/p>\n<p><img loading=\"lazy\" decoding=\"async\" class=\"alignnone wp-image-28173 entered lazyloaded\" src=\"https:\/\/woolskins.eu\/wp-content\/uploads\/2024\/05\/csm_OEKO-TEX_Logo_2022_rgb_c1aaeb5ceb-300x300.jpg\" alt=\"\" width=\"89\" height=\"89\" data-lazy-src=\"https:\/\/woolskins.eu\/wp-content\/uploads\/2024\/05\/csm_OEKO-TEX_Logo_2022_rgb_c1aaeb5ceb-300x300.jpg\" data-ll-status=\"loaded\" srcset=\"https:\/\/woolskins.eu\/wp-content\/uploads\/2024\/05\/csm_OEKO-TEX_Logo_2022_rgb_c1aaeb5ceb-300x300.jpg 300w, https:\/\/woolskins.eu\/wp-content\/uploads\/2024\/05\/csm_OEKO-TEX_Logo_2022_rgb_c1aaeb5ceb-150x150.jpg 150w, https:\/\/woolskins.eu\/wp-content\/uploads\/2024\/05\/csm_OEKO-TEX_Logo_2022_rgb_c1aaeb5ceb-768x769.jpg 768w, https:\/\/woolskins.eu\/wp-content\/uploads\/2024\/05\/csm_OEKO-TEX_Logo_2022_rgb_c1aaeb5ceb-12x12.jpg 12w, https:\/\/woolskins.eu\/wp-content\/uploads\/2024\/05\/csm_OEKO-TEX_Logo_2022_rgb_c1aaeb5ceb-600x601.jpg 600w, https:\/\/woolskins.eu\/wp-content\/uploads\/2024\/05\/csm_OEKO-TEX_Logo_2022_rgb_c1aaeb5ceb-100x100.jpg 100w, https:\/\/woolskins.eu\/wp-content\/uploads\/2024\/05\/csm_OEKO-TEX_Logo_2022_rgb_c1aaeb5ceb-64x64.jpg 64w, https:\/\/woolskins.eu\/wp-content\/uploads\/2024\/05\/csm_OEKO-TEX_Logo_2022_rgb_c1aaeb5ceb.jpg 885w\" sizes=\"auto, (max-width: 89px) 100vw, 89px\" \/><\/p>","protected":false},"featured_media":21393,"comment_status":"closed","ping_status":"closed","template":"","meta":{"_acf_changed":false},"product_brand":[],"product_cat":[352,363,336,502],"product_tag":[],"class_list":{"0":"post-21413","1":"product","2":"type-product","3":"status-publish","4":"has-post-thumbnail","6":"product_cat-merken","7":"product_cat-cadeaus-e25-e50","8":"product_cat-voetenzakken","9":"product_cat-zaffiro","11":"first","12":"instock","13":"taxable","14":"shipping-taxable","15":"purchasable","16":"product-type-simple"},"acf":[],"_links":{"self":[{"href":"https:\/\/woolskins.eu\/de\/wp-json\/wp\/v2\/product\/21413","targetHints":{"allow":["GET"]}}],"collection":[{"href":"https:\/\/woolskins.eu\/de\/wp-json\/wp\/v2\/product"}],"about":[{"href":"https:\/\/woolskins.eu\/de\/wp-json\/wp\/v2\/types\/product"}],"replies":[{"embeddable":true,"href":"https:\/\/woolskins.eu\/de\/wp-json\/wp\/v2\/comments?post=21413"}],"wp:featuredmedia":[{"embeddable":true,"href":"https:\/\/woolskins.eu\/de\/wp-json\/wp\/v2\/media\/21393"}],"wp:attachment":[{"href":"https:\/\/woolskins.eu\/de\/wp-json\/wp\/v2\/media?parent=21413"}],"wp:term":[{"taxonomy":"product_brand","embeddable":true,"href":"https:\/\/woolskins.eu\/de\/wp-json\/wp\/v2\/product_brand?post=21413"},{"taxonomy":"product_cat","embeddable":true,"href":"https:\/\/woolskins.eu\/de\/wp-json\/wp\/v2\/product_cat?post=21413"},{"taxonomy":"product_tag","embeddable":true,"href":"https:\/\/woolskins.eu\/de\/wp-json\/wp\/v2\/product_tag?post=21413"}],"curies":[{"name":"wp","href":"https:\/\/api.w.org\/{rel}","templated":true}]}}