{"id":20825,"date":"2024-07-10T09:03:01","date_gmt":"2024-07-10T09:03:01","guid":{"rendered":"https:\/\/woolskins.eu\/?post_type=product&#038;p=20825"},"modified":"2025-09-27T09:29:09","modified_gmt":"2025-09-27T09:29:09","slug":"klick-klack-kugeln-holz-orange","status":"publish","type":"product","link":"https:\/\/woolskins.eu\/de\/klik-klak-ballen-hout-oranje\/","title":{"rendered":"Klick-Klack-Kugeln | Holz - Orange"},"content":{"rendered":"<p>Der Klick-Klack-Spa\u00df besteht darin, den Ring zu ergreifen und dann kr\u00e4ftige Handbewegungen nach oben und unten zu machen, so dass die Holzkugeln abwechselnd \u00fcber und unter der Hand h\u00fcpfen. Wenn die Kugeln gegeneinander prallen, geben sie ein charakteristisches \u201cKlick-Klack\u201d-Ger\u00e4usch von sich. Dank dieses Spielzeugs k\u00f6nnen Kinder ihre Reflexe trainieren und ihre Handgeschicklichkeit sowie ihre Auge-Hand-Koordination \u00fcben ... nun ja, nicht nur Kinder.<\/p>\n<p>Merkmale:<\/p>\n<p>-das Set besteht aus einem Reifen, an dem ein St\u00fcck Schnur befestigt ist, an dessen Ende zwei farbige B\u00e4lle angebracht sind<\/p>\n<p>-er ist in zwei Farben erh\u00e4ltlich<\/p>\n<p>- blau und orange, hergestellt aus hochwertigem Hartholz von FSC\u00ae-zertifizierten Lieferanten - f\u00fcr die Lackierung wurden \u00f6kologische Farben verwendet<\/p>\n<p>-mit einem sicheren, ungiftigen Lack versehen, sorgf\u00e4ltig poliert, angenehm anzufassen, um Freude zu bereiten und Sicherheit zu gew\u00e4hrleisten<\/p>\n<p>-\u00f6kologisches Produkt Spielzeug frei von Schadstoffen-geeignet f\u00fcr Kinder ab 3 Jahren<\/p>\n<p>AbmessungenDurchmesser Kugel 4 cm, Schnur 20 cm<\/p>\n<p data-sourcepos=\"38:1-38:17\"><strong>\u00dcber Tarnawa<\/strong><\/p>\n<p><strong>Vertrauen Sie der Familientradition!<\/strong><\/p>\n<p>Wir wissen, wie wir jedes Kind von klein auf gl\u00fccklich machen k\u00f6nnen. Wir wissen, dass Entwicklung und Sicherheit ebenso wichtig sind wie Spa\u00df. Das haben wir in \u00fcber 80 Jahren Erfahrung in der Herstellung von Spielzeug und Gegenst\u00e4nden aus Holz gelernt. Wir bieten unseren Kunden hochwertiges Holzspielzeug f\u00fcr Kinder, das nicht nur robust, sondern auch sicher ist. Wir geben in unserem Haus Wissen, Erfahrung, Leidenschaft und Engagement von Generation zu Generation weiter. Tarnawa ist nicht nur ein Unternehmen, es ist eine Familie!<\/p>\n<p><img loading=\"lazy\" decoding=\"async\" class=\"alignnone size-medium wp-image-20439\" src=\"https:\/\/woolskins.eu\/wp-content\/uploads\/2024\/06\/IMG_1333-scaled-Klein-225x300.jpg\" alt=\"Gehende Ente aus Holz Schiebestock Holzspielzeug Woolskins Tarnawa\" width=\"225\" height=\"300\" srcset=\"https:\/\/woolskins.eu\/wp-content\/uploads\/2024\/06\/IMG_1333-scaled-Klein-225x300.jpg 225w, https:\/\/woolskins.eu\/wp-content\/uploads\/2024\/06\/IMG_1333-scaled-Klein-64x85.jpg 64w, https:\/\/woolskins.eu\/wp-content\/uploads\/2024\/06\/IMG_1333-scaled-Klein-9x12.jpg 9w, https:\/\/woolskins.eu\/wp-content\/uploads\/2024\/06\/IMG_1333-scaled-Klein.jpg 480w\" sizes=\"auto, (max-width: 225px) 100vw, 225px\" \/><\/p>\n<p><strong>Hochwertiges Spielzeug f\u00fcr Ihre und unsere Kinder!<br \/>\n<\/strong><br \/>\nWir glauben, dass Sie als Eltern m\u00f6chten, dass die Spielzeuge, die Sie Ihrem Kind geben, sch\u00f6n, sorgf\u00e4ltig verarbeitet, langlebig und sicher sind. Wir sorgen daf\u00fcr, dass unsere Holzprodukte dank ihrer Funktionalit\u00e4t, aber auch \u00c4sthetik und Pr\u00e4zision in der Verarbeitung Ihrem Kind so lange und bestm\u00f6glich dienen. Wir fertigen sie von Hand, mit Liebe zum kleinsten Detail. Die Holzspielzeuge von Tarnawa sind keine Massenware, sondern kleine Kunstwerke.<\/p>\n<p><strong>Wir schaffen mit der Zeit!<br \/>\n<\/strong><br \/>\nDie Welt entwickelt sich st\u00e4ndig weiter, genau wie Ihr Kind und Sie. Entwicklung ist die Grundlage der Existenz. Die langj\u00e4hrige Erfahrung hat uns gelehrt, dass wir nicht stehen bleiben sollten und deshalb versuchen wir st\u00e4ndig, etwas Neues zu machen. Als Hersteller von Holzspielzeug verbinden wir die Leidenschaft f\u00fcr traditionelle Spielzeugherstellungstechniken mit einem modernen Look. Wir erreichen Sie, liebe Eltern, dank moderner Medien, die Ihnen und Ihrem Kind den Zugang zu unseren Naturprodukten erleichtern.<\/p>\n<p>&nbsp;<\/p>\n<p><img loading=\"lazy\" decoding=\"async\" class=\"size-full wp-image-20440 aligncenter\" src=\"https:\/\/woolskins.eu\/wp-content\/uploads\/2024\/06\/Logo.black_-300x263-1.png\" alt=\"Gehende Ente aus Holz Schiebestock Holzspielzeug Woolskins Tarnawa\" width=\"300\" height=\"263\" srcset=\"https:\/\/woolskins.eu\/wp-content\/uploads\/2024\/06\/Logo.black_-300x263-1.png 300w, https:\/\/woolskins.eu\/wp-content\/uploads\/2024\/06\/Logo.black_-300x263-1-64x56.png 64w, https:\/\/woolskins.eu\/wp-content\/uploads\/2024\/06\/Logo.black_-300x263-1-14x12.png 14w\" sizes=\"auto, (max-width: 300px) 100vw, 300px\" \/><\/p>","protected":false},"excerpt":{"rendered":"<p data-sourcepos=\"1:1-1:55\"><strong>Klick-Klack-Kugeln aus Holz<\/strong><\/p>\n<p data-sourcepos=\"3:1-3:54\">F\u00fcr etwas \u00e4ltere Kinder oder Eltern ist dies ein super lustiges Geschenk! Der Klick-Klack-Spa\u00df besteht darin, den Ring zu greifen und dann kr\u00e4ftige Handbewegungen nach oben und unten zu machen, so dass die Holzkugeln abwechselnd \u00fcber und unter der Hand h\u00fcpfen. Wenn die Kugeln gegeneinander prallen, geben sie ein charakteristisches \u201cKlick-Klack\u201d-Ger\u00e4usch von sich. Dank dieses Spielzeugs k\u00f6nnen Kinder ihre Reflexe trainieren und ihre Handgeschicklichkeit sowie ihre Auge-Hand-Koordination \u00fcben ... nun ja, nicht nur Kinder.<\/p>\n<p><strong>Marke: Tarnawa<\/strong><br \/>\n<strong>Produktion: Polen<\/strong><\/p>\n<p data-sourcepos=\"38:1-38:17\">","protected":false},"featured_media":20832,"comment_status":"open","ping_status":"closed","template":"","meta":{"_acf_changed":false},"product_brand":[],"product_cat":[504,505],"product_tag":[],"class_list":{"0":"post-20825","1":"product","2":"type-product","3":"status-publish","4":"has-post-thumbnail","6":"product_cat-houten-speelgoed","7":"product_cat-tarnawa","9":"first","10":"outofstock","11":"sale","12":"taxable","13":"shipping-taxable","14":"purchasable","15":"product-type-simple"},"acf":[],"_links":{"self":[{"href":"https:\/\/woolskins.eu\/de\/wp-json\/wp\/v2\/product\/20825","targetHints":{"allow":["GET"]}}],"collection":[{"href":"https:\/\/woolskins.eu\/de\/wp-json\/wp\/v2\/product"}],"about":[{"href":"https:\/\/woolskins.eu\/de\/wp-json\/wp\/v2\/types\/product"}],"replies":[{"embeddable":true,"href":"https:\/\/woolskins.eu\/de\/wp-json\/wp\/v2\/comments?post=20825"}],"wp:featuredmedia":[{"embeddable":true,"href":"https:\/\/woolskins.eu\/de\/wp-json\/wp\/v2\/media\/20832"}],"wp:attachment":[{"href":"https:\/\/woolskins.eu\/de\/wp-json\/wp\/v2\/media?parent=20825"}],"wp:term":[{"taxonomy":"product_brand","embeddable":true,"href":"https:\/\/woolskins.eu\/de\/wp-json\/wp\/v2\/product_brand?post=20825"},{"taxonomy":"product_cat","embeddable":true,"href":"https:\/\/woolskins.eu\/de\/wp-json\/wp\/v2\/product_cat?post=20825"},{"taxonomy":"product_tag","embeddable":true,"href":"https:\/\/woolskins.eu\/de\/wp-json\/wp\/v2\/product_tag?post=20825"}],"curies":[{"name":"wp","href":"https:\/\/api.w.org\/{rel}","templated":true}]}}