{"id":20458,"date":"2024-06-27T12:31:12","date_gmt":"2024-06-27T12:31:12","guid":{"rendered":"https:\/\/woolskins.eu\/?post_type=product&#038;p=20458"},"modified":"2025-04-19T08:29:47","modified_gmt":"2025-04-19T08:29:47","slug":"stapelblocke-aus-holz-balance-spiel-wal","status":"publish","type":"product","link":"https:\/\/woolskins.eu\/de\/houten-stapelblokken-balansspel-walvis\/","title":{"rendered":"Stapelkl\u00f6tze aus Holz \u2013 Balancespiel | Wal"},"content":{"rendered":"<p data-sourcepos=\"5:1-5:42\"><strong>Warum entscheiden Sie sich f\u00fcr Stapelbl\u00f6cke aus Holz?<\/strong><\/p>\n<ul data-sourcepos=\"7:1-7:44\">\n<li data-sourcepos=\"7:1-7:44\"><strong>F\u00f6rdert die motorische Entwicklung:<\/strong> Durch das Stapeln der Bl\u00f6cke trainiert Ihr Kind seine Feinmotorik und Koordination.<\/li>\n<li data-sourcepos=\"8:1-8:13\"><b>Hand-Auge-Koordination: <\/b>f\u00f6rdert die F\u00e4higkeit, Handlungen auszuf\u00fchren, die den gleichzeitigen Einsatz unserer Augen und H\u00e4nde erfordern.<\/li>\n<li data-sourcepos=\"9:1-9:129\"><b>Kognitive F\u00e4higkeiten:\u00a0<\/b>f\u00f6rdert Intelligenz und Konzentration.<\/li>\n<li data-sourcepos=\"10:1-10:134\"><strong>Hergestellt aus nachhaltigen Materialien:<\/strong> Das Balancespiel ist aus hochwertigem FSC\u00ae-Holz gefertigt, wodurch es langlebig ist und einem Schlag standh\u00e4lt.<\/li>\n<li data-sourcepos=\"11:1-11:112\"><strong>Sicher f\u00fcr Kinder:<\/strong>\u00a0Der Schiebestock ist mit einer sicheren, ungiftigen Farbe versehen und hat eine glatte Oberfl\u00e4che, frei von scharfen Kanten, sodass er f\u00fcr Kinder sicher zum Spielen geeignet ist.<\/li>\n<\/ul>\n<p data-sourcepos=\"13:1-13:40\"><strong>Dieses Balancespiel ist perfekt f\u00fcr:<\/strong><\/p>\n<ul data-sourcepos=\"15:1-18:0\">\n<li data-sourcepos=\"15:1-15:25\">Kleinkinder lernen gerade spielen.<\/li>\n<li data-sourcepos=\"16:1-16:44\">Kinder, die ihrer Fantasie freien Lauf lassen wollen<\/li>\n<li data-sourcepos=\"17:1-18:0\">Eltern, die nachhaltiges und lehrreiches Spielzeug suchen<\/li>\n<\/ul>\n<p data-sourcepos=\"19:1-19:18\"><strong>Spezifikationen:<\/strong><\/p>\n<ul data-sourcepos=\"21:1-24:0\">\n<li data-sourcepos=\"21:1-21:17\">Material: Holz mit FSC\u00ae-G\u00fctesiegel<\/li>\n<li data-sourcepos=\"22:1-22:35\">Abmessungen: 16 x 37 x 3 cm<\/li>\n<li data-sourcepos=\"23:1-24:0\">Alter: Kleinkind<\/li>\n<\/ul>\n<p data-sourcepos=\"25:1-25:118\"><strong>Verwandeln Sie Spielzeit in Lernzeit mit diesem Balancespiel aus Holz! Bestellen Sie es noch heute und lassen Sie Ihr Kind den Spa\u00df erleben!<\/strong><\/p>\n<p data-sourcepos=\"32:1-32:9\"><strong>Tipps:<\/strong><\/p>\n<ul data-sourcepos=\"34:1-37:0\">\n<li data-sourcepos=\"34:1-34:65\">Spielen Sie zun\u00e4chst das Spiel, indem Sie einfach die W\u00fcrfel der Reihe nach stapeln.<\/li>\n<li data-sourcepos=\"35:1-35:70\">Spielen Sie gemeinsam mit Ihrem Kind und lassen Sie dabei die W\u00fcrfel bestimmen, welchen Block Sie stapeln sollen.<\/li>\n<\/ul>\n<p data-sourcepos=\"38:1-38:17\"><strong>Mit diesem Stapelspiel von Tarnawa ist Spa\u00df f\u00fcr Sie und Ihr Kind garantiert.<\/strong><\/p>\n<p data-sourcepos=\"38:1-38:17\"><strong>\u00dcber Tarnawa<\/strong><\/p>\n<p><strong>Vertrauen Sie der Familientradition!<\/strong><\/p>\n<p>Wir wissen, wie wir jedes Kind von klein auf gl\u00fccklich machen k\u00f6nnen. Wir wissen, dass Entwicklung und Sicherheit ebenso wichtig sind wie Spa\u00df. Das haben wir in \u00fcber 80 Jahren Erfahrung in der Herstellung von Spielzeug und Gegenst\u00e4nden aus Holz gelernt. Wir bieten unseren Kunden hochwertiges Holzspielzeug f\u00fcr Kinder, das nicht nur robust, sondern auch sicher ist. Wir geben in unserem Haus Wissen, Erfahrung, Leidenschaft und Engagement von Generation zu Generation weiter. Tarnawa ist nicht nur ein Unternehmen, es ist eine Familie!<\/p>\n<p><img loading=\"lazy\" decoding=\"async\" class=\"alignnone size-medium wp-image-20439 entered lazyloaded\" src=\"https:\/\/i0.wp.com\/woolskins.eu\/wp-content\/uploads\/2024\/06\/IMG_1333-scaled-Klein.jpg?resize=225%2C300&amp;ssl=1\" sizes=\"auto, (max-width: 225px) 100vw, 225px\" srcset=\"https:\/\/i0.wp.com\/woolskins.eu\/wp-content\/uploads\/2024\/06\/IMG_1333-scaled-Klein.jpg?resize=225%2C300&amp;ssl=1 225w, https:\/\/i0.wp.com\/woolskins.eu\/wp-content\/uploads\/2024\/06\/IMG_1333-scaled-Klein.jpg?resize=9%2C12&amp;ssl=1 9w, https:\/\/i0.wp.com\/woolskins.eu\/wp-content\/uploads\/2024\/06\/IMG_1333-scaled-Klein.jpg?resize=64%2C85&amp;ssl=1 64w, https:\/\/i0.wp.com\/woolskins.eu\/wp-content\/uploads\/2024\/06\/IMG_1333-scaled-Klein.jpg?w=480&amp;ssl=1 480w\" alt=\"Gehende Ente aus Holz Schiebestock Holzspielzeug Woolskins Tarnawa\" width=\"225\" height=\"300\" data-lazy-srcset=\"https:\/\/i0.wp.com\/woolskins.eu\/wp-content\/uploads\/2024\/06\/IMG_1333-scaled-Klein.jpg?resize=225%2C300&amp;ssl=1 225w, https:\/\/i0.wp.com\/woolskins.eu\/wp-content\/uploads\/2024\/06\/IMG_1333-scaled-Klein.jpg?resize=9%2C12&amp;ssl=1 9w, https:\/\/i0.wp.com\/woolskins.eu\/wp-content\/uploads\/2024\/06\/IMG_1333-scaled-Klein.jpg?resize=64%2C85&amp;ssl=1 64w, https:\/\/i0.wp.com\/woolskins.eu\/wp-content\/uploads\/2024\/06\/IMG_1333-scaled-Klein.jpg?w=480&amp;ssl=1 480w\" data-lazy-sizes=\"(max-width: 225px) 100vw, 225px\" data-recalc-dims=\"1\" data-lazy-src=\"https:\/\/i0.wp.com\/woolskins.eu\/wp-content\/uploads\/2024\/06\/IMG_1333-scaled-Klein.jpg?resize=225%2C300&amp;ssl=1\" data-ll-status=\"loaded\" \/><\/p>\n<p><strong>Hochwertiges Spielzeug f\u00fcr Ihre und unsere Kinder!<br \/>\n<\/strong><br \/>\nWir glauben, dass Sie als Eltern m\u00f6chten, dass die Spielzeuge, die Sie Ihrem Kind geben, sch\u00f6n, sorgf\u00e4ltig verarbeitet, langlebig und sicher sind. Wir sorgen daf\u00fcr, dass unsere Holzprodukte dank ihrer Funktionalit\u00e4t, aber auch \u00c4sthetik und Pr\u00e4zision in der Verarbeitung Ihrem Kind so lange und bestm\u00f6glich dienen. Wir fertigen sie von Hand, mit Liebe zum kleinsten Detail. Die Holzspielzeuge von Tarnawa sind keine Massenware, sondern kleine Kunstwerke.<\/p>\n<p><strong>Wir schaffen mit der Zeit!<br \/>\n<\/strong><br \/>\nDie Welt entwickelt sich st\u00e4ndig weiter, genau wie Ihr Kind und Sie. Entwicklung ist die Grundlage der Existenz. Die langj\u00e4hrige Erfahrung hat uns gelehrt, dass wir nicht stehen bleiben sollten und deshalb versuchen wir st\u00e4ndig, etwas Neues zu machen. Als Hersteller von Holzspielzeug verbinden wir die Leidenschaft f\u00fcr traditionelle Spielzeugherstellungstechniken mit einem modernen Look. Wir erreichen Sie, liebe Eltern, dank moderner Medien, die Ihnen und Ihrem Kind den Zugang zu unseren Naturprodukten erleichtern.<\/p>\n<p>&nbsp;<\/p>\n<p><img loading=\"lazy\" decoding=\"async\" class=\"size-full wp-image-20440 aligncenter entered lazyloaded\" src=\"https:\/\/i0.wp.com\/woolskins.eu\/wp-content\/uploads\/2024\/06\/Logo.black_-300x263-1.png?resize=300%2C263&amp;ssl=1\" sizes=\"auto, (max-width: 300px) 100vw, 300px\" srcset=\"https:\/\/i0.wp.com\/woolskins.eu\/wp-content\/uploads\/2024\/06\/Logo.black_-300x263-1.png?w=300&amp;ssl=1 300w, https:\/\/i0.wp.com\/woolskins.eu\/wp-content\/uploads\/2024\/06\/Logo.black_-300x263-1.png?resize=14%2C12&amp;ssl=1 14w, https:\/\/i0.wp.com\/woolskins.eu\/wp-content\/uploads\/2024\/06\/Logo.black_-300x263-1.png?resize=64%2C56&amp;ssl=1 64w\" alt=\"Gehende Ente aus Holz Schiebestock Holzspielzeug Woolskins Tarnawa\" width=\"300\" height=\"263\" data-lazy-srcset=\"https:\/\/i0.wp.com\/woolskins.eu\/wp-content\/uploads\/2024\/06\/Logo.black_-300x263-1.png?w=300&amp;ssl=1 300w, https:\/\/i0.wp.com\/woolskins.eu\/wp-content\/uploads\/2024\/06\/Logo.black_-300x263-1.png?resize=14%2C12&amp;ssl=1 14w, https:\/\/i0.wp.com\/woolskins.eu\/wp-content\/uploads\/2024\/06\/Logo.black_-300x263-1.png?resize=64%2C56&amp;ssl=1 64w\" data-lazy-sizes=\"(max-width: 300px) 100vw, 300px\" data-recalc-dims=\"1\" data-lazy-src=\"https:\/\/i0.wp.com\/woolskins.eu\/wp-content\/uploads\/2024\/06\/Logo.black_-300x263-1.png?resize=300%2C263&amp;ssl=1\" data-ll-status=\"loaded\" \/><\/p>","protected":false},"excerpt":{"rendered":"<p>Haben Sie Spa\u00df mit Ihrem Kind, wenn Sie dieses Balancespiel von Tarnawa spielen! Dieses Balancespiel aus Holz hilft Ihrem Kind, logisch zu denken und au\u00dferdem seine kognitiven F\u00e4higkeiten und die Hand-Auge-Koordination zu entwickeln. Sie platzieren die Bl\u00f6cke einzeln auf der wackeligen Unterlage, aber seien Sie vorsichtig! Achten Sie darauf, dass sie nicht umfallen. Die Basis und die Bl\u00f6cke sind glatt verarbeitet, frei von scharfen Kanten und mit einem ungiftigen Lack versehen, sodass sie f\u00fcr Kinder sicher zum Spielen geeignet sind.<\/p>\n<p><strong>Marke: Tarnawa<\/strong><br \/>\n<strong>Produktion: Polen<\/strong><\/p>","protected":false},"featured_media":20480,"comment_status":"open","ping_status":"closed","template":"","meta":{"_acf_changed":false},"product_brand":[],"product_cat":[504,499,505],"product_tag":[],"class_list":{"0":"post-20458","1":"product","2":"type-product","3":"status-publish","4":"has-post-thumbnail","6":"product_cat-houten-speelgoed","7":"product_cat-new-arrivals","8":"product_cat-tarnawa","10":"first","11":"outofstock","12":"taxable","13":"shipping-taxable","14":"purchasable","15":"product-type-simple"},"acf":[],"_links":{"self":[{"href":"https:\/\/woolskins.eu\/de\/wp-json\/wp\/v2\/product\/20458","targetHints":{"allow":["GET"]}}],"collection":[{"href":"https:\/\/woolskins.eu\/de\/wp-json\/wp\/v2\/product"}],"about":[{"href":"https:\/\/woolskins.eu\/de\/wp-json\/wp\/v2\/types\/product"}],"replies":[{"embeddable":true,"href":"https:\/\/woolskins.eu\/de\/wp-json\/wp\/v2\/comments?post=20458"}],"wp:featuredmedia":[{"embeddable":true,"href":"https:\/\/woolskins.eu\/de\/wp-json\/wp\/v2\/media\/20480"}],"wp:attachment":[{"href":"https:\/\/woolskins.eu\/de\/wp-json\/wp\/v2\/media?parent=20458"}],"wp:term":[{"taxonomy":"product_brand","embeddable":true,"href":"https:\/\/woolskins.eu\/de\/wp-json\/wp\/v2\/product_brand?post=20458"},{"taxonomy":"product_cat","embeddable":true,"href":"https:\/\/woolskins.eu\/de\/wp-json\/wp\/v2\/product_cat?post=20458"},{"taxonomy":"product_tag","embeddable":true,"href":"https:\/\/woolskins.eu\/de\/wp-json\/wp\/v2\/product_tag?post=20458"}],"curies":[{"name":"wp","href":"https:\/\/api.w.org\/{rel}","templated":true}]}}