{"id":20175,"date":"2024-05-30T12:11:04","date_gmt":"2024-05-30T12:11:04","guid":{"rendered":"https:\/\/woolskins.eu\/?post_type=product&#038;p=20175"},"modified":"2026-01-10T10:34:52","modified_gmt":"2026-01-10T10:34:52","slug":"wollfaustlinge-fur-baby-zaffiro-gefilzt-beige-kopie","status":"publish","type":"product","link":"https:\/\/woolskins.eu\/de\/wollen-wanten-voor-baby-zaffiro-felted-beige-kopie\/","title":{"rendered":"F\u00e4ustlinge aus Wolle f\u00fcr Baby 0-12 Monate. - Zaffiro | Gefilzt hellgrau"},"content":{"rendered":"<h5>Wollf\u00e4ustlinge f\u00fcr Babys 0-12 Monate \u2013 Zaffiro<\/h5>\n<p>Halten Sie kleine H\u00e4nde sch\u00f6n warm und bequem mit den Wool Baby Mitts von Zaffiro. Diese s\u00fc\u00dfen Wollf\u00e4ustlinge sind die perfekte M\u00f6glichkeit, die H\u00e4nde Ihres Babys an kalten Tagen warm zu halten. Die Woolen Baby F\u00e4ustlinge haben einen praktischen Kragen, der daf\u00fcr sorgt, dass die F\u00e4ustlinge an Ort und Stelle bleiben. Sie bestehen aus weicher, nat\u00fcrlicher gefilzter Premiumwolle und sind sanft zur empfindlichen Haut Ihres Babys. Die Wollf\u00e4ustlinge bieten eine hervorragende Isolierung und dank der praktischen Spitze verlieren Sie die Babyf\u00e4ustlinge nicht so schnell.<\/p>\n<p>Ein paar Funktionen:<\/p>\n<ul>\n<li>W\u00e4rme: Wolle isoliert auf nat\u00fcrliche Weise und h\u00e4lt die H\u00e4nde Ihres Babys auch bei k\u00e4ltestem Wetter sch\u00f6n warm.<\/li>\n<li>Weichheit: Die F\u00e4ustlinge bestehen aus luxuri\u00f6s weicher Wolle, die die Haut Ihres Babys nicht reizt.<\/li>\n<li>Atmungsaktivit\u00e4t: Wolle ist von Natur aus atmungsaktiv und sorgt daf\u00fcr, dass die H\u00e4nde Ihres Babys bequem und schwei\u00dffrei bleiben.<\/li>\n<li>Einfaches An- und Ausziehen: Die F\u00e4ustlinge verf\u00fcgen \u00fcber ein B\u00fcndchen, sodass sie auch f\u00fcr wackelige Kleine leicht an- und auszuziehen sind.<\/li>\n<li>Die F\u00e4ustlinge lassen sich problemlos mit allen anderen Produkten aus unserer Felted-Kollektion kombinieren.<\/li>\n<\/ul>\n<p data-sourcepos=\"5:1-5:57\">Gr\u00f6\u00dfe: 0-12 Monate.<\/p>\n<h5>Zaffiro<\/h5>\n<p>Das Unternehmen Zaffiro ist ein polnisches Familienunternehmen. Seit unseren Anf\u00e4ngen im Jahr 1989 haben wir uns auf die Herstellung von Baby- und Kinderprodukten spezialisiert und den Gro\u00dfteil unserer Produktion in mehr als 40 L\u00e4nder exportiert. Wir haben die Marke Zaffiro gegr\u00fcndet, um Produkte zu f\u00f6rdern, die Eltern unterst\u00fctzen, die sich der Bedeutung der Intimit\u00e4t und Bindung zu ihrem Baby von den ersten Stunden nach der Geburt an bewusst sind. Wir f\u00f6rdern das Konzept, Kinder \u201eHerz f\u00fcr Herz\u201c in Traget\u00fcchern und Babytragen zu tragen und die weise Tradition fr\u00fcherer Generationen unter Ber\u00fccksichtigung zeitgen\u00f6ssischer psychologischer Forschung wieder einzuf\u00fchren, wiederzuentdecken und weiterzuentwickeln.<\/p>","protected":false},"excerpt":{"rendered":"<p>Halten Sie kleine H\u00e4nde sch\u00f6n warm und bequem mit den Wool Baby Mitts von Zaffiro. Diese s\u00fc\u00dfen Wollf\u00e4ustlinge sind die perfekte M\u00f6glichkeit, die H\u00e4nde Ihres Babys an kalten Tagen warm zu halten. Die Baby-F\u00e4ustlinge aus Wolle haben einen praktischen, dehnbaren Rand, der daf\u00fcr sorgt, dass die F\u00e4ustlinge an Ort und Stelle bleiben. Sie bestehen aus gefilzter Premiumwolle 100% und sind sanft zur empfindlichen Haut Ihres Babys. Die Wollf\u00e4ustlinge bieten eine hervorragende Isolierung und dank der praktischen Spitze verlieren Sie die Babyf\u00e4ustlinge nicht so schnell. Ein echtes Must-Have f\u00fcr die k\u00e4lteren Tage. Geeignet f\u00fcr Kinder von 0 bis 12 Monaten.<\/p>\n<div class=\"woocommerce-product-details__short-description\">\n<p><strong>Marke: Zaffiro<\/strong><br \/>\n<strong>Produktion: Polen<br \/>\nKeur: Oeko-Tex Standard<\/strong><\/p>\n<p><img loading=\"lazy\" decoding=\"async\" class=\"alignnone wp-image-28173 entered lazyloaded\" src=\"https:\/\/woolskins.eu\/wp-content\/uploads\/2024\/05\/csm_OEKO-TEX_Logo_2022_rgb_c1aaeb5ceb-300x300.jpg\" alt=\"\" width=\"89\" height=\"89\" data-lazy-src=\"https:\/\/woolskins.eu\/wp-content\/uploads\/2024\/05\/csm_OEKO-TEX_Logo_2022_rgb_c1aaeb5ceb-300x300.jpg\" data-ll-status=\"loaded\" srcset=\"https:\/\/woolskins.eu\/wp-content\/uploads\/2024\/05\/csm_OEKO-TEX_Logo_2022_rgb_c1aaeb5ceb-300x300.jpg 300w, https:\/\/woolskins.eu\/wp-content\/uploads\/2024\/05\/csm_OEKO-TEX_Logo_2022_rgb_c1aaeb5ceb-150x150.jpg 150w, https:\/\/woolskins.eu\/wp-content\/uploads\/2024\/05\/csm_OEKO-TEX_Logo_2022_rgb_c1aaeb5ceb-768x769.jpg 768w, https:\/\/woolskins.eu\/wp-content\/uploads\/2024\/05\/csm_OEKO-TEX_Logo_2022_rgb_c1aaeb5ceb-12x12.jpg 12w, https:\/\/woolskins.eu\/wp-content\/uploads\/2024\/05\/csm_OEKO-TEX_Logo_2022_rgb_c1aaeb5ceb-600x601.jpg 600w, https:\/\/woolskins.eu\/wp-content\/uploads\/2024\/05\/csm_OEKO-TEX_Logo_2022_rgb_c1aaeb5ceb-100x100.jpg 100w, https:\/\/woolskins.eu\/wp-content\/uploads\/2024\/05\/csm_OEKO-TEX_Logo_2022_rgb_c1aaeb5ceb-64x64.jpg 64w, https:\/\/woolskins.eu\/wp-content\/uploads\/2024\/05\/csm_OEKO-TEX_Logo_2022_rgb_c1aaeb5ceb.jpg 885w\" sizes=\"auto, (max-width: 89px) 100vw, 89px\" \/><\/p>\n<\/div>","protected":false},"featured_media":20179,"comment_status":"open","ping_status":"closed","template":"","meta":{"_acf_changed":false},"product_brand":[],"product_cat":[502,345,361,362,200,196,346],"product_tag":[],"class_list":{"0":"post-20175","1":"product","2":"type-product","3":"status-publish","4":"has-post-thumbnail","6":"product_cat-zaffiro","7":"product_cat-accessoires","8":"product_cat-babyshower","9":"product_cat-cadeaus-tot-e-25","10":"product_cat-wollen-babykleding","11":"product_cat-slaapkleding-baby","12":"product_cat-mutsjesensjaaltjes","14":"first","15":"instock","16":"taxable","17":"shipping-taxable","18":"purchasable","19":"product-type-simple"},"acf":[],"_links":{"self":[{"href":"https:\/\/woolskins.eu\/de\/wp-json\/wp\/v2\/product\/20175","targetHints":{"allow":["GET"]}}],"collection":[{"href":"https:\/\/woolskins.eu\/de\/wp-json\/wp\/v2\/product"}],"about":[{"href":"https:\/\/woolskins.eu\/de\/wp-json\/wp\/v2\/types\/product"}],"replies":[{"embeddable":true,"href":"https:\/\/woolskins.eu\/de\/wp-json\/wp\/v2\/comments?post=20175"}],"wp:featuredmedia":[{"embeddable":true,"href":"https:\/\/woolskins.eu\/de\/wp-json\/wp\/v2\/media\/20179"}],"wp:attachment":[{"href":"https:\/\/woolskins.eu\/de\/wp-json\/wp\/v2\/media?parent=20175"}],"wp:term":[{"taxonomy":"product_brand","embeddable":true,"href":"https:\/\/woolskins.eu\/de\/wp-json\/wp\/v2\/product_brand?post=20175"},{"taxonomy":"product_cat","embeddable":true,"href":"https:\/\/woolskins.eu\/de\/wp-json\/wp\/v2\/product_cat?post=20175"},{"taxonomy":"product_tag","embeddable":true,"href":"https:\/\/woolskins.eu\/de\/wp-json\/wp\/v2\/product_tag?post=20175"}],"curies":[{"name":"wp","href":"https:\/\/api.w.org\/{rel}","templated":true}]}}