{"id":20089,"date":"2024-05-29T08:14:01","date_gmt":"2024-05-29T08:14:01","guid":{"rendered":"https:\/\/woolskins.eu\/?post_type=product&#038;p=20089"},"modified":"2026-04-17T12:57:58","modified_gmt":"2026-04-17T12:57:58","slug":"wolleinsatz-kinderwagen-zaffiro-gefilzt-hellgrau","status":"publish","type":"product","link":"https:\/\/woolskins.eu\/de\/wollen-inleg-kinderwagen-zaffiro-felted-lichtgrijs\/","title":{"rendered":"Wolleinlage Kinderwagen - Zaffiro | Gefilzt hellgrau"},"content":{"rendered":"<h5>Kinderwagen mit Wolleinlage \u2013 Zaffiro<\/h5>\n<p data-sourcepos=\"5:1-5:57\">Dieser Wolleinsatz f\u00fcr Kinderwagen besteht aus 100%-Premiumwolle und bietet Ihrem Kind das ganze Jahr \u00fcber ultimativen Komfort. Die weiche Filzwolle ist atmungsaktiv und feuchtigkeitsregulierend, sodass Ihr Kind immer angenehm trocken bleibt. Damit die Luft weiterhin ungehindert zirkulieren kann, ist die R\u00fcckseite des Inlays mit AIR-Mash versehen. Der untere Teil der Einlage besteht aus wasserdichtem und schmutzabweisendem Stoff und ist daher leicht sauber zu halten. Die Einlage ist dick und weich und bietet zus\u00e4tzlichen Halt f\u00fcr R\u00fccken und Nacken Ihres Kindes.<\/p>\n<p data-sourcepos=\"5:1-5:57\">\u2013 Abmessungen: 85 x 35,5\/40,5 cm.<br \/>\n\u2013 Weiche und angenehm anzufassende Premiumwolle.<br \/>\n\u2013 Der untere Teil ist mit einem wasserdichten und schmutzabweisenden Stoff versehen.<br \/>\n\u2013 Sch\u00fctzt vor Schwitzen, \u201eScheuern\u201c und den sch\u00e4dlichen Auswirkungen des Kunststoffs des Kinderwagens auf die Haut des Kindes.<br \/>\n\u2013 Verbessert den Fahrkomfort beim Fahren des Kinderwagens \u00fcber unebene Fl\u00e4chen.<br \/>\n\u2013 Sch\u00fctzt das Sitzpolster vor Verschmutzung.<br \/>\n\u2013 Einfache und schnelle Montage des Einsatzes.<\/p>\n<h5>Zaffiro<\/h5>\n<p>Das Unternehmen Zaffiro ist ein polnisches Familienunternehmen. Seit unseren Anf\u00e4ngen im Jahr 1989 haben wir uns auf die Herstellung von Baby- und Kinderprodukten spezialisiert und den Gro\u00dfteil unserer Produktion in mehr als 40 L\u00e4nder exportiert. Wir haben die Marke Zaffiro gegr\u00fcndet, um Produkte zu f\u00f6rdern, die Eltern unterst\u00fctzen, die sich der Bedeutung der Intimit\u00e4t und Bindung zu ihrem Baby von den ersten Stunden nach der Geburt an bewusst sind. Wir f\u00f6rdern das Konzept, Kinder \u201eHerz f\u00fcr Herz\u201c in Traget\u00fcchern und Babytragen zu tragen und die weise Tradition fr\u00fcherer Generationen unter Ber\u00fccksichtigung zeitgen\u00f6ssischer psychologischer Forschung wieder einzuf\u00fchren, wiederzuentdecken und weiterzuentwickeln.<\/p>","protected":false},"excerpt":{"rendered":"<p class=\"product_title entry-title\">Genie\u00dfen Sie das Ausgehen mit Ihrem Kind in dieser warmen Kinderwageneinlage von Zaffiro f\u00fcr den Kinderwagen oder Buggy. Dieser Fu\u00dfsack besteht aus 100% Premiumwolle (Filz) und misst sofort die Temperatur Ihres Kindes. Es speichert die W\u00e4rme gut, ohne dass Ihr Kind schwitzt, da Wolle atmungsaktiv ist. Dank dieser einzigartigen Eigenschaften von Wolle wird es Ihrem Kind wunderbar warm und bequem sein. Dank der praktischen Gurt\u00f6ffnungen k\u00f6nnen Sie diesen Wollfu\u00dfsack schnell in Ihrem Kinderwagen oder Buggy installieren. Sie k\u00f6nnen den Kordelzug im Kragen festziehen, um den Kopf vor Witterungseinfl\u00fcssen zu sch\u00fctzen. Dieser Fu\u00dfsack von Zaffiro kann das ganze Jahr \u00fcber verwendet werden, ist jedoch im Fr\u00fchling, Winter und Herbst am n\u00fctzlichsten.<\/p>\n<div class=\"woocommerce-product-details__short-description\">\n<p><strong>Marke: Zaffiro<\/strong><br \/>\n<strong>Produktion: Polen<br \/>\nKeur: Oeko-Tex Standard<\/strong><\/p>\n<p><img loading=\"lazy\" decoding=\"async\" class=\"alignnone wp-image-28173 entered lazyloaded\" src=\"https:\/\/woolskins.eu\/wp-content\/uploads\/2024\/05\/csm_OEKO-TEX_Logo_2022_rgb_c1aaeb5ceb-300x300.jpg\" alt=\"\" width=\"89\" height=\"89\" data-lazy-src=\"https:\/\/woolskins.eu\/wp-content\/uploads\/2024\/05\/csm_OEKO-TEX_Logo_2022_rgb_c1aaeb5ceb-300x300.jpg\" data-ll-status=\"loaded\" srcset=\"https:\/\/woolskins.eu\/wp-content\/uploads\/2024\/05\/csm_OEKO-TEX_Logo_2022_rgb_c1aaeb5ceb-300x300.jpg 300w, https:\/\/woolskins.eu\/wp-content\/uploads\/2024\/05\/csm_OEKO-TEX_Logo_2022_rgb_c1aaeb5ceb-150x150.jpg 150w, https:\/\/woolskins.eu\/wp-content\/uploads\/2024\/05\/csm_OEKO-TEX_Logo_2022_rgb_c1aaeb5ceb-768x769.jpg 768w, https:\/\/woolskins.eu\/wp-content\/uploads\/2024\/05\/csm_OEKO-TEX_Logo_2022_rgb_c1aaeb5ceb-12x12.jpg 12w, https:\/\/woolskins.eu\/wp-content\/uploads\/2024\/05\/csm_OEKO-TEX_Logo_2022_rgb_c1aaeb5ceb-600x601.jpg 600w, https:\/\/woolskins.eu\/wp-content\/uploads\/2024\/05\/csm_OEKO-TEX_Logo_2022_rgb_c1aaeb5ceb-100x100.jpg 100w, https:\/\/woolskins.eu\/wp-content\/uploads\/2024\/05\/csm_OEKO-TEX_Logo_2022_rgb_c1aaeb5ceb-64x64.jpg 64w, https:\/\/woolskins.eu\/wp-content\/uploads\/2024\/05\/csm_OEKO-TEX_Logo_2022_rgb_c1aaeb5ceb.jpg 885w\" sizes=\"auto, (max-width: 89px) 100vw, 89px\" \/><\/p>\n<\/div>","protected":false},"featured_media":20102,"comment_status":"open","ping_status":"closed","template":"","meta":{"_acf_changed":false},"product_brand":[],"product_cat":[502,336],"product_tag":[],"class_list":{"0":"post-20089","1":"product","2":"type-product","3":"status-publish","4":"has-post-thumbnail","6":"product_cat-zaffiro","7":"product_cat-voetenzakken","9":"first","10":"instock","11":"sale","12":"taxable","13":"shipping-taxable","14":"purchasable","15":"product-type-simple"},"acf":[],"_links":{"self":[{"href":"https:\/\/woolskins.eu\/de\/wp-json\/wp\/v2\/product\/20089","targetHints":{"allow":["GET"]}}],"collection":[{"href":"https:\/\/woolskins.eu\/de\/wp-json\/wp\/v2\/product"}],"about":[{"href":"https:\/\/woolskins.eu\/de\/wp-json\/wp\/v2\/types\/product"}],"replies":[{"embeddable":true,"href":"https:\/\/woolskins.eu\/de\/wp-json\/wp\/v2\/comments?post=20089"}],"wp:featuredmedia":[{"embeddable":true,"href":"https:\/\/woolskins.eu\/de\/wp-json\/wp\/v2\/media\/20102"}],"wp:attachment":[{"href":"https:\/\/woolskins.eu\/de\/wp-json\/wp\/v2\/media?parent=20089"}],"wp:term":[{"taxonomy":"product_brand","embeddable":true,"href":"https:\/\/woolskins.eu\/de\/wp-json\/wp\/v2\/product_brand?post=20089"},{"taxonomy":"product_cat","embeddable":true,"href":"https:\/\/woolskins.eu\/de\/wp-json\/wp\/v2\/product_cat?post=20089"},{"taxonomy":"product_tag","embeddable":true,"href":"https:\/\/woolskins.eu\/de\/wp-json\/wp\/v2\/product_tag?post=20089"}],"curies":[{"name":"wp","href":"https:\/\/api.w.org\/{rel}","templated":true}]}}