{"id":20022,"date":"2024-05-24T13:16:18","date_gmt":"2024-05-24T13:16:18","guid":{"rendered":"https:\/\/woolskins.eu\/?post_type=product&#038;p=20022"},"modified":"2025-12-11T13:21:28","modified_gmt":"2025-12-11T13:21:28","slug":"ein-baby-musselin-der-marke-basic-navy","status":"publish","type":"product","link":"https:\/\/woolskins.eu\/de\/a-basic-brand-baby-muslin-navy\/","title":{"rendered":"Eine Basic-Marke \u2013 Baby Musselin | Marine"},"content":{"rendered":"<p>Multifunktionales quadratisches Tuch aus au\u00dfergew\u00f6hnlich geschmeidiger und weicher Bio-Baumwolle. Der perfekte weiche Musselin f\u00fcr Babys dient Ihnen als Bandana, Sommer-Minidecke, Behelfs-Baby-L\u00e4tzchen, Spucktuch und vieles mehr.<\/p>\n<p>50 x 50 cm<\/p>\n<p>100% GOTS-zertifizierte Bio-Baumwolle.<\/p>\n<h5>Eine Babymarke<\/h5>\n<p>Entdecken Sie eine wirklich minimalistische Garderobe voller praktischer Essentials. Kombinieren Sie unsere Unisex-Modelle und -Farben. Kein Logo, kein Aufdruck, kein Schnickschnack.<\/p>\n<p>Unsere Mission ist es, Ihr Leben einfacher zu machen. Eine der Hauptideen unserer Philosophie ist daher PRAXIS. Uns liegt auch unser Planet sehr am Herzen und wir w\u00fcnschen uns, dass jeder ein minimalistischeres Leben f\u00fchrt und daher weniger Kleidung verwendet (#VERBRAUCH).<\/p>\n<p>Deshalb ist die Qualit\u00e4t unserer Produkte h\u00f6chstm\u00f6glich. Sie k\u00f6nnen sie jahrelang verwenden und weitergeben, wenn Sie fertig sind. Wir verwenden hochwertige Stoffe mit dem GOTS-Zertifikat f\u00fcr Bio-Baumwolle und dem STANDARD 100 von OEKO-TEX\u00ae. Alle unsere Produkte k\u00f6nnen beliebig oft in der Maschine gewaschen und im Trockner getrocknet werden. Sie werden feststellen, dass unser Baumwollvlies nicht einmal geb\u00fcgelt werden muss, um gut auszusehen.<\/p>","protected":false},"excerpt":{"rendered":"<p>Der perfekte weiche Musselin f\u00fcr Babys dient Ihnen als Bandana, Sommer-Minidecke, Behelfs-Baby-L\u00e4tzchen, Spucktuch und vieles mehr.<\/p>","protected":false},"featured_media":20023,"comment_status":"open","ping_status":"closed","template":"","meta":{"_acf_changed":false},"product_brand":[],"product_cat":[335,361,360,362,529,535],"product_tag":[],"class_list":{"0":"post-20022","1":"product","2":"type-product","3":"status-publish","4":"has-post-thumbnail","6":"product_cat-a_baby_brand","7":"product_cat-babyshower","8":"product_cat-cadeautips","9":"product_cat-cadeaus-tot-e-25","10":"product_cat-katoenen-babykleertjes","11":"product_cat-katoenen-babymuts-babysjaaltjes","13":"first","14":"instock","15":"taxable","16":"shipping-taxable","17":"purchasable","18":"product-type-simple"},"acf":[],"_links":{"self":[{"href":"https:\/\/woolskins.eu\/de\/wp-json\/wp\/v2\/product\/20022","targetHints":{"allow":["GET"]}}],"collection":[{"href":"https:\/\/woolskins.eu\/de\/wp-json\/wp\/v2\/product"}],"about":[{"href":"https:\/\/woolskins.eu\/de\/wp-json\/wp\/v2\/types\/product"}],"replies":[{"embeddable":true,"href":"https:\/\/woolskins.eu\/de\/wp-json\/wp\/v2\/comments?post=20022"}],"wp:featuredmedia":[{"embeddable":true,"href":"https:\/\/woolskins.eu\/de\/wp-json\/wp\/v2\/media\/20023"}],"wp:attachment":[{"href":"https:\/\/woolskins.eu\/de\/wp-json\/wp\/v2\/media?parent=20022"}],"wp:term":[{"taxonomy":"product_brand","embeddable":true,"href":"https:\/\/woolskins.eu\/de\/wp-json\/wp\/v2\/product_brand?post=20022"},{"taxonomy":"product_cat","embeddable":true,"href":"https:\/\/woolskins.eu\/de\/wp-json\/wp\/v2\/product_cat?post=20022"},{"taxonomy":"product_tag","embeddable":true,"href":"https:\/\/woolskins.eu\/de\/wp-json\/wp\/v2\/product_tag?post=20022"}],"curies":[{"name":"wp","href":"https:\/\/api.w.org\/{rel}","templated":true}]}}