{"id":19410,"date":"2024-02-29T13:30:42","date_gmt":"2024-02-29T13:30:42","guid":{"rendered":"https:\/\/woolskins.eu\/?post_type=product&#038;p=19410"},"modified":"2026-05-12T11:28:12","modified_gmt":"2026-05-12T11:28:12","slug":"schaffellmatratze-fur-babytragetasche-und-schlafsack","status":"publish","type":"product","link":"https:\/\/woolskins.eu\/de\/schapenvacht-matrasje-voor-reiswieg-en-co-sleeper\/","title":{"rendered":"Schaffellmatratze f\u00fcr Babywanne und Beistellbett"},"content":{"rendered":"<p>Die Woolskins Baby-Care-Schaffellmatratze hat eine k\u00fcrzere Schicht und ist daher kindersicher. Sie sind ab der Geburt geeignet und da ihre Verarbeitung die Umwelt ber\u00fccksichtigt, schonen sie sowohl die Kleinen als auch den Planeten. Zu Hause oder unterwegs schaffen Sie eine angenehme Umgebung, in der sich Ihr Kind gl\u00fccklich und entspannt f\u00fchlt. Wussten Sie, dass Schaffell auch f\u00fcr Ihr Kind gesund ist?<\/p>\n<p>\u2013 L\u00e4nge 40-90 cm oder 50\u00d790 cm \/ Fell 3cm.<br \/>\n\u2013 Medizinisch gegerbt.<br \/>\n\u2013 Praktische Gummib\u00e4nder, die um die Matratze herumgef\u00fchrt werden k\u00f6nnen.<br \/>\n\u2013 Weiches und kompaktes Fell.<br \/>\n\u2013 Maschinenwaschbar und trocknergeeignet.<br \/>\n- Leicht zu pflegen.<\/p>\n<p>Bestellen Sie eine Pflegeb\u00fcrste, um Ihr Fell lange sch\u00f6n zu halten und\/oder lassen Sie Ihr Fell mit den Geburtsdaten Ihres\/des Kindes personalisieren. Ein wundersch\u00f6nes und einzigartiges Geschenk, exklusiv erh\u00e4ltlich bei Woolskins.<\/p>\n<h5 class=\"_2tV5m fggS- cell\">Eigenschaften Wesentlicher Mantel<\/h5>\n<div class=\"rah-static rah-static--height-auto\" aria-hidden=\"false\">\n<div>\n<div class=\"_1yvxJ fggS- cell\">\n<div class=\"WncCi NTPd3\" data-hook=\"info-section-description\">\n<p>Dieses Baby-Care-Schaffell stammt von englischen Schafen. Es ist ein sehr weiches und kompaktes Fell und unser TIPP! Wie alle unsere anderen M\u00e4ntel sind auch Wollfasern atmungsaktiv. Dies hilft Ihrem Baby, eine stabile Temperatur aufrechtzuerhalten und sorgt daf\u00fcr, dass es trocken und komfortabel bleibt. K\u00fchl im Sommer und warm im Winter.<\/p>\n<\/div>\n<\/div>\n<\/div>\n<\/div>\n<h5 class=\"Text4179662635__root Text4179662635---typography-11-runningText Text4179662635---priority-7-primary s8gg2 _2UIKs InfoSectionTitle3095652555__root\" aria-hidden=\"false\" data-hook=\"info-section-title\">Umweltfreundlich<\/h5>\n<div class=\"rah-static rah-static--height-auto\" aria-hidden=\"false\">\n<div class=\"_1yvxJ fggS- cell\">\n<div class=\"WncCi NTPd3\" data-hook=\"info-section-description\">\n<p>Alle in der Gerberei und Veredelung verwendeten Produkte entsprechen den wesentlichen EU-Richtlinien zur Erhaltung und zum Schutz der Umwelt.<\/p>\n<p>Unsere Vliese werden gem\u00e4\u00df den REACH-Verordnungen gegerbt, die erlassen wurden, um den Schutz der menschlichen Gesundheit und der Umwelt vor den Risiken zu verbessern, die von Chemikalien ausgehen k\u00f6nnen, und gleichzeitig die Wettbewerbsf\u00e4higkeit der chemischen Industrie der EU zu steigern. Bei der Produktion werden keine AZO-Farbstoffe verwendet.<\/p>\n<p>\u00d6KO-PRODUKTE \u2013 Felle sind umweltfreundliche Felle, ihre Verarbeitung und Behandlung sind f\u00fcr Erwachsene und Kinder sicher. H\u00e4ute sind biologisch abbaubar, organisch.<\/p>\n<p>Woolskins verkauft keine Schaffelle, die mit Mulesing behandelt wurden! Mulesing wird bei europ\u00e4ischen Schafen nicht angewendet, da der Parasit, der Landwirte dazu veranlasst, Mulesing anzuwenden, in Europa nicht vorkommt.<\/p>\n<h5 class=\"Text4179662635__root Text4179662635---typography-11-runningText Text4179662635---priority-7-primary s8gg2 _2UIKs InfoSectionTitle3095652555__root\" aria-hidden=\"false\" data-hook=\"info-section-title\">Bauchschl\u00e4fer ... aufgepasst!<\/h5>\n<div class=\"rah-static rah-static--height-auto\" aria-hidden=\"false\">\n<div class=\"_1yvxJ fggS- cell\">\n<div class=\"WncCi NTPd3\" data-hook=\"info-section-description\">\n<p>Kinder, die in den ersten 12 Monaten auf dem Bauch schlafen, sollten aus Sicherheitsgr\u00fcnden nicht auf weichem Untergrund schlafen, da dies gef\u00e4hrlich sein kann. Wir empfehlen daher, den Woolskins-Mantel mit Bedacht einzusetzen! Seien Sie stets aufmerksam, wenn Ihr Kind auf dem Bauch liegt oder schl\u00e4ft, und sorgen Sie daf\u00fcr, dass Ihr Kind stets beaufsichtigt wird.<\/p>\n<\/div>\n<\/div>\n<\/div>\n<\/div>\n<\/div>\n<\/div>","protected":false},"excerpt":{"rendered":"<p>Dieses Woolskins-Schaffell kann zu jeder Jahreszeit verwendet werden. Der Mantel besteht aus weicher, medizinisch gegerbter Lammwolle mit einer Wollh\u00f6he von 3 cm. Das Schlafen auf einem Schaffell ist sehr wohltuend und dank der Hohlfaser der Wolle schwitzt Ihr Kind nicht so schnell und f\u00fchlt sich daher \u00e4u\u00dferst wohl. Diese Matratze kann das ganze Jahr \u00fcber verwendet werden und hilft Ihrem Baby, eine stabile Temperatur aufrechtzuerhalten. Dies geschieht \u201edynamisch\u201c, das hei\u00dft, es geschieht dann, wenn es ben\u00f6tigt wird, und nicht, wenn es nicht ben\u00f6tigt wird. Warm im Winter und k\u00fchl im Sommer. Dank der beiden Gummib\u00e4nder bleibt die Matratze an Ort und Stelle.<\/p>","protected":false},"featured_media":19417,"comment_status":"open","ping_status":"closed","template":"","meta":{"_acf_changed":false},"product_brand":[],"product_cat":[354,216,222],"product_tag":[],"class_list":{"0":"post-19410","1":"product","2":"type-product","3":"status-publish","4":"has-post-thumbnail","6":"product_cat-woolskins","7":"product_cat-schapenvacht-voor-baby","8":"product_cat-buggy-schapenvachtjes","10":"first","11":"instock","12":"taxable","13":"shipping-taxable","14":"purchasable","15":"product-type-variable"},"acf":[],"_links":{"self":[{"href":"https:\/\/woolskins.eu\/de\/wp-json\/wp\/v2\/product\/19410","targetHints":{"allow":["GET"]}}],"collection":[{"href":"https:\/\/woolskins.eu\/de\/wp-json\/wp\/v2\/product"}],"about":[{"href":"https:\/\/woolskins.eu\/de\/wp-json\/wp\/v2\/types\/product"}],"replies":[{"embeddable":true,"href":"https:\/\/woolskins.eu\/de\/wp-json\/wp\/v2\/comments?post=19410"}],"wp:featuredmedia":[{"embeddable":true,"href":"https:\/\/woolskins.eu\/de\/wp-json\/wp\/v2\/media\/19417"}],"wp:attachment":[{"href":"https:\/\/woolskins.eu\/de\/wp-json\/wp\/v2\/media?parent=19410"}],"wp:term":[{"taxonomy":"product_brand","embeddable":true,"href":"https:\/\/woolskins.eu\/de\/wp-json\/wp\/v2\/product_brand?post=19410"},{"taxonomy":"product_cat","embeddable":true,"href":"https:\/\/woolskins.eu\/de\/wp-json\/wp\/v2\/product_cat?post=19410"},{"taxonomy":"product_tag","embeddable":true,"href":"https:\/\/woolskins.eu\/de\/wp-json\/wp\/v2\/product_tag?post=19410"}],"curies":[{"name":"wp","href":"https:\/\/api.w.org\/{rel}","templated":true}]}}