{"id":18852,"date":"2024-01-12T14:39:01","date_gmt":"2024-01-12T14:39:01","guid":{"rendered":"https:\/\/woolskins.eu\/?post_type=product&#038;p=18852"},"modified":"2025-12-11T12:44:30","modified_gmt":"2025-12-11T12:44:30","slug":"eine-basic-markenwollweste-fur-erwachsene-in-hellgrau","status":"publish","type":"product","link":"https:\/\/woolskins.eu\/de\/a-basic-brand-wollen-bodywarmer-adult-licht-grijs\/","title":{"rendered":"Eine Basic-Marke \u2013 Woll-Bodywarmer f\u00fcr Erwachsene | hellgrau"},"content":{"rendered":"<h6><strong>Eine Babymarke<\/strong><\/h6>\n<p>K\u00f6rperw\u00e4rmer 100% Wolle. Wunderbar warm und bequem, v\u00f6llig nat\u00fcrlich, atmungsaktiv und super hip. Die Strickjacke hat kleine Taschen und wird mit einem Rei\u00dfverschluss geschlossen. Tragen Sie es an einem windigen Tag \u00fcber einem Sweatshirt oder bei wirklich kaltem Wetter unter einer Jacke. Diese Strickjacke ist auch f\u00fcr M\u00fctter erh\u00e4ltlich.<\/p>\n<p>Verbindung<br \/>\n100% Wolle.<\/p>\n<p>Gr\u00f6\u00dfen:<\/p>\n<div class=\"item-bottom__text _active\">\n<p>L\u00e4nge cm \/ Breite cm \/ Umfang cm<\/p>\n<p>S: 60 \/ 50 \/ 100<\/p>\n<p>M: 60 \/ 55 \/ 110<\/p>\n<p>L: 60 \/ 60 \/ 120<\/p>\n<\/div>\n<p>Waschanleitung:<\/p>\n<p>Wir empfehlen, unsere Produkte von Hand in warmem Wasser zu waschen und ein Lanolinwaschmittel zu verwenden.<\/p>","protected":false},"excerpt":{"rendered":"<h6><strong>Eine Babymarke<\/strong><\/h6>\n<p>Super warm und bequem, aber auch v\u00f6llig nat\u00fcrlich und atmungsaktiv. Die Weste hat gute Taschen und wird mit einem Rei\u00dfverschluss geschlossen. Wir empfehlen, unsere Produkte von Hand in warmem Wasser zu waschen und ein Lanolinwaschmittel zu verwenden. Das Model auf dem Foto tr\u00e4gt Gr\u00f6\u00dfe M.<\/p>\n<p><strong>Marke: Eine Basic-Marke<\/strong><br \/>\n<strong>Produktion: Polen<\/strong><\/p>","protected":false},"featured_media":18864,"comment_status":"open","ping_status":"closed","template":"","meta":{"_acf_changed":false},"product_brand":[],"product_cat":[335,360,364,350,31],"product_tag":[423,424,420,421,422,425],"class_list":{"0":"post-18852","1":"product","2":"type-product","3":"status-publish","4":"has-post-thumbnail","6":"product_cat-a_baby_brand","7":"product_cat-cadeautips","8":"product_cat-cadeaus-vanaf-e50","9":"product_cat-fashion","10":"product_cat-yogamat-wol","11":"product_tag-a-baby-brand","12":"product_tag-alwero-bodywarmer","13":"product_tag-bodywarmer-wol","14":"product_tag-wollen-bodywarmer","15":"product_tag-wool-vest","16":"product_tag-woolskins","17":"pa_maat-adult-size-l","18":"pa_maat-adult-size-m","19":"pa_maat-adult-size-s","21":"first","22":"outofstock","23":"taxable","24":"shipping-taxable","25":"purchasable","26":"product-type-variable"},"acf":[],"_links":{"self":[{"href":"https:\/\/woolskins.eu\/de\/wp-json\/wp\/v2\/product\/18852","targetHints":{"allow":["GET"]}}],"collection":[{"href":"https:\/\/woolskins.eu\/de\/wp-json\/wp\/v2\/product"}],"about":[{"href":"https:\/\/woolskins.eu\/de\/wp-json\/wp\/v2\/types\/product"}],"replies":[{"embeddable":true,"href":"https:\/\/woolskins.eu\/de\/wp-json\/wp\/v2\/comments?post=18852"}],"wp:featuredmedia":[{"embeddable":true,"href":"https:\/\/woolskins.eu\/de\/wp-json\/wp\/v2\/media\/18864"}],"wp:attachment":[{"href":"https:\/\/woolskins.eu\/de\/wp-json\/wp\/v2\/media?parent=18852"}],"wp:term":[{"taxonomy":"product_brand","embeddable":true,"href":"https:\/\/woolskins.eu\/de\/wp-json\/wp\/v2\/product_brand?post=18852"},{"taxonomy":"product_cat","embeddable":true,"href":"https:\/\/woolskins.eu\/de\/wp-json\/wp\/v2\/product_cat?post=18852"},{"taxonomy":"product_tag","embeddable":true,"href":"https:\/\/woolskins.eu\/de\/wp-json\/wp\/v2\/product_tag?post=18852"}],"curies":[{"name":"wp","href":"https:\/\/api.w.org\/{rel}","templated":true}]}}