{"id":18802,"date":"2024-01-12T11:59:41","date_gmt":"2024-01-12T11:59:41","guid":{"rendered":"https:\/\/woolskins.eu\/?post_type=product&#038;p=18802"},"modified":"2025-09-30T09:44:58","modified_gmt":"2025-09-30T09:44:58","slug":"woolskins-ubergrose-kapuze-100-wolle-kamel","status":"publish","type":"product","link":"https:\/\/woolskins.eu\/de\/woolskins-oversized-hoody-100-wol-camel\/","title":{"rendered":"Woolskins \u00dcbergro\u00dfer Hoody 100% Wolle | Kamel"},"content":{"rendered":"<p>\u00dcbergro\u00dfer Damen-Hoodie mit Rei\u00dfverschluss und Taschen. Dieser \u00fcbergro\u00dfe Hoodie hat eine geschmeidige Passform und sobald Sie ihn anziehen, werden Sie den Komfort sp\u00fcren, den Wolle zu bieten hat. Halten Sie sich an den k\u00e4lteren Tagen sch\u00f6n warm mit diesem Woll-Cardigan von Woolskins.<\/p>\n<p>\u2013 100% Wolle.<br \/>\n\u2013 Diese Weste sorgt f\u00fcr zus\u00e4tzliche W\u00e4rme an den k\u00e4lteren Tagen.<br \/>\n\u2013 Wolle isoliert gut.<\/p>\n<h5>Etikett f\u00fcr Wollh\u00e4ute<\/h5>\n<p>Nach Jahren erfolgreicher Zusammenarbeit mit Alwero k\u00f6nnen wir stolz verk\u00fcnden, dass wir unsere Produkte nun unter unserem eigenen Woolskins-Label f\u00fchren.<\/p>\n<p>Auf diese Weise erhalten Sie immer noch die beste Qualit\u00e4t, kombiniert mit den sch\u00f6nsten und einzigartigsten Produkten und Designs.<\/p>\n<p>Die Qualit\u00e4t der Stoffe und Farben bleibt wie immer, aber es gibt jetzt eine gr\u00f6\u00dfere Auswahl, von der Woolskins glaubt, dass sie sich von anderen abheben kann.<\/p>\n<p>Unsere umfangreiche Kollektion ist so zusammengestellt, dass sie eine gute Erg\u00e4nzung f\u00fcr jedes Babyset darstellt. Sie besteht aus atmungsaktiver europ\u00e4ischer 100%-Wolle und ist f\u00fcr jede Jahreszeit geeignet.<\/p>\n<p>Mit Begeisterung b\u00fcndeln wir unsere Kr\u00e4fte, um ein nachhaltiges, nat\u00fcrliches und h\u00f6chst komfortables Produkt f\u00fcr Ihr Kind zu schaffen.<\/p>","protected":false},"excerpt":{"rendered":"<p>\u00dcbergro\u00dfer Damen-Hoodie mit Rei\u00dfverschluss und Taschen. Dieser \u00fcbergro\u00dfe Hoodie hat eine geschmeidige Passform und sobald Sie ihn anziehen, werden Sie den Komfort sp\u00fcren, den Wolle zu bieten hat. Halten Sie sich an den k\u00e4lteren Tagen sch\u00f6n warm mit diesem Woll-Cardigan von Woolskins. ACHTUNG! Fotos mit Modell zeigen die Ecru-Version.<\/p>\n<p><strong>Marke: Woolskins<\/strong><br \/>\n<strong>Produktion: Polen<\/strong><\/p>\n<p>&nbsp;<\/p>","protected":false},"featured_media":18808,"comment_status":"closed","ping_status":"closed","template":"","meta":{"_acf_changed":false},"product_brand":[],"product_cat":[364,350,31,194],"product_tag":[],"class_list":{"0":"post-18802","1":"product","2":"type-product","3":"status-publish","4":"has-post-thumbnail","6":"product_cat-cadeaus-vanaf-e50","7":"product_cat-fashion","8":"product_cat-yogamat-wol","9":"product_cat-wollen-babyproducten","10":"pa_maat-l-xl","11":"pa_maat-s-m","12":"pa_maat-xxs-xs","14":"first","15":"instock","16":"taxable","17":"shipping-taxable","18":"purchasable","19":"product-type-variable"},"acf":[],"_links":{"self":[{"href":"https:\/\/woolskins.eu\/de\/wp-json\/wp\/v2\/product\/18802","targetHints":{"allow":["GET"]}}],"collection":[{"href":"https:\/\/woolskins.eu\/de\/wp-json\/wp\/v2\/product"}],"about":[{"href":"https:\/\/woolskins.eu\/de\/wp-json\/wp\/v2\/types\/product"}],"replies":[{"embeddable":true,"href":"https:\/\/woolskins.eu\/de\/wp-json\/wp\/v2\/comments?post=18802"}],"wp:featuredmedia":[{"embeddable":true,"href":"https:\/\/woolskins.eu\/de\/wp-json\/wp\/v2\/media\/18808"}],"wp:attachment":[{"href":"https:\/\/woolskins.eu\/de\/wp-json\/wp\/v2\/media?parent=18802"}],"wp:term":[{"taxonomy":"product_brand","embeddable":true,"href":"https:\/\/woolskins.eu\/de\/wp-json\/wp\/v2\/product_brand?post=18802"},{"taxonomy":"product_cat","embeddable":true,"href":"https:\/\/woolskins.eu\/de\/wp-json\/wp\/v2\/product_cat?post=18802"},{"taxonomy":"product_tag","embeddable":true,"href":"https:\/\/woolskins.eu\/de\/wp-json\/wp\/v2\/product_tag?post=18802"}],"curies":[{"name":"wp","href":"https:\/\/api.w.org\/{rel}","templated":true}]}}