{"id":17847,"date":"2023-11-17T13:12:33","date_gmt":"2023-11-17T13:12:33","guid":{"rendered":"https:\/\/woolskins.eu\/?post_type=product&#038;p=17847"},"modified":"2025-09-01T01:07:51","modified_gmt":"2025-09-01T01:07:51","slug":"outdoor-spielmatte-fur-das-babyzimmer","status":"publish","type":"product","link":"https:\/\/woolskins.eu\/de\/speelkleed-voor-babykamer-buiten\/","title":{"rendered":"Spielmatte f\u00fcr Babyzimmer und drau\u00dfen | Dunkelgrau"},"content":{"rendered":"","protected":false},"excerpt":{"rendered":"<p>Unsere Wollspielmatten eignen sich perfekt zum Spielen, f\u00fcr das Baby-Fitnessstudio oder zum Mitnehmen nach drau\u00dfen. Es ist wunderbar warm, langlebig und isoliert gut gegen eine kalte Oberfl\u00e4che. Diese runde Spielmatte besteht aus nat\u00fcrlicher Wolle und hat eine weiche Mittelschicht mit einer Unterseite aus Kunstleder. eignen sich perfekt f\u00fcr den Innenbereich, k\u00f6nnen aber auch problemlos mit nach drau\u00dfen genommen werden. Sie passen auch perfekt auf den Wobbel 360.<\/p>\n<ul>\n<li>Abmessungen \u00f8 70 cm.<\/li>\n<\/ul>\n<p><strong>Marke: Woolskins<br \/>\nProduktion: Polen<\/strong><\/p>","protected":false},"featured_media":17853,"comment_status":"open","ping_status":"closed","template":"","meta":{"_acf_changed":false},"product_brand":[],"product_cat":[348,363],"product_tag":[],"class_list":{"0":"post-17847","1":"product","2":"type-product","3":"status-publish","4":"has-post-thumbnail","6":"product_cat-kussens","7":"product_cat-cadeaus-e25-e50","9":"first","10":"outofstock","11":"taxable","12":"shipping-taxable","13":"purchasable","14":"product-type-simple"},"acf":[],"_links":{"self":[{"href":"https:\/\/woolskins.eu\/de\/wp-json\/wp\/v2\/product\/17847","targetHints":{"allow":["GET"]}}],"collection":[{"href":"https:\/\/woolskins.eu\/de\/wp-json\/wp\/v2\/product"}],"about":[{"href":"https:\/\/woolskins.eu\/de\/wp-json\/wp\/v2\/types\/product"}],"replies":[{"embeddable":true,"href":"https:\/\/woolskins.eu\/de\/wp-json\/wp\/v2\/comments?post=17847"}],"wp:featuredmedia":[{"embeddable":true,"href":"https:\/\/woolskins.eu\/de\/wp-json\/wp\/v2\/media\/17853"}],"wp:attachment":[{"href":"https:\/\/woolskins.eu\/de\/wp-json\/wp\/v2\/media?parent=17847"}],"wp:term":[{"taxonomy":"product_brand","embeddable":true,"href":"https:\/\/woolskins.eu\/de\/wp-json\/wp\/v2\/product_brand?post=17847"},{"taxonomy":"product_cat","embeddable":true,"href":"https:\/\/woolskins.eu\/de\/wp-json\/wp\/v2\/product_cat?post=17847"},{"taxonomy":"product_tag","embeddable":true,"href":"https:\/\/woolskins.eu\/de\/wp-json\/wp\/v2\/product_tag?post=17847"}],"curies":[{"name":"wp","href":"https:\/\/api.w.org\/{rel}","templated":true}]}}