{"id":17292,"date":"2023-10-29T14:40:20","date_gmt":"2023-10-29T14:40:20","guid":{"rendered":"https:\/\/woolskins.eu\/?post_type=product&#038;p=17292"},"modified":"2026-03-25T12:45:30","modified_gmt":"2026-03-25T12:45:30","slug":"babywollmantel-der-marke-basic-beige","status":"publish","type":"product","link":"https:\/\/woolskins.eu\/de\/wollen-babyjas-a-basic-brand-beige\/","title":{"rendered":"Eine Basic-Marke \u2013 Babymantel aus Wolle | Beige"},"content":{"rendered":"<p>Die Wolljacke von\u00a0<strong>Eine Basic-Marke<\/strong> ist bei Woolskins in verschiedenen Farben erh\u00e4ltlich und l\u00e4sst sich perfekt mit allen anderen Wollprodukten aus unserer Kollektion kombinieren<\/p>\n<p>Verbindung:<br \/>\n100% Wolle.<\/p>\n<p>Gr\u00f6\u00dfentabelle:<\/p>\n<p>Gesamtl\u00e4nge cm \/ Gesamtbreite cm \/ \u00c4rmell\u00e4nge cm<br \/>\n6 Monate \u2013 30 cm \/ 30 cm \/ 25 cm<br \/>\n1 Jahr \u2013 34cm \/ 32cm \/<\/p>\n<h5 class=\"seo_titel_cat\">Eine Babymarke<\/h5>\n<p>Entdecken Sie eine wirklich minimalistische Garderobe von A Basic Brand voller praktischer Essentials. Kombinieren Sie unsere Unisex-Modelle und -Farben. Kein Logo, kein Aufdruck, kein Schnickschnack.<\/p>\n<p>Ihre Mission ist es, Ihnen das Leben einfacher zu machen. Eine der Hauptideen unserer Philosophie ist daher PRAXIS. Uns liegt auch unser Planet sehr am Herzen und wir w\u00fcnschen uns, dass jeder ein minimalistischeres Leben f\u00fchrt und daher weniger Kleidung verwendet (#VERBRAUCH).<\/p>\n<p>Daher ist die Qualit\u00e4t dieser Produkte h\u00f6chstm\u00f6glich. Sie k\u00f6nnen sie jahrelang verwenden und weitergeben, wenn Sie fertig sind. Wir verwenden hochwertige Stoffe mit dem GOTS-Zertifikat f\u00fcr Bio-Baumwolle und dem STANDARD 100 von OEKO-TEX\u00ae. Alle Produkte k\u00f6nnen beliebig oft in der Maschine gewaschen und im Trockner getrocknet werden. Sie werden feststellen, dass unser Baumwollvlies nicht einmal geb\u00fcgelt werden muss, um gut auszusehen.<\/p>\n<h5>Waschanleitung:<\/h5>\n<p>Wir empfehlen, unsere Produkte von Hand in warmem Wasser zu waschen und ein Lanolinwaschmittel zu verwenden.<\/p>","protected":false},"excerpt":{"rendered":"<p>Nat\u00fcrliche und weiche Materialien sind f\u00fcr die empfindliche Haut von Babys und Kindern unerl\u00e4sslich. Diese Wolljacke f\u00fcr Babys von <strong>Eine Basic-Marke<\/strong> ist die perfekte Wahl f\u00fcr Eltern, die einen warmen und bequemen Mantel f\u00fcr ihr Baby suchen. Diese Jacke besteht aus 100%-Naturwolle, die f\u00fcr ihre isolierenden Eigenschaften und feuchtigkeitsregulierenden Eigenschaften bekannt ist. Die Jacke ist ideal f\u00fcr Fr\u00fchling und Herbst oder als warme Strickjacke im Winter.<\/p>\n<p>Die Jacke hat ein zeitloses Design und ist in verschiedenen Farben erh\u00e4ltlich. Der \u00c4rmelaufschlag passt gut zur Jacke und sorgt daf\u00fcr, dass sie lange getragen werden kann. Die Jacke ist sowohl f\u00fcr Jungen als auch f\u00fcr M\u00e4dchen geeignet.<\/p>\n<p>Wolle ist hypoallergen und frei von Schadstoffen und daher sehr gut f\u00fcr Babys mit Allergien oder empfindlicher Haut geeignet. Dar\u00fcber hinaus ist Wolle langlebig und h\u00e4lt St\u00f6\u00dfen stand, sodass die Jacke lange h\u00e4lt.<\/p>\n<p><strong>Marke: Eine Basic-Marke<\/strong><br \/>\n<strong>Produktion: Polen<\/strong><\/p>","protected":false},"featured_media":17282,"comment_status":"open","ping_status":"closed","template":"","meta":{"_acf_changed":false},"product_brand":[],"product_cat":[360,335,364,200,337,413],"product_tag":[],"class_list":{"0":"post-17292","1":"product","2":"type-product","3":"status-publish","4":"has-post-thumbnail","6":"product_cat-cadeautips","7":"product_cat-a_baby_brand","8":"product_cat-cadeaus-vanaf-e50","9":"product_cat-wollen-babykleding","10":"product_cat-vestjes","11":"product_cat-alwero-bodywarmer","13":"first","14":"instock","15":"taxable","16":"shipping-taxable","17":"purchasable","18":"product-type-variable"},"acf":[],"_links":{"self":[{"href":"https:\/\/woolskins.eu\/de\/wp-json\/wp\/v2\/product\/17292","targetHints":{"allow":["GET"]}}],"collection":[{"href":"https:\/\/woolskins.eu\/de\/wp-json\/wp\/v2\/product"}],"about":[{"href":"https:\/\/woolskins.eu\/de\/wp-json\/wp\/v2\/types\/product"}],"replies":[{"embeddable":true,"href":"https:\/\/woolskins.eu\/de\/wp-json\/wp\/v2\/comments?post=17292"}],"wp:featuredmedia":[{"embeddable":true,"href":"https:\/\/woolskins.eu\/de\/wp-json\/wp\/v2\/media\/17282"}],"wp:attachment":[{"href":"https:\/\/woolskins.eu\/de\/wp-json\/wp\/v2\/media?parent=17292"}],"wp:term":[{"taxonomy":"product_brand","embeddable":true,"href":"https:\/\/woolskins.eu\/de\/wp-json\/wp\/v2\/product_brand?post=17292"},{"taxonomy":"product_cat","embeddable":true,"href":"https:\/\/woolskins.eu\/de\/wp-json\/wp\/v2\/product_cat?post=17292"},{"taxonomy":"product_tag","embeddable":true,"href":"https:\/\/woolskins.eu\/de\/wp-json\/wp\/v2\/product_tag?post=17292"}],"curies":[{"name":"wp","href":"https:\/\/api.w.org\/{rel}","templated":true}]}}