{"id":16803,"date":"2023-10-09T11:59:51","date_gmt":"2023-10-09T11:59:51","guid":{"rendered":"https:\/\/woolskins.eu\/?post_type=product&#038;p=16803"},"modified":"2026-02-24T13:34:16","modified_gmt":"2026-02-24T13:34:16","slug":"eine-grundlegende-marke-socken-fur-baby","status":"publish","type":"product","link":"https:\/\/woolskins.eu\/de\/a-basic-brand-sokken-voor-baby\/","title":{"rendered":"Eine Basic-Marke \u2013 Babysocken"},"content":{"rendered":"<p>Diese klassischen kn\u00f6chellangen Socken aus Bio-Baumwolle sind sicher f\u00fcr die empfindliche Haut Ihres Kindes. Die Socke hat ein weiches und bequemes druckfreies B\u00fcndchen. Kann das ganze Jahr \u00fcber verwendet werden.<\/p>\n<p>\u2013 3 St\u00fcck (wei\u00df\/hellgrau\/schwarz)<br \/>\n\u2013 80% Baumwolle 18% Polyamid 2% Elastan<\/p>\n<div class=\"item-bottom__link dif_color\">Gr\u00f6\u00dfentabelle:<\/div>\n<div class=\"item-bottom__text _active\">\n<p>Schuhgr\u00f6\u00dfe \u2013 Fu\u00dfl\u00e4nge<\/p>\n<p>14\/16 \u2013 7\/9 cm<br \/>\n17\/19 \u2013 10\/12 cm<\/p>\n<h5>Eine Babymarke<\/h5>\n<p>Entdecken Sie eine wirklich minimalistische Garderobe voller praktischer Essentials. Kombinieren Sie unsere Unisex-Modelle und -Farben. Kein Logo, kein Aufdruck, kein Schnickschnack.<\/p>\n<p>Unsere Mission ist es, Ihr Leben einfacher zu machen. Eine der Hauptideen unserer Philosophie ist daher PRAXIS. Uns liegt auch unser Planet sehr am Herzen und wir w\u00fcnschen uns, dass jeder ein minimalistischeres Leben f\u00fchrt und daher weniger Kleidung verwendet (#VERBRAUCH).<\/p>\n<p>Deshalb ist die Qualit\u00e4t unserer Produkte h\u00f6chstm\u00f6glich. Sie k\u00f6nnen sie jahrelang verwenden und weitergeben, wenn Sie fertig sind. Wir verwenden hochwertige Stoffe mit dem GOTS-Zertifikat f\u00fcr Bio-Baumwolle und dem STANDARD 100 von OEKO-TEX\u00ae. Alle unsere Produkte k\u00f6nnen beliebig oft in der Maschine gewaschen und im Trockner getrocknet werden. Sie werden feststellen, dass unser Baumwollvlies nicht einmal geb\u00fcgelt werden muss, um gut auszusehen.<\/p>\n<\/div>","protected":false},"excerpt":{"rendered":"<h6><strong>Eine Babymarke<\/strong><\/h6>\n<p>Diese klassischen kn\u00f6chellangen Socken aus Bio-Baumwolle. Die Socke hat ein weiches und bequemes druckfreies B\u00fcndchen und kann das ganze Jahr \u00fcber verwendet werden.<\/p>\n<p>3 St\u00fcck (Wei\u00df\/Hellgrau\/Schwarz)<\/p>","protected":false},"featured_media":16804,"comment_status":"open","ping_status":"closed","template":"","meta":{"_acf_changed":false},"product_brand":[],"product_cat":[360,335,362,529,536],"product_tag":[],"class_list":{"0":"post-16803","1":"product","2":"type-product","3":"status-publish","4":"has-post-thumbnail","6":"product_cat-cadeautips","7":"product_cat-a_baby_brand","8":"product_cat-cadeaus-tot-e-25","9":"product_cat-katoenen-babykleertjes","10":"product_cat-katoenen-babyslofjes","12":"first","13":"instock","14":"taxable","15":"shipping-taxable","16":"purchasable","17":"product-type-variable"},"acf":[],"_links":{"self":[{"href":"https:\/\/woolskins.eu\/de\/wp-json\/wp\/v2\/product\/16803","targetHints":{"allow":["GET"]}}],"collection":[{"href":"https:\/\/woolskins.eu\/de\/wp-json\/wp\/v2\/product"}],"about":[{"href":"https:\/\/woolskins.eu\/de\/wp-json\/wp\/v2\/types\/product"}],"replies":[{"embeddable":true,"href":"https:\/\/woolskins.eu\/de\/wp-json\/wp\/v2\/comments?post=16803"}],"wp:featuredmedia":[{"embeddable":true,"href":"https:\/\/woolskins.eu\/de\/wp-json\/wp\/v2\/media\/16804"}],"wp:attachment":[{"href":"https:\/\/woolskins.eu\/de\/wp-json\/wp\/v2\/media?parent=16803"}],"wp:term":[{"taxonomy":"product_brand","embeddable":true,"href":"https:\/\/woolskins.eu\/de\/wp-json\/wp\/v2\/product_brand?post=16803"},{"taxonomy":"product_cat","embeddable":true,"href":"https:\/\/woolskins.eu\/de\/wp-json\/wp\/v2\/product_cat?post=16803"},{"taxonomy":"product_tag","embeddable":true,"href":"https:\/\/woolskins.eu\/de\/wp-json\/wp\/v2\/product_tag?post=16803"}],"curies":[{"name":"wp","href":"https:\/\/api.w.org\/{rel}","templated":true}]}}