{"id":16391,"date":"2023-09-19T08:54:43","date_gmt":"2023-09-19T08:54:43","guid":{"rendered":"https:\/\/woolskins.eu\/?post_type=product&#038;p=16391"},"modified":"2026-03-23T15:59:23","modified_gmt":"2026-03-23T15:59:23","slug":"woll-wickeldecke-neugeborenes-beige","status":"publish","type":"product","link":"https:\/\/woolskins.eu\/de\/wollen-wikkeldeken-newborn-beige\/","title":{"rendered":"Wollwickeldecke \/ Kapuzendecke Neugeborene | Beige"},"content":{"rendered":"<p>In dieser bequemen Wollwickeldecke aus unserer \u201eNewborn\u201c-Kollektion wird Ihr Kind wunderbar schlafen und tr\u00e4umen. Diese Wickel-\/Kapuzendecke ist glatt und luftig und ideal f\u00fcr w\u00e4rmeres Wetter. Sie sehen wundersch\u00f6n und luxuri\u00f6s aus und sind \u00e4u\u00dferst bequem. Die Innenseite der Woll-Wickeldecke besteht komplett aus Wolle. Sie k\u00f6nnen Ihr Baby damit auch wickeln oder bequem f\u00fcttern. Sie k\u00f6nnen es problemlos unterwegs mitnehmen, um Ihr Baby warm zu halten.<\/p>\n<p>\u2013 Exklusiv erh\u00e4ltlich bei Woolskins, hergestellt von Alwero<br \/>\n\u2013 Zweiseitig, eine Seite (innen) komplett aus Wolle.<br \/>\n\u2013 Wollmischung 56% reine, unverarbeitete Schurwolle (Woolmark-G\u00fctezeichen) 44% Kunstfaser.<br \/>\n\u2013 F\u00fcr zu Hause und unterwegs.<br \/>\n\u2013 Abmessungen: 80 x 80 cm.<br \/>\n\u2013 Europ\u00e4ische Produktion.<br \/>\n\u2013 waschbar im Wollwaschprogramm 30\u00b0C.<\/p>\n<p>Wollfasern atmen und haben die Eigenschaft, als nat\u00fcrlicher Thermostat zu fungieren, der die K\u00f6rpertemperatur reguliert? Dies hilft Ihrem Baby, eine stabile Temperatur aufrechtzuerhalten und es trocken und komfortabel zu halten. Dies geschieht \u201edynamisch\u201c, das hei\u00dft, es geschieht dann, wenn es ben\u00f6tigt wird, und nicht, wenn es nicht ben\u00f6tigt wird. Warm im Winter und k\u00fchl im Sommer.<\/p>\n<p>Diese Wollwickeldecke tr\u00e4gt das G\u00fctesiegel \u201eSicher f\u00fcr Kinder\u201c und das Woolmark-G\u00fctesiegel.<\/p>\n<h5>Etikett f\u00fcr Wollh\u00e4ute<\/h5>\n<p>Nach Jahren erfolgreicher Zusammenarbeit mit Alwero k\u00f6nnen wir stolz verk\u00fcnden, dass wir unsere Produkte nun unter unserem eigenen Woolskins-Label f\u00fchren.<\/p>\n<p>Auf diese Weise erhalten Sie immer noch die beste Qualit\u00e4t, kombiniert mit den sch\u00f6nsten und einzigartigsten Produkten und Designs.<\/p>\n<p>Die Qualit\u00e4t der Stoffe und Farben bleibt wie immer, aber es gibt jetzt eine gr\u00f6\u00dfere Auswahl, von der Woolskins glaubt, dass sie sich von anderen abheben kann.<\/p>\n<p>Unsere umfangreiche Kollektion ist so zusammengestellt, dass sie eine gute Erg\u00e4nzung f\u00fcr jedes Babyset darstellt. Sie besteht aus atmungsaktiver europ\u00e4ischer 100%-Wolle und ist f\u00fcr jede Jahreszeit geeignet.<\/p>\n<p>Mit Begeisterung b\u00fcndeln wir unsere Kr\u00e4fte, um ein nachhaltiges, nat\u00fcrliches und h\u00f6chst komfortables Produkt f\u00fcr Ihr Kind zu schaffen.<\/p>","protected":false},"excerpt":{"rendered":"<p>In dieser bequemen Wollwickeldecke aus unserer \u201eNewborn\u201c-Kollektion wird Ihr Kind wunderbar schlafen und tr\u00e4umen. Diese Wickel-\/Kapuzendecke ist glatt und luftig und ideal f\u00fcr w\u00e4rmeres Wetter. Sie sehen wundersch\u00f6n und luxuri\u00f6s aus und sind \u00e4u\u00dferst bequem. Die Innenseite der Wickeldecke besteht komplett aus Wolle. Sie k\u00f6nnen Ihr Baby damit auch wickeln oder bequem f\u00fcttern. Sie k\u00f6nnen es problemlos unterwegs mitnehmen, um Ihr Baby warm zu halten.<\/p>\n<p><strong>Marke: Woolskins<\/strong><br \/>\n<strong>Produzent: Woolskins Private Lable wird von Alwero produziert<\/strong><\/p>","protected":false},"featured_media":16392,"comment_status":"open","ping_status":"closed","template":"","meta":{"_acf_changed":false},"product_brand":[],"product_cat":[360,363,196,321,194],"product_tag":[],"class_list":{"0":"post-16391","1":"product","2":"type-product","3":"status-publish","4":"has-post-thumbnail","6":"product_cat-cadeautips","7":"product_cat-cadeaus-e25-e50","8":"product_cat-slaapkleding-baby","9":"product_cat-wikkeldekens","10":"product_cat-wollen-babyproducten","12":"first","13":"outofstock","14":"taxable","15":"shipping-taxable","16":"purchasable","17":"product-type-simple"},"acf":[],"_links":{"self":[{"href":"https:\/\/woolskins.eu\/de\/wp-json\/wp\/v2\/product\/16391","targetHints":{"allow":["GET"]}}],"collection":[{"href":"https:\/\/woolskins.eu\/de\/wp-json\/wp\/v2\/product"}],"about":[{"href":"https:\/\/woolskins.eu\/de\/wp-json\/wp\/v2\/types\/product"}],"replies":[{"embeddable":true,"href":"https:\/\/woolskins.eu\/de\/wp-json\/wp\/v2\/comments?post=16391"}],"wp:featuredmedia":[{"embeddable":true,"href":"https:\/\/woolskins.eu\/de\/wp-json\/wp\/v2\/media\/16392"}],"wp:attachment":[{"href":"https:\/\/woolskins.eu\/de\/wp-json\/wp\/v2\/media?parent=16391"}],"wp:term":[{"taxonomy":"product_brand","embeddable":true,"href":"https:\/\/woolskins.eu\/de\/wp-json\/wp\/v2\/product_brand?post=16391"},{"taxonomy":"product_cat","embeddable":true,"href":"https:\/\/woolskins.eu\/de\/wp-json\/wp\/v2\/product_cat?post=16391"},{"taxonomy":"product_tag","embeddable":true,"href":"https:\/\/woolskins.eu\/de\/wp-json\/wp\/v2\/product_tag?post=16391"}],"curies":[{"name":"wp","href":"https:\/\/api.w.org\/{rel}","templated":true}]}}