{"id":14398,"date":"2023-02-22T09:24:44","date_gmt":"2023-02-22T09:24:44","guid":{"rendered":"https:\/\/woolskins.eu\/?post_type=product&#038;p=14398"},"modified":"2025-07-15T07:35:51","modified_gmt":"2025-07-15T07:35:51","slug":"umstandsmantel-neugeboren-naturlich","status":"publish","type":"product","link":"https:\/\/woolskins.eu\/de\/zwangerschapsjas-ochtendjas-newborn-natural\/","title":{"rendered":"Umstandsmantel \u2013 Morgenmantel aus Wollmischung f\u00fcr Neugeborene | Nat\u00fcrlich"},"content":{"rendered":"<p>Dieser sch\u00f6ne Umstandsmantel aus Wolle ist ideal, wenn Sie schwanger sind oder kurz vor der Geburt stehen. Ob bei der Geburt zu Hause oder im Krankenhaus, mit diesem bequemen Umstandsmantel machen Sie bei Besuch eine gute Figur. Die breiten Paspeln verleihen dem Ganzen ein luxuri\u00f6ses Aussehen. Dieser Umstands-Morgenmantel l\u00e4sst sich gut nach dem Duschen tragen oder wenn Sie einen Tag auf der Couch verbringen m\u00f6chten. Wolle ist atmungsaktiv und \u00e4u\u00dferst weich und bequem.<\/p>\n<p>\u2013 Exklusiv erh\u00e4ltlich bei Woolskins, hergestellt von Alwero<br \/>\n\u2013 Wollmischung 56% reine, unverarbeitete Schurwolle (Woolmark-G\u00fctezeichen) 44% Kunstfaser.<br \/>\n\u2013 F\u00fcr zu Hause und unterwegs.<br \/>\n\u2013 Europ\u00e4ische Produktion.<br \/>\n\u2013 waschbar im Wollwaschprogramm 30\u00b0C.<\/p>\n<h5>Woolskins-Eigenmarke von Alwero<\/h5>\n<p>Nach Jahren erfolgreicher Zusammenarbeit mit Alwero k\u00f6nnen wir stolz verk\u00fcnden, dass wir Alwero unter unserem eigenen Woolskins-Label f\u00fchren k\u00f6nnen.<\/p>\n<p>Auf diese Weise erhalten Sie immer noch die beste Qualit\u00e4t von Alwero kombiniert mit den sch\u00f6nsten und einzigartigsten Produkten\/Designs von Woolskins.<\/p>\n<p>Was \u00e4ndert sich dann? Nicht so viel! Die Qualit\u00e4t, Stoffe und Farben bleiben gleich, aber es gibt eine gr\u00f6\u00dfere Auswahl an einzigartigen Produkten, von denen Woolskins glaubt, dass sie sich von anderen abheben k\u00f6nnen und eine gute Erg\u00e4nzung zum Babyset darstellen.<\/p>\n<p>Sie erkennen unsere Produkte an unserem Woolskins-Label und das Waschetikett zeigt, dass sie von Alwero hergestellt wurden.<\/p>\n<p>Mit Begeisterung b\u00fcndeln wir unsere Kr\u00e4fte, um ein nachhaltiges, nat\u00fcrliches und h\u00f6chst komfortables Produkt f\u00fcr Ihr Kind zu schaffen.<\/p>\n<h5>Alwero<\/h5>\n<p>Das Familienunternehmen Alwero wurde Ende der 1990er Jahre aus dem Bed\u00fcrfnis heraus gegr\u00fcndet, etwas zu schaffen. Mitten in der Natur, wo die Schafe in den Bergen grasen, findet Alwerode den einzigartigen Rohstoff, um den es geht: Rohwolle.<\/p>\n<p>Durch die Kombination alter Traditionen und technischer Innovation schafft Alwero eine Welt voller Komfort. Wissen, Handwerkskunst und die Liebe zur Wolle haben daf\u00fcr gesorgt, dass Alwero-Produkte weltweit gesch\u00e4tzt werden.<\/p>","protected":false},"excerpt":{"rendered":"<p>Dieser sch\u00f6ne Umstandsmantel aus Wolle ist ideal, wenn Sie schwanger sind oder kurz vor der Geburt stehen. Ob bei der Geburt zu Hause oder im Krankenhaus, mit diesem bequemen Umstandsmantel machen Sie bei Besuch eine gute Figur. Die breiten Paspeln verleihen dem Ganzen ein luxuri\u00f6ses Aussehen. Dieser Umstands-Morgenmantel l\u00e4sst sich gut nach dem Duschen tragen oder wenn Sie einen Tag auf der Couch verbringen m\u00f6chten. Wolle ist atmungsaktiv und \u00e4u\u00dferst weich und bequem.<\/p>\n<p><strong>Marke: Woolskins<\/strong><br \/>\n<strong>Produzent: Woolskins Private Lable wird von Alwero produziert<\/strong><\/p>","protected":false},"featured_media":14400,"comment_status":"open","ping_status":"closed","template":"","meta":{"_acf_changed":false},"product_brand":[],"product_cat":[360,349,364,350,31,194],"product_tag":[],"class_list":{"0":"post-14398","1":"product","2":"type-product","3":"status-publish","4":"has-post-thumbnail","6":"product_cat-cadeautips","7":"product_cat-borstvoedingenvoedingskussens","8":"product_cat-cadeaus-vanaf-e50","9":"product_cat-fashion","10":"product_cat-yogamat-wol","11":"product_cat-wollen-babyproducten","12":"pa_maat-s-m","13":"pa_maat-xxs-xs","15":"first","16":"instock","17":"taxable","18":"shipping-taxable","19":"purchasable","20":"product-type-variable"},"acf":[],"_links":{"self":[{"href":"https:\/\/woolskins.eu\/de\/wp-json\/wp\/v2\/product\/14398","targetHints":{"allow":["GET"]}}],"collection":[{"href":"https:\/\/woolskins.eu\/de\/wp-json\/wp\/v2\/product"}],"about":[{"href":"https:\/\/woolskins.eu\/de\/wp-json\/wp\/v2\/types\/product"}],"replies":[{"embeddable":true,"href":"https:\/\/woolskins.eu\/de\/wp-json\/wp\/v2\/comments?post=14398"}],"wp:featuredmedia":[{"embeddable":true,"href":"https:\/\/woolskins.eu\/de\/wp-json\/wp\/v2\/media\/14400"}],"wp:attachment":[{"href":"https:\/\/woolskins.eu\/de\/wp-json\/wp\/v2\/media?parent=14398"}],"wp:term":[{"taxonomy":"product_brand","embeddable":true,"href":"https:\/\/woolskins.eu\/de\/wp-json\/wp\/v2\/product_brand?post=14398"},{"taxonomy":"product_cat","embeddable":true,"href":"https:\/\/woolskins.eu\/de\/wp-json\/wp\/v2\/product_cat?post=14398"},{"taxonomy":"product_tag","embeddable":true,"href":"https:\/\/woolskins.eu\/de\/wp-json\/wp\/v2\/product_tag?post=14398"}],"curies":[{"name":"wp","href":"https:\/\/api.w.org\/{rel}","templated":true}]}}