{"id":14388,"date":"2023-02-22T08:41:54","date_gmt":"2023-02-22T08:41:54","guid":{"rendered":"https:\/\/woolskins.eu\/?post_type=product&#038;p=14388"},"modified":"2026-03-19T14:42:37","modified_gmt":"2026-03-19T14:42:37","slug":"alwero-baby-winteranzug-lammy-camel","status":"publish","type":"product","link":"https:\/\/woolskins.eu\/de\/alwero-baby-winterpak-lammy-camel\/","title":{"rendered":"Woll-Baby-Winteranzug Thumbled | Kamel"},"content":{"rendered":"<p>Dit product is gemaakt van\u00a0<strong>zuivere scheerwol met Oeko-Tex keurmerk<\/strong>. Dit winterpak wordt gedragen over de kleding, houdt daar rekening mee wat de juiste maat betreft.<\/p>\n<p>\u2013 Gemaakt van\u00a0zuivere scheerwol met Oeko-Tex keurmerk.<br \/>\n\u2013 Integrierte F\u00e4ustlinge und F\u00fc\u00dfe im \u00c4rmel und Bein.<br \/>\n\u2013 Die \u00d6ffnung setzt sich im Rohr fort.<br \/>\n\u2013 waschbar im Wollwaschprogramm 30\u00b0C.<br \/>\n\u2013 Schauen Sie unter \u201eGr\u00f6\u00dfen in Zentimetern\u201c nach, um die richtige Gr\u00f6\u00dfe in cm zu finden.<\/p>\n<p>Unsere \u00d6ko-Woll-Winteranz\u00fcge sind dank der nat\u00fcrlichen Eigenschaften der Wollfasern sehr gut f\u00fcr die Kleinen geeignet. Diese atmen und haben die Eigenschaft, als nat\u00fcrlicher Thermostat zu fungieren, der die K\u00f6rpertemperatur reguliert? Dies hilft Ihrem Baby, eine stabile Temperatur aufrechtzuerhalten und es trocken und komfortabel zu halten.<\/p>\n<h5 class=\"Text1893342656__root Text1893342656---typography-11-runningText Text1893342656---priority-7-primary s8gg2 _2UIKs InfoSectionTitle3095652555__root\" aria-hidden=\"false\" data-hook=\"info-section-title\">Gr\u00f6\u00dfen in Zentimetern<\/h5>\n<div class=\"rah-static rah-static--height-auto\" aria-hidden=\"false\">\n<div>\n<div class=\"_1yvxJ fggS- cell\">\n<div class=\"WncCi\" data-hook=\"info-section-description\">\n<p>Gr\u00f6\u00dfe: 0-6 Monate L\u00e4nge: 60 cm (Schulter bis zum Po) Breite: 30 cm (Achselh\u00f6hle).<br \/>\nGr\u00f6\u00dfe: 6\u201318 Monate, L\u00e4nge: 68 cm (Schulter bis zum Po), Breite: 33 cm (Achselh\u00f6hle).<\/p>\n<\/div>\n<\/div>\n<\/div>\n<\/div>\n<div class=\"rah-static rah-static--height-auto\" aria-hidden=\"false\">\n<div class=\"_1yvxJ fggS- cell\">\n<div class=\"WncCi\" data-hook=\"info-section-description\">\n<h5>Etikett mit Wollfellen<\/h5>\n<p class=\"brz-lh-xs-1_8 brz-fs-xs-17 brz-text-xs-center brz-text-lg-center brz-tp-lg-empty brz-ff-roboto brz-ft-google brz-fs-lg-17 brz-fss-lg-px brz-fw-lg-400 brz-ls-lg-0 brz-lh-lg-1_8 brz-css-xtqtg\" data-generated-css=\"brz-css-djhzh\" data-uniq-id=\"odjfi\">Wir von Woolskins glauben an die Kraft der reinen Natur. Wir entwerfen und fertigen stilvolle, weiche und langlebige Produkte aus 100%-Wolle, speziell f\u00fcr die Kleinsten. Unsere Woolskins-Kollektion wird von uns selbst entworfen und in Europa unter Verwendung der feinsten und hochwertigsten Wolle sorgf\u00e4ltig hergestellt. Wir entscheiden uns bewusst f\u00fcr eine lokale Produktion mit nat\u00fcrlichen und nachhaltigen Materialien. Auf diese Weise garantieren wir nicht nur Qualit\u00e4t und Weichheit, sondern auch ein ehrliches und verantwortungsvolles Produkt. Woolskins umh\u00fcllt Ihr Baby mit der Weichheit der reinen Natur, entwickelt mit Liebe und Sorgfalt. F\u00fcr einen sicheren, nat\u00fcrlichen und komfortablen Start ins Leben.<\/p>\n<\/div>\n<\/div>\n<\/div>","protected":false},"excerpt":{"rendered":"<p data-start=\"99\" data-end=\"426\">Dit wollen winterpak zit heerlijk comfortabel en houdt je kindje aangenaam warm. Het is gemaakt van zuivere scheerwol met Oeko-Tex keurmerk, waardoor het zacht en veilig is voor de gevoelige babyhuid. Het pak zorgt ervoor dat je kindje helemaal klaar is voor frisse momenten buiten, zonder in te leveren op bewegingsvrijheid.<\/p>\n<p data-start=\"428\" data-end=\"832\" data-is-last-node=\"\" data-is-only-node=\"\">De opening loopt extra ver door, zodat je je baby gemakkelijk aan- en uit kunt kleden. Dankzij de praktische omslagjes aan handen en voeten blijven ook deze goed beschermd tegen de kou. Het winterpak is geschikt voor het voorjaar, najaar \u00e9n de winter. Door de natuurlijke, ademende en absorberende eigenschappen van wol blijft de lichaamstemperatuur goed in balans en zal je kindje niet snel gaan zweten.<\/p>\n<p><strong>Marke: Woolskins<\/strong><br \/>\n<strong>Produktion: Polen<br \/>\nKeur: Oeko-Tex Standard<\/strong><\/p>\n<p><img loading=\"lazy\" decoding=\"async\" class=\"alignnone wp-image-28173 entered lazyloaded\" src=\"https:\/\/woolskins.eu\/wp-content\/uploads\/2024\/05\/csm_OEKO-TEX_Logo_2022_rgb_c1aaeb5ceb-300x300.jpg\" alt=\"\" width=\"89\" height=\"89\" data-lazy-src=\"https:\/\/woolskins.eu\/wp-content\/uploads\/2024\/05\/csm_OEKO-TEX_Logo_2022_rgb_c1aaeb5ceb-300x300.jpg\" data-ll-status=\"loaded\" srcset=\"https:\/\/woolskins.eu\/wp-content\/uploads\/2024\/05\/csm_OEKO-TEX_Logo_2022_rgb_c1aaeb5ceb-300x300.jpg 300w, https:\/\/woolskins.eu\/wp-content\/uploads\/2024\/05\/csm_OEKO-TEX_Logo_2022_rgb_c1aaeb5ceb-150x150.jpg 150w, https:\/\/woolskins.eu\/wp-content\/uploads\/2024\/05\/csm_OEKO-TEX_Logo_2022_rgb_c1aaeb5ceb-768x769.jpg 768w, https:\/\/woolskins.eu\/wp-content\/uploads\/2024\/05\/csm_OEKO-TEX_Logo_2022_rgb_c1aaeb5ceb-12x12.jpg 12w, https:\/\/woolskins.eu\/wp-content\/uploads\/2024\/05\/csm_OEKO-TEX_Logo_2022_rgb_c1aaeb5ceb-600x601.jpg 600w, https:\/\/woolskins.eu\/wp-content\/uploads\/2024\/05\/csm_OEKO-TEX_Logo_2022_rgb_c1aaeb5ceb-100x100.jpg 100w, https:\/\/woolskins.eu\/wp-content\/uploads\/2024\/05\/csm_OEKO-TEX_Logo_2022_rgb_c1aaeb5ceb-64x64.jpg 64w, https:\/\/woolskins.eu\/wp-content\/uploads\/2024\/05\/csm_OEKO-TEX_Logo_2022_rgb_c1aaeb5ceb.jpg 885w\" sizes=\"auto, (max-width: 89px) 100vw, 89px\" \/><\/p>","protected":false},"featured_media":22417,"comment_status":"closed","ping_status":"closed","template":"","meta":{"_acf_changed":false},"product_brand":[],"product_cat":[364,200,196,344,463,319,194],"product_tag":[],"class_list":{"0":"post-14388","1":"product","2":"type-product","3":"status-publish","4":"has-post-thumbnail","6":"product_cat-cadeaus-vanaf-e50","7":"product_cat-wollen-babykleding","8":"product_cat-slaapkleding-baby","9":"product_cat-kleertjes","10":"product_cat-winterpak","11":"product_cat-pakjes-en-jasjes","12":"product_cat-wollen-babyproducten","13":"pa_maat-0-6-maanden","14":"pa_maat-6-18-maanden","16":"first","17":"instock","18":"taxable","19":"shipping-taxable","20":"purchasable","21":"product-type-variable"},"acf":[],"_links":{"self":[{"href":"https:\/\/woolskins.eu\/de\/wp-json\/wp\/v2\/product\/14388","targetHints":{"allow":["GET"]}}],"collection":[{"href":"https:\/\/woolskins.eu\/de\/wp-json\/wp\/v2\/product"}],"about":[{"href":"https:\/\/woolskins.eu\/de\/wp-json\/wp\/v2\/types\/product"}],"replies":[{"embeddable":true,"href":"https:\/\/woolskins.eu\/de\/wp-json\/wp\/v2\/comments?post=14388"}],"wp:featuredmedia":[{"embeddable":true,"href":"https:\/\/woolskins.eu\/de\/wp-json\/wp\/v2\/media\/22417"}],"wp:attachment":[{"href":"https:\/\/woolskins.eu\/de\/wp-json\/wp\/v2\/media?parent=14388"}],"wp:term":[{"taxonomy":"product_brand","embeddable":true,"href":"https:\/\/woolskins.eu\/de\/wp-json\/wp\/v2\/product_brand?post=14388"},{"taxonomy":"product_cat","embeddable":true,"href":"https:\/\/woolskins.eu\/de\/wp-json\/wp\/v2\/product_cat?post=14388"},{"taxonomy":"product_tag","embeddable":true,"href":"https:\/\/woolskins.eu\/de\/wp-json\/wp\/v2\/product_tag?post=14388"}],"curies":[{"name":"wp","href":"https:\/\/api.w.org\/{rel}","templated":true}]}}