{"id":14150,"date":"2023-01-25T10:53:36","date_gmt":"2023-01-25T10:53:36","guid":{"rendered":"https:\/\/woolskins.eu\/?post_type=product&#038;p=14150"},"modified":"2023-11-25T12:31:09","modified_gmt":"2023-11-25T12:31:09","slug":"alwero-weste","status":"publish","type":"product","link":"https:\/\/woolskins.eu\/de\/alwero-vest\/","title":{"rendered":"Alwero-Strickjacke"},"content":{"rendered":"<p>Dieser Alwero-Cardigan ist aus Wolle gefertigt. Es f\u00e4llt sanft und sobald Sie es anziehen, sp\u00fcren Sie den Komfort, den Wolle zu bieten hat. Halten Sie sich an den k\u00e4lteren Tagen sch\u00f6n warm mit diesem Woll-Cardigan von Alwero.<\/p>\n<p>\u2013 100% Wollboucl\u00e9<br \/>\n\u2013 Diese Weste sorgt f\u00fcr zus\u00e4tzliche W\u00e4rme an den k\u00e4lteren Tagen.<br \/>\n\u2013 Wolle isoliert gut und ist atmungsaktiv.<\/p>\n<p>Dieses Produkt tr\u00e4gt das Woolmark-G\u00fctezeichen.<\/p>\n<h5>Alwero<\/h5>\n<p>Das Familienunternehmen Alwero wurde Ende der 1990er Jahre aus dem Bed\u00fcrfnis heraus gegr\u00fcndet, etwas zu schaffen. Mitten in der Natur, wo die Schafe in den Bergen grasen, findet Alwerode den einzigartigen Rohstoff, um den es geht: Rohwolle.<\/p>\n<p>Durch die Kombination alter Traditionen und technischer Innovation schafft Alwero eine Welt voller Komfort. Wissen, Handwerkskunst und die Liebe zur Wolle haben daf\u00fcr gesorgt, dass Alwero-Produkte weltweit gesch\u00e4tzt werden.<\/p>","protected":false},"excerpt":{"rendered":"<p>Dieser Alwero-Cardigan ist aus Wolle gefertigt. Es f\u00e4llt sanft und sobald Sie es anziehen, sp\u00fcren Sie den Komfort, den Wolle zu bieten hat. Halten Sie sich an den k\u00e4lteren Tagen sch\u00f6n warm mit diesem Woll-Cardigan von Alwero.<\/p>","protected":false},"featured_media":14155,"comment_status":"open","ping_status":"closed","template":"","meta":{"_acf_changed":false},"product_brand":[],"product_cat":[31,350,459],"product_tag":[],"class_list":{"0":"post-14150","1":"product","2":"type-product","3":"status-publish","4":"has-post-thumbnail","6":"product_cat-yogamat-wol","7":"product_cat-fashion","8":"product_cat-sale","9":"pa_maat-l-xl","10":"pa_maat-s-m","12":"first","13":"outofstock","14":"sale","15":"taxable","16":"shipping-taxable","17":"purchasable","18":"product-type-variable"},"acf":[],"_links":{"self":[{"href":"https:\/\/woolskins.eu\/de\/wp-json\/wp\/v2\/product\/14150","targetHints":{"allow":["GET"]}}],"collection":[{"href":"https:\/\/woolskins.eu\/de\/wp-json\/wp\/v2\/product"}],"about":[{"href":"https:\/\/woolskins.eu\/de\/wp-json\/wp\/v2\/types\/product"}],"replies":[{"embeddable":true,"href":"https:\/\/woolskins.eu\/de\/wp-json\/wp\/v2\/comments?post=14150"}],"wp:featuredmedia":[{"embeddable":true,"href":"https:\/\/woolskins.eu\/de\/wp-json\/wp\/v2\/media\/14155"}],"wp:attachment":[{"href":"https:\/\/woolskins.eu\/de\/wp-json\/wp\/v2\/media?parent=14150"}],"wp:term":[{"taxonomy":"product_brand","embeddable":true,"href":"https:\/\/woolskins.eu\/de\/wp-json\/wp\/v2\/product_brand?post=14150"},{"taxonomy":"product_cat","embeddable":true,"href":"https:\/\/woolskins.eu\/de\/wp-json\/wp\/v2\/product_cat?post=14150"},{"taxonomy":"product_tag","embeddable":true,"href":"https:\/\/woolskins.eu\/de\/wp-json\/wp\/v2\/product_tag?post=14150"}],"curies":[{"name":"wp","href":"https:\/\/api.w.org\/{rel}","templated":true}]}}