{"id":14025,"date":"2023-01-17T10:43:46","date_gmt":"2023-01-17T10:43:46","guid":{"rendered":"https:\/\/woolskins.eu\/?post_type=product&#038;p=14025"},"modified":"2026-03-03T14:15:38","modified_gmt":"2026-03-03T14:15:38","slug":"alwero-stillkissen-neugeborenes-naturlich","status":"publish","type":"product","link":"https:\/\/woolskins.eu\/de\/alwero-voedingskussen-newborn-natural\/","title":{"rendered":"Stillkissen aus Wolle f\u00fcr Neugeborene-S | Nat\u00fcrlich"},"content":{"rendered":"<p>Da das Kissen und die F\u00fcllung aus Wolle bestehen, ist das Kissen atmungsaktiv, ger\u00e4uschlos, leicht und nimmt sofort K\u00f6rpertemperatur an.<\/p>\n<p>\u2013 Der Bezug besteht aus einer Wollmischung 56% reiner, unverarbeiteter Schurwolle (Woolmark-G\u00fctezeichen) 44% Kunstfaser.<br \/>\n\u2013 Glatte, weiche und kompakte Struktur<br \/>\n\u2013 F\u00fcllung aus Wollkn\u00e4ueln (100% \u00f6kologische Wolle).<br \/>\n\u2013 Innenkissen (\u00d6ko-Baumwolle) mit Rei\u00dfverschluss.<br \/>\n\u2013 Lautlose Naturf\u00fcllung!<br \/>\n\u2013 Geringes Gewicht (900 Gramm).<br \/>\n\u2013 Stillkissen, das Ihrem Baby hilft, aufrecht zu sitzen und \u201eBauchzeit\u201c zu haben.<br \/>\n\u2013 Abmessungen 55 x 50 cm (Mittelumfang 60 cm).<br \/>\n\u2013 Bezug und Innenkissen sind im 30\u00b0C Wollwaschgang waschbar.<\/p>\n<p>Dieses Produkt tr\u00e4gt das G\u00fctesiegel \u201eSicher f\u00fcr Kinder\u201c und das Woolmark-G\u00fctesiegel.<\/p>\n<h5>Etikett f\u00fcr Wollh\u00e4ute<\/h5>\n<p>Nach Jahren erfolgreicher Zusammenarbeit mit Alwero k\u00f6nnen wir stolz verk\u00fcnden, dass wir unsere Produkte nun unter unserem eigenen Woolskins-Label f\u00fchren.<\/p>\n<p>Auf diese Weise erhalten Sie immer noch die beste Qualit\u00e4t, kombiniert mit den sch\u00f6nsten und einzigartigsten Produkten und Designs.<\/p>\n<p>Die Qualit\u00e4t der Stoffe und Farben bleibt wie immer, aber es gibt jetzt eine gr\u00f6\u00dfere Auswahl, von der Woolskins glaubt, dass sie sich von anderen abheben kann.<\/p>\n<p>Unsere umfangreiche Kollektion ist so zusammengestellt, dass sie eine gute Erg\u00e4nzung f\u00fcr jedes Babyset darstellt. Sie besteht aus atmungsaktiver europ\u00e4ischer 100%-Wolle und ist f\u00fcr jede Jahreszeit geeignet.<\/p>\n<p>Mit Begeisterung b\u00fcndeln wir unsere Kr\u00e4fte, um ein nachhaltiges, nat\u00fcrliches und h\u00f6chst komfortables Produkt f\u00fcr Ihr Kind zu schaffen<\/p>","protected":false},"excerpt":{"rendered":"<p>Dieses Stillkissen aus Wolle ist \u00e4u\u00dferst bequem und beruhigend f\u00fcr Ihr Kind beim F\u00fcttern, da es fl\u00fcsterleise ist und sich sofort an die K\u00f6rpertemperatur Ihres Kindes anpasst. Es hilft Ihrem Kind auch dabei, aufrecht zu sitzen oder es w\u00e4hrend der \u201eBauchzeit\u201c zu verwenden.<\/p>\n<p>Da das Kissen und die F\u00fcllung aus Wolle bestehen, ist das Kissen atmungsaktiv und hypoallergen. Haben Wollfasern die Eigenschaft, als nat\u00fcrlicher Thermostat zu fungieren, der die K\u00f6rpertemperatur reguliert? Dies sorgt f\u00fcr eine stabile Temperatur und h\u00e4lt Sie und Ihr Baby trocken und komfortabel.<\/p>\n<p>Die einzigartige \u00f6kologische Wollkn\u00e4uelf\u00fcllung st\u00fctzt Ihren K\u00f6rper und den Ihres Kindes gut und da die F\u00fcllung keine Ger\u00e4usche macht (im Gegensatz zum Beispiel zur Kernf\u00fcllung), k\u00f6nnen Sie Ihr Kind ungest\u00f6rt f\u00fcttern und so endlos viel Spa\u00df miteinander haben. Die Wolle wurde mit biologisch abbaubaren Reinigungsmitteln gereinigt und gewaschen und das nat\u00fcrlich vorkommende Lanolin macht die Wolle staubfrei und somit antiallergen.<\/p>\n<p><strong>Marke: Woolskins<\/strong><br \/>\n<strong>Produktion: Polen<\/strong><\/p>","protected":false},"featured_media":14032,"comment_status":"open","ping_status":"closed","template":"","meta":{"_acf_changed":false},"product_brand":[],"product_cat":[360,349,364,210],"product_tag":[],"class_list":{"0":"post-14025","1":"product","2":"type-product","3":"status-publish","4":"has-post-thumbnail","6":"product_cat-cadeautips","7":"product_cat-borstvoedingenvoedingskussens","8":"product_cat-cadeaus-vanaf-e50","9":"product_cat-wollen-voedingskussen","11":"first","12":"instock","13":"taxable","14":"shipping-taxable","15":"purchasable","16":"product-type-variable","17":"has-default-attributes"},"acf":[],"_links":{"self":[{"href":"https:\/\/woolskins.eu\/de\/wp-json\/wp\/v2\/product\/14025","targetHints":{"allow":["GET"]}}],"collection":[{"href":"https:\/\/woolskins.eu\/de\/wp-json\/wp\/v2\/product"}],"about":[{"href":"https:\/\/woolskins.eu\/de\/wp-json\/wp\/v2\/types\/product"}],"replies":[{"embeddable":true,"href":"https:\/\/woolskins.eu\/de\/wp-json\/wp\/v2\/comments?post=14025"}],"wp:featuredmedia":[{"embeddable":true,"href":"https:\/\/woolskins.eu\/de\/wp-json\/wp\/v2\/media\/14032"}],"wp:attachment":[{"href":"https:\/\/woolskins.eu\/de\/wp-json\/wp\/v2\/media?parent=14025"}],"wp:term":[{"taxonomy":"product_brand","embeddable":true,"href":"https:\/\/woolskins.eu\/de\/wp-json\/wp\/v2\/product_brand?post=14025"},{"taxonomy":"product_cat","embeddable":true,"href":"https:\/\/woolskins.eu\/de\/wp-json\/wp\/v2\/product_cat?post=14025"},{"taxonomy":"product_tag","embeddable":true,"href":"https:\/\/woolskins.eu\/de\/wp-json\/wp\/v2\/product_tag?post=14025"}],"curies":[{"name":"wp","href":"https:\/\/api.w.org\/{rel}","templated":true}]}}