{"id":13414,"date":"2022-12-06T15:56:51","date_gmt":"2022-12-06T15:56:51","guid":{"rendered":"https:\/\/woolskins.eu\/?post_type=product&#038;p=13414"},"modified":"2025-11-21T09:49:46","modified_gmt":"2025-11-21T09:49:46","slug":"babyjacke-bomber-essential-beige","status":"publish","type":"product","link":"https:\/\/woolskins.eu\/de\/baby-jasje-bomber-essential-beige\/","title":{"rendered":"Wolle Babyjacke Bomber gefilzt | Hellgrau"},"content":{"rendered":"<p>Dieses Produkt tr\u00e4gt das G\u00fctesiegel \u201eSicher f\u00fcr Kinder\u201c und das Woolmark-G\u00fctesiegel. Diese Weste wird h\u00e4ufig als Oberbekleidung getragen. Beachten Sie dies daher bei der Auswahl der richtigen Gr\u00f6\u00dfe.<\/p>\n<p>\u2013 100%-Schurwolle, Woolmark-G\u00fctesiegel.<br \/>\n\u2013 Sehr warm f\u00fcr zu Hause oder unterwegs.<br \/>\n\u2013 Verschiedene Farben erh\u00e4ltlich.<br \/>\n\u2013 Praktische Druckkn\u00f6pfe, l\u00e4sst sich leicht schlie\u00dfen.<br \/>\n\u2013 Die B\u00fcndchen liegen gut am K\u00f6rper an und halten die K\u00e4lte drau\u00dfen.<\/p>\n<h5>Etikett f\u00fcr Wollh\u00e4ute<\/h5>\n<p>Nach Jahren erfolgreicher Zusammenarbeit mit Alwero k\u00f6nnen wir stolz verk\u00fcnden, dass wir unsere Produkte nun unter unserem eigenen Woolskins-Label f\u00fchren.<\/p>\n<p>Auf diese Weise erhalten Sie immer noch die beste Qualit\u00e4t, kombiniert mit den sch\u00f6nsten und einzigartigsten Produkten und Designs.<\/p>\n<p>Die Qualit\u00e4t der Stoffe und Farben bleibt wie immer, aber es gibt jetzt eine gr\u00f6\u00dfere Auswahl, von der Woolskins glaubt, dass sie sich von anderen abheben kann.<\/p>\n<p>Unsere umfangreiche Kollektion ist so zusammengestellt, dass sie eine gute Erg\u00e4nzung f\u00fcr jedes Babyset darstellt. Sie besteht aus atmungsaktiver europ\u00e4ischer 100%-Wolle und ist f\u00fcr jede Jahreszeit geeignet.<\/p>\n<p>Mit Begeisterung b\u00fcndeln wir unsere Kr\u00e4fte, um ein nachhaltiges, nat\u00fcrliches und h\u00f6chst komfortables Produkt f\u00fcr Ihr Kind zu schaffen.<\/p>","protected":false},"excerpt":{"rendered":"<p>Diese Jacke ist ein echtes \u201eMust Have\u201c f\u00fcr jedes Baby-Outfit. Es ist \u00e4u\u00dferst bequem und besteht aus 100%-Wolle. Es stellt sicher, dass Ihr Kind vollst\u00e4ndig bereit ist, nach drau\u00dfen zu gehen. Der gut sitzende \u00c4rmelabschluss sorgt daf\u00fcr, dass der Wind nicht eindringen kann. Die Jacke hat Druckkn\u00f6pfe und auf der R\u00fcckseite sind die Buchstaben \u201eA True Lovestory Never Ends\u201c aufgestickt. Es ist besser, keinen Text auf der R\u00fcckseite zu bestellen, als einfach ohne zu bestellen. Hergestellt aus gefilzter 100%-Wolle, also wunderbar warm. Diese Jacke ist f\u00fcr Fr\u00fchling, Winter und Herbst geeignet.<\/p>\n<p><strong>Marke: Woolskins<\/strong><br \/>\n<strong>Produktion: Polen<\/strong><\/p>","protected":false},"featured_media":13431,"comment_status":"open","ping_status":"closed","template":"","meta":{"_acf_changed":false},"product_brand":[],"product_cat":[360,364,200,196,337,344,194],"product_tag":[],"class_list":{"0":"post-13414","1":"product","2":"type-product","3":"status-publish","4":"has-post-thumbnail","6":"product_cat-cadeautips","7":"product_cat-cadeaus-vanaf-e50","8":"product_cat-wollen-babykleding","9":"product_cat-slaapkleding-baby","10":"product_cat-vestjes","11":"product_cat-kleertjes","12":"product_cat-wollen-babyproducten","13":"pa_maat-3-6-maanden","14":"pa_maat-6-12-maanden","16":"first","17":"instock","18":"taxable","19":"shipping-taxable","20":"purchasable","21":"product-type-variable","22":"has-default-attributes"},"acf":[],"_links":{"self":[{"href":"https:\/\/woolskins.eu\/de\/wp-json\/wp\/v2\/product\/13414","targetHints":{"allow":["GET"]}}],"collection":[{"href":"https:\/\/woolskins.eu\/de\/wp-json\/wp\/v2\/product"}],"about":[{"href":"https:\/\/woolskins.eu\/de\/wp-json\/wp\/v2\/types\/product"}],"replies":[{"embeddable":true,"href":"https:\/\/woolskins.eu\/de\/wp-json\/wp\/v2\/comments?post=13414"}],"wp:featuredmedia":[{"embeddable":true,"href":"https:\/\/woolskins.eu\/de\/wp-json\/wp\/v2\/media\/13431"}],"wp:attachment":[{"href":"https:\/\/woolskins.eu\/de\/wp-json\/wp\/v2\/media?parent=13414"}],"wp:term":[{"taxonomy":"product_brand","embeddable":true,"href":"https:\/\/woolskins.eu\/de\/wp-json\/wp\/v2\/product_brand?post=13414"},{"taxonomy":"product_cat","embeddable":true,"href":"https:\/\/woolskins.eu\/de\/wp-json\/wp\/v2\/product_cat?post=13414"},{"taxonomy":"product_tag","embeddable":true,"href":"https:\/\/woolskins.eu\/de\/wp-json\/wp\/v2\/product_tag?post=13414"}],"curies":[{"name":"wp","href":"https:\/\/api.w.org\/{rel}","templated":true}]}}