{"id":13265,"date":"2022-11-28T16:22:32","date_gmt":"2022-11-28T16:22:32","guid":{"rendered":"https:\/\/woolskins.eu\/?post_type=product&#038;p=13265"},"modified":"2025-12-04T11:04:22","modified_gmt":"2025-12-04T11:04:22","slug":"alwero-hausschuhe-wesentlich-beige-kopie","status":"publish","type":"product","link":"https:\/\/woolskins.eu\/de\/alwero-slofjes-essential-beige-kopie\/","title":{"rendered":"Woll-Babyhausschuhe gefilzt | Hellgrau"},"content":{"rendered":"<p>Wollhausschuhe von Woolskins sind in verschiedenen Farben und Gr\u00f6\u00dfen erh\u00e4ltlich, sodass Sie immer die beste Passform f\u00fcr Ihr Kind finden. Dieses Produkt tr\u00e4gt das G\u00fctesiegel \u201eSicher f\u00fcr Kinder\u201c und das Woolmark-G\u00fctesiegel.<\/p>\n<p>\u2013 100%-Schurwolle, Woolmark-G\u00fctesiegel.<br \/>\n\u2013 Sehr warm f\u00fcr zu Hause oder unterwegs.<br \/>\n\u2013 praktisches Band zum Binden.<br \/>\n\u2013 Gr\u00f6\u00dfe 0-3 Monate. (8cm) und 3-6 Monate. (9,5 cm).<br \/>\n\u2013 Verschiedene Farben erh\u00e4ltlich.<\/p>\n<h5>Etikett f\u00fcr Wollh\u00e4ute<\/h5>\n<p>Nach Jahren erfolgreicher Zusammenarbeit mit Alwero k\u00f6nnen wir stolz verk\u00fcnden, dass wir unsere Produkte nun unter unserem eigenen Woolskins-Label f\u00fchren.<\/p>\n<p>Auf diese Weise erhalten Sie immer noch die beste Qualit\u00e4t, kombiniert mit den sch\u00f6nsten und einzigartigsten Produkten und Designs.<\/p>\n<p>Die Qualit\u00e4t der Stoffe und Farben bleibt wie immer, aber es gibt jetzt eine gr\u00f6\u00dfere Auswahl, von der Woolskins glaubt, dass sie sich von anderen abheben kann.<\/p>\n<p>Unsere umfangreiche Kollektion ist so zusammengestellt, dass sie eine gute Erg\u00e4nzung f\u00fcr jedes Babyset darstellt. Sie besteht aus atmungsaktiver europ\u00e4ischer 100%-Wolle und ist f\u00fcr jede Jahreszeit geeignet.<\/p>\n<p>Mit Begeisterung b\u00fcndeln wir unsere Kr\u00e4fte, um ein nachhaltiges, nat\u00fcrliches und h\u00f6chst komfortables Produkt f\u00fcr Ihr Kind zu schaffen.<\/p>","protected":false},"excerpt":{"rendered":"<p>Unsere bequemen Babyschuhe sind die perfekte Wahl, um die kleinsten F\u00fc\u00dfe wunderbar warm zu halten. Sie verf\u00fcgen \u00fcber alle guten Eigenschaften der \u00f6kologischen Wolle 100% und messen beim Anziehen sofort die K\u00f6rpertemperatur des Kindes. Babyschuhe aus Wolle sind auch ein super lustiges und praktisches Geschenk f\u00fcr jeden Anlass. Diese Hausschuhe k\u00f6nnen mit unserer gesamten \u201eFelted\u201c-Serie kombiniert werden. Ihr Kind wird diese Wollpantoffeln lieben.<\/p>\n<p><strong>Marke: Woolskins<\/strong><br \/>\n<strong>Produkt: Polen<\/strong><\/p>","protected":false},"featured_media":13270,"comment_status":"closed","ping_status":"closed","template":"","meta":{"_acf_changed":false},"product_brand":[],"product_cat":[345,361,360,362,200,323,194],"product_tag":[],"class_list":{"0":"post-13265","1":"product","2":"type-product","3":"status-publish","4":"has-post-thumbnail","6":"product_cat-accessoires","7":"product_cat-babyshower","8":"product_cat-cadeautips","9":"product_cat-cadeaus-tot-e-25","10":"product_cat-wollen-babykleding","11":"product_cat-slofjes","12":"product_cat-wollen-babyproducten","13":"pa_maat-0-6-maanden-9cm","14":"pa_maat-6-12-maanden11cm","16":"first","17":"instock","18":"taxable","19":"shipping-taxable","20":"purchasable","21":"product-type-variable"},"acf":[],"_links":{"self":[{"href":"https:\/\/woolskins.eu\/de\/wp-json\/wp\/v2\/product\/13265","targetHints":{"allow":["GET"]}}],"collection":[{"href":"https:\/\/woolskins.eu\/de\/wp-json\/wp\/v2\/product"}],"about":[{"href":"https:\/\/woolskins.eu\/de\/wp-json\/wp\/v2\/types\/product"}],"replies":[{"embeddable":true,"href":"https:\/\/woolskins.eu\/de\/wp-json\/wp\/v2\/comments?post=13265"}],"wp:featuredmedia":[{"embeddable":true,"href":"https:\/\/woolskins.eu\/de\/wp-json\/wp\/v2\/media\/13270"}],"wp:attachment":[{"href":"https:\/\/woolskins.eu\/de\/wp-json\/wp\/v2\/media?parent=13265"}],"wp:term":[{"taxonomy":"product_brand","embeddable":true,"href":"https:\/\/woolskins.eu\/de\/wp-json\/wp\/v2\/product_brand?post=13265"},{"taxonomy":"product_cat","embeddable":true,"href":"https:\/\/woolskins.eu\/de\/wp-json\/wp\/v2\/product_cat?post=13265"},{"taxonomy":"product_tag","embeddable":true,"href":"https:\/\/woolskins.eu\/de\/wp-json\/wp\/v2\/product_tag?post=13265"}],"curies":[{"name":"wp","href":"https:\/\/api.w.org\/{rel}","templated":true}]}}