{"id":12858,"date":"2022-11-08T11:18:43","date_gmt":"2022-11-08T11:18:43","guid":{"rendered":"https:\/\/woolskins.eu\/?post_type=product&#038;p=12858"},"modified":"2025-11-25T11:34:40","modified_gmt":"2025-11-25T11:34:40","slug":"alwero-handwarmer-faustlinge-ecru","status":"publish","type":"product","link":"https:\/\/woolskins.eu\/de\/alwero-handwarmers-wanten-ecru\/","title":{"rendered":"Damen-F\u00e4ustlinge aus Wolle \u2013 Thumbled | naturfarben"},"content":{"rendered":"<p>\u2013 100%-Schurwolle, Woolmark-G\u00fctesiegel.<br \/>\n\u2013 Mit praktischer Umstellung auf fingerlose F\u00e4ustlinge.<br \/>\n\u2013 Verschiedene Farben erh\u00e4ltlich.<\/p>\n<p>Gr\u00f6\u00dfen in Zentimetern:<\/p>\n<p>Gr\u00f6\u00dfe S: 10 cm Breite am Handgelenk x 24 cm L\u00e4nge<br \/>\nGr\u00f6\u00dfe M: 11 cm Breite am Handgelenk x 25 cm L\u00e4nge<br \/>\nGr\u00f6\u00dfe L: 12 cm Breite am Handgelenk x 26 cm L\u00e4nge<\/p>\n<h5>Etikett f\u00fcr Wollh\u00e4ute<\/h5>\n<p>Nach Jahren erfolgreicher Zusammenarbeit mit Alwero k\u00f6nnen wir stolz verk\u00fcnden, dass wir unsere Produkte nun unter unserem eigenen Woolskins-Label f\u00fchren.<\/p>\n<p>Auf diese Weise erhalten Sie immer noch die beste Qualit\u00e4t, kombiniert mit den sch\u00f6nsten und einzigartigsten Produkten und Designs.<\/p>\n<p>Die Qualit\u00e4t der Stoffe und Farben bleibt wie immer, aber es gibt jetzt eine gr\u00f6\u00dfere Auswahl, von der Woolskins glaubt, dass sie sich von anderen abheben kann.<\/p>\n<p>Unsere umfangreiche Kollektion ist so zusammengestellt, dass sie eine gute Erg\u00e4nzung f\u00fcr jedes Babyset darstellt. Sie besteht aus atmungsaktiver europ\u00e4ischer 100%-Wolle und ist f\u00fcr jede Jahreszeit geeignet.<\/p>\n<p>Mit Begeisterung b\u00fcndeln wir unsere Kr\u00e4fte, um ein nachhaltiges, nat\u00fcrliches und h\u00f6chst komfortables Produkt f\u00fcr Ihr Kind zu schaffen.<\/p>","protected":false},"excerpt":{"rendered":"<p>Wenn Sie auf der Suche nach einem Paar Wollf\u00e4ustlinge sind, um sich selbst oder einem geliebten Menschen eine Freude zu machen, k\u00f6nnen wir Ihnen diese F\u00e4ustlinge von Woolskins w\u00e4rmstens empfehlen. Dank der praktischen \u00d6ffnungen haben Sie im Handumdrehen fingerlose F\u00e4ustlinge, mit denen Sie Ihr Baby problemlos in den Kinderwagen hinein- und herausholen oder ihm beispielsweise eine Flasche geben k\u00f6nnen. Unsere Wollf\u00e4ustlinge sind eine gro\u00dfartige M\u00f6glichkeit, Ihre H\u00e4nde in den kalten Wintermonaten warm und bequem zu halten. Sie sind weich und atmungsaktiv und daher auch f\u00fcr Menschen mit empfindlicher Haut geeignet. Unsere Wollf\u00e4ustlinge sind in verschiedenen Farben und Gr\u00f6\u00dfen erh\u00e4ltlich.<\/p>\n<p><strong>Marke: Woolskins<\/strong><br \/>\n<strong>Produktion: Polen<\/strong><\/p>","protected":false},"featured_media":12860,"comment_status":"open","ping_status":"closed","template":"","meta":{"_acf_changed":false},"product_brand":[],"product_cat":[360,351,362,350,31,194],"product_tag":[],"class_list":{"0":"post-12858","1":"product","2":"type-product","3":"status-publish","4":"has-post-thumbnail","6":"product_cat-cadeautips","7":"product_cat-accessoiresvoormama","8":"product_cat-cadeaus-tot-e-25","9":"product_cat-fashion","10":"product_cat-yogamat-wol","11":"product_cat-wollen-babyproducten","12":"pa_maat-l","13":"pa_maat-m","14":"pa_maat-s","16":"first","17":"outofstock","18":"taxable","19":"shipping-taxable","20":"purchasable","21":"product-type-variable"},"acf":[],"_links":{"self":[{"href":"https:\/\/woolskins.eu\/de\/wp-json\/wp\/v2\/product\/12858","targetHints":{"allow":["GET"]}}],"collection":[{"href":"https:\/\/woolskins.eu\/de\/wp-json\/wp\/v2\/product"}],"about":[{"href":"https:\/\/woolskins.eu\/de\/wp-json\/wp\/v2\/types\/product"}],"replies":[{"embeddable":true,"href":"https:\/\/woolskins.eu\/de\/wp-json\/wp\/v2\/comments?post=12858"}],"wp:featuredmedia":[{"embeddable":true,"href":"https:\/\/woolskins.eu\/de\/wp-json\/wp\/v2\/media\/12860"}],"wp:attachment":[{"href":"https:\/\/woolskins.eu\/de\/wp-json\/wp\/v2\/media?parent=12858"}],"wp:term":[{"taxonomy":"product_brand","embeddable":true,"href":"https:\/\/woolskins.eu\/de\/wp-json\/wp\/v2\/product_brand?post=12858"},{"taxonomy":"product_cat","embeddable":true,"href":"https:\/\/woolskins.eu\/de\/wp-json\/wp\/v2\/product_cat?post=12858"},{"taxonomy":"product_tag","embeddable":true,"href":"https:\/\/woolskins.eu\/de\/wp-json\/wp\/v2\/product_tag?post=12858"}],"curies":[{"name":"wp","href":"https:\/\/api.w.org\/{rel}","templated":true}]}}