{"id":12021,"date":"2022-09-15T12:35:04","date_gmt":"2022-09-15T12:35:04","guid":{"rendered":"https:\/\/woolskins.eu\/?post_type=product&#038;p=12021"},"modified":"2026-03-03T13:14:01","modified_gmt":"2026-03-03T13:14:01","slug":"alwero-wickelauflage-grau","status":"publish","type":"product","link":"https:\/\/woolskins.eu\/de\/alwero-verschoningsmat-grijs\/","title":{"rendered":"Wickelauflage aus Wolle f\u00fcr Babys \u2013 gefilzt | Hellgrau"},"content":{"rendered":"<p>Woolskins Wickelauflage, durchdacht und sehr praktisch f\u00fcr unterwegs oder zu Hause, wenn Sie Ihr Baby wickeln m\u00f6chten. Unsere Wickelauflage besteht aus 100%-Wolle und verf\u00fcgt \u00fcber eine wasserdichte Moltoneinlage f\u00fcr kleinere Unf\u00e4lle. Das bedeutet, dass Sie nicht jedes Mal Ihre gesamte Wickelauflage waschen m\u00fcssen. Die Wickelunterlage l\u00e4sst sich leicht zusammenfalten und verf\u00fcgt \u00fcber zwei Seitentaschen, in denen Sie Windeln und Wickelt\u00fccher verstauen k\u00f6nnen. Die Wickelauflage kann auch zu Hause auf der Wickelunterlage verwendet werden.<\/p>\n<p>Die Kordel h\u00e4lt die Matte im gefalteten Zustand nicht nur zusammen, sondern dient Ihrem Kind auch als kleine Ablenkung mit Perlen, damit Sie sie in aller Ruhe wechseln k\u00f6nnen.<\/p>\n<p>Ma\u00dfe: 50 x 70 cm, gefaltet 24 x 22 cm.<\/p>\n<p>Eine Wickelauflage aus Wolle ist:<\/p>\n<p>\u2013 100% Schurwolle gefilzt mit Woolmark-G\u00fctesiegel.<br \/>\n\u2013 Glatte, weiche und kompakte Struktur<br \/>\n\u2013 Gute thermische Eigenschaften<br \/>\n\u2013 F\u00fcr zu Hause und unterwegs.<br \/>\n\u2013 Wasserabweisend, bequem und hygienisch<br \/>\n\u2013 Europ\u00e4ische Produktion.<br \/>\n\u2013 waschbar im Wollwaschprogramm 30\u00b0C.<\/p>\n<p>Dieses Produkt tr\u00e4gt das G\u00fctesiegel \u201eSicher f\u00fcr Kinder\u201c und das Woolmark-G\u00fctesiegel.<\/p>","protected":false},"excerpt":{"rendered":"<p>Diese Wickelauflage aus Wolle ist ein weiches und warmes Produkt, das sich ideal zum Wickeln Ihres Babys eignet. Diese Wickelauflage ist gut durchdacht und sehr n\u00fctzlich f\u00fcr unterwegs oder zu Hause, wenn Sie Ihr Baby wickeln m\u00f6chten. Unsere Wickelauflage besteht aus 100%-Wolle und verf\u00fcgt \u00fcber eine wasserdichte Moltoneinlage f\u00fcr kleinere Unf\u00e4lle, sodass Sie nicht jedes Mal Ihre gesamte Wickelauflage waschen m\u00fcssen. Die Wickelunterlage l\u00e4sst sich leicht zusammenfalten und verf\u00fcgt \u00fcber zwei Seitentaschen, in denen Sie Windeln und Wickelt\u00fccher verstauen k\u00f6nnen. Die Wickelauflage kann auch zu Hause auf der Wickelunterlage verwendet werden. Es ist ein Muss f\u00fcr alle Eltern, die ihr Baby bequem und hygienisch betreuen m\u00f6chten.<\/p>\n<p><strong>Marke: Woolskins<\/strong><br \/>\n<strong>Produktion: Polen<\/strong><\/p>","protected":false},"featured_media":12011,"comment_status":"open","ping_status":"closed","template":"","meta":{"_acf_changed":false},"product_brand":[],"product_cat":[360,363,196,318,194],"product_tag":[],"class_list":{"0":"post-12021","1":"product","2":"type-product","3":"status-publish","4":"has-post-thumbnail","6":"product_cat-cadeautips","7":"product_cat-cadeaus-e25-e50","8":"product_cat-slaapkleding-baby","9":"product_cat-wollen-wiegdeken-ledikantdeken","10":"product_cat-wollen-babyproducten","12":"first","13":"instock","14":"taxable","15":"shipping-taxable","16":"purchasable","17":"product-type-simple"},"acf":[],"_links":{"self":[{"href":"https:\/\/woolskins.eu\/de\/wp-json\/wp\/v2\/product\/12021","targetHints":{"allow":["GET"]}}],"collection":[{"href":"https:\/\/woolskins.eu\/de\/wp-json\/wp\/v2\/product"}],"about":[{"href":"https:\/\/woolskins.eu\/de\/wp-json\/wp\/v2\/types\/product"}],"replies":[{"embeddable":true,"href":"https:\/\/woolskins.eu\/de\/wp-json\/wp\/v2\/comments?post=12021"}],"wp:featuredmedia":[{"embeddable":true,"href":"https:\/\/woolskins.eu\/de\/wp-json\/wp\/v2\/media\/12011"}],"wp:attachment":[{"href":"https:\/\/woolskins.eu\/de\/wp-json\/wp\/v2\/media?parent=12021"}],"wp:term":[{"taxonomy":"product_brand","embeddable":true,"href":"https:\/\/woolskins.eu\/de\/wp-json\/wp\/v2\/product_brand?post=12021"},{"taxonomy":"product_cat","embeddable":true,"href":"https:\/\/woolskins.eu\/de\/wp-json\/wp\/v2\/product_cat?post=12021"},{"taxonomy":"product_tag","embeddable":true,"href":"https:\/\/woolskins.eu\/de\/wp-json\/wp\/v2\/product_tag?post=12021"}],"curies":[{"name":"wp","href":"https:\/\/api.w.org\/{rel}","templated":true}]}}