{"id":11523,"date":"2022-06-30T12:34:49","date_gmt":"2022-06-30T12:34:49","guid":{"rendered":"https:\/\/woolskins.eu\/?post_type=product&#038;p=11523"},"modified":"2025-12-12T15:02:39","modified_gmt":"2025-12-12T15:02:39","slug":"ein-baby-marke-korper-nackt","status":"publish","type":"product","link":"https:\/\/woolskins.eu\/de\/a-baby-brand-body-nude\/","title":{"rendered":"Eine Basic-Marke \u2013 Baby-Strampler | Nackt"},"content":{"rendered":"<h6>Eine Babymarke<\/h6>\n<p>Strampler aus superleichter Bio-Baumwolle. Die d\u00fcnnste und weichste Qualit\u00e4t, die Sie sich vorstellen k\u00f6nnen. Durch die weichen elastischen \u00d6ffnungen sitzt der Anzug gut an den Oberschenkeln.<\/p>\n<p>100% GOTS-zertifizierte Bio-Baumwolle.<\/p>\n<p>Gr\u00f6\u00dfen:<\/p>\n<p>L\u00e4nge cm \/ \u00c4rmell\u00e4nge cm \/ Breite cm<\/p>\n<p>0m \u2013 32.9.21<br \/>\n3m \u2013 35 \/ 9 \/ 22<br \/>\n6m \u2013 38 \/ 10 \/ 25<br \/>\n1 Jahr \u2013 42 \/ 10 \/ 27<\/p>\n<h5>Eine Babymarke<\/h5>\n<p>Entdecken Sie eine wirklich minimalistische Garderobe voller praktischer Essentials. Kombinieren Sie unsere Unisex-Modelle und -Farben. Kein Logo, kein Aufdruck, kein Schnickschnack.<\/p>\n<p>Unsere Mission ist es, Ihr Leben einfacher zu machen. Eine der Hauptideen unserer Philosophie ist daher PRAXIS. Uns liegt auch unser Planet sehr am Herzen und wir w\u00fcnschen uns, dass jeder ein minimalistischeres Leben f\u00fchrt und daher weniger Kleidung verwendet (#VERBRAUCH).<\/p>\n<p>Deshalb ist die Qualit\u00e4t unserer Produkte h\u00f6chstm\u00f6glich. Sie k\u00f6nnen sie jahrelang verwenden und weitergeben, wenn Sie fertig sind. Wir verwenden hochwertige Stoffe mit dem GOTS-Zertifikat f\u00fcr Bio-Baumwolle und dem STANDARD 100 von OEKO-TEX\u00ae. Alle unsere Produkte k\u00f6nnen beliebig oft in der Maschine gewaschen und im Trockner getrocknet werden. Sie werden feststellen, dass unser Baumwollvlies nicht einmal geb\u00fcgelt werden muss, um gut auszusehen.<\/p>","protected":false},"excerpt":{"rendered":"<h6>Eine Babymarke<\/h6>\n<p>Strampler aus superleichter Bio-Baumwolle. Die d\u00fcnnste und weichste Qualit\u00e4t, die Sie sich vorstellen k\u00f6nnen. Durch die weichen elastischen \u00d6ffnungen sitzt der Anzug gut an den Oberschenkeln.<\/p>","protected":false},"featured_media":11502,"comment_status":"closed","ping_status":"closed","template":"","meta":{"_acf_changed":false},"product_brand":[],"product_cat":[335,361,360,363,529,533],"product_tag":[],"class_list":{"0":"post-11523","1":"product","2":"type-product","3":"status-publish","4":"has-post-thumbnail","6":"product_cat-a_baby_brand","7":"product_cat-babyshower","8":"product_cat-cadeautips","9":"product_cat-cadeaus-e25-e50","10":"product_cat-katoenen-babykleertjes","11":"product_cat-katoenen-babyrompertjes","12":"pa_maat-0-maanden","13":"pa_maat-1-jaar","14":"pa_maat-3-maanden","15":"pa_maat-6-maanden","17":"first","18":"instock","19":"taxable","20":"shipping-taxable","21":"purchasable","22":"product-type-variable"},"acf":[],"_links":{"self":[{"href":"https:\/\/woolskins.eu\/de\/wp-json\/wp\/v2\/product\/11523","targetHints":{"allow":["GET"]}}],"collection":[{"href":"https:\/\/woolskins.eu\/de\/wp-json\/wp\/v2\/product"}],"about":[{"href":"https:\/\/woolskins.eu\/de\/wp-json\/wp\/v2\/types\/product"}],"replies":[{"embeddable":true,"href":"https:\/\/woolskins.eu\/de\/wp-json\/wp\/v2\/comments?post=11523"}],"wp:featuredmedia":[{"embeddable":true,"href":"https:\/\/woolskins.eu\/de\/wp-json\/wp\/v2\/media\/11502"}],"wp:attachment":[{"href":"https:\/\/woolskins.eu\/de\/wp-json\/wp\/v2\/media?parent=11523"}],"wp:term":[{"taxonomy":"product_brand","embeddable":true,"href":"https:\/\/woolskins.eu\/de\/wp-json\/wp\/v2\/product_brand?post=11523"},{"taxonomy":"product_cat","embeddable":true,"href":"https:\/\/woolskins.eu\/de\/wp-json\/wp\/v2\/product_cat?post=11523"},{"taxonomy":"product_tag","embeddable":true,"href":"https:\/\/woolskins.eu\/de\/wp-json\/wp\/v2\/product_tag?post=11523"}],"curies":[{"name":"wp","href":"https:\/\/api.w.org\/{rel}","templated":true}]}}